{"id":2959,"date":"2024-03-17T13:06:25","date_gmt":"2024-03-17T12:06:25","guid":{"rendered":"https:\/\/www.audioterapia.net\/sub\/?page_id=2959"},"modified":"2026-03-09T13:01:02","modified_gmt":"2026-03-09T12:01:02","slug":"servizi","status":"publish","type":"page","link":"https:\/\/www.audioterapia.net\/sublimen\/servizi\/","title":{"rendered":"SERVIZI e Canali social media"},"content":{"rendered":"<p style=\"text-align: center;\"><span class=\"rvts168\"><img loading=\"lazy\" decoding=\"async\" class=\"aligncenter\" title=\"Sezione dedicata ai vari Servizi di Communities, Social Networking, Mailing List, Group List, Micro Blogging, Video Channel, Podcast e affini...\" src=\"\/sublimen\/wp-content\/uploads\/social_media_service_1.jpg\" alt=\"Sezione dedicata ai vari Servizi di Communities, Social Networking, Mailing List, Group List, Micro Blogging, Video Channel, Podcast e affini...\" width=\"860\" height=\"315\" \/><\/span><\/p>\n<p>&nbsp;<\/p>\n<h5 style=\"text-align: center;\"><span class=\"rvts168\">Sezione dedicata alla collaborazione e alla condivisione con i vari Servizi di Communities, Social Networking, Mailing List, Group List, Micro Blogging, Video Channel, Podcast e simili&#8230;<\/span><\/h5>\n<p>&nbsp;<\/p>\n<pre style=\"text-align: center;\"><span style=\"font-size: 12px; color: #800000;\">\r\n\"Collaborazione \u00e8 superiore a competizione\".\r\nMarco Stefanelli\r\n\r\n\"La legge della biologia richiede cooperazione. La legge dell'economia richiede competizione. Quindi, una societ\u00e0 competitiva \u00e8 intrinsecamente patologica. La competizione \u00e8 l\u2019esatto contrario della risonanza: come faccio a risuonare con qualcuno se debbo competere con lui, perch\u00e9 o vinco io o vince lui?\r\nFinch\u00e9 esiste un regime fondato sulla competizione tra gli esseri umani il problema della felicit\u00e0 non potr\u00e0 mai essere risolto\".\r\nProf. Emilio Del Giudice\r\n\r\n<\/span><\/pre>\n<div>\n<div id=\"table_2\">\n<div>\n<div>\u00a0<\/div>\n<\/div>\n<div class=\"rvps1\"><span class=\"rvts64\">Per la <\/span><span class=\"rvts64\"><b>condivisione<\/b><\/span><span class=\"rvts64\">\u00a0dei contenuti (share) con i pi\u00f9 importanti social network e i vari servizi web potete utilizzare i pulsanti relativi in fondo ad ogni pagina del sito.<\/span><\/div>\n<div class=\"rvps3\" style=\"text-align: center;\">\u00a0<\/div>\n<h5 class=\"rvps1\" style=\"text-align: center;\"><strong><a class=\"css_button bpr_0\" href=\"http:\/\/login.sublimen.com\/\" target=\"_blank\" rel=\"noopener\">Area Riservata SubLimen\u00a0<\/a><\/strong><\/h5>\n<\/div>\n<\/div>\n<p>&nbsp;<\/p>\n<div>\n<div id=\"table_2\">\n<h5 class=\"rvps1\" style=\"text-align: center;\"><strong><a class=\"css_button bpr_0\" href=\"https:\/\/www.amadeux.net\/sublimen\/lab\/index.html\" target=\"_blank\" rel=\"noopener\">LAB (Sub Laboratorio)\u00a0<\/a><\/strong><\/h5>\n<\/div>\n<\/div>\n<p>&nbsp;<\/p>\n<div>\n<div id=\"table_2\">\n<h5 class=\"rvps1\" style=\"text-align: center;\"><a class=\"css_button bpr_0\" href=\"https:\/\/www.amadeux.it\/portal\/podcast.html\" target=\"_blank\" rel=\"noopener\"><strong>Podcast e Brani Gratuiti\u00a0<\/strong><\/a><\/h5>\n<\/div>\n<\/div>\n<p>&nbsp;<\/p>\n<div>\n<div id=\"table_4\">\n<div class=\"rvps0\" style=\"text-align: center;\"><a class=\"hhint rvts4\" title=\"::vai al forum by sublimen &amp; amadeux...\" href=\"https:\/\/www.amadeux.it\/forum\/\" target=\"_blank\" rel=\"noopener\"><b>Forum Amadeux &amp; SubLimen<\/b><\/a><\/div>\n<div>\u00a0<\/div>\n<div>\u00a0<\/div>\n<div class=\"rvps0\" style=\"text-align: center;\"><a class=\"rvts4\" href=\"https:\/\/www.amadeux.net\/sublimen\/servizi\/newsletter.html\" target=\"_blank\" rel=\"noopener\"><b>Newsletter SubLimen<\/b><\/a><\/div>\n<div>\u00a0<\/div>\n<div class=\"rvps0\" style=\"text-align: center;\"><a class=\"rvts4\" href=\"https:\/\/www.amadeux.net\/sublimen\/servizi\/mailing_list.html\" target=\"_top\" rel=\"noopener\"><b>Mailing <\/b><\/a><a class=\"rvts4\" href=\"https:\/\/www.amadeux.net\/sublimen\/servizi\/mailing_list.html\" target=\"_top\" rel=\"noopener\"><b>List Sublimen<\/b><\/a><\/div>\n<div>\u00a0<\/div>\n<div class=\"rvps0\" style=\"text-align: center;\"><a class=\"rvts4\" href=\"https:\/\/www.amadeux.it\/podcast\/index.asp?q=f&amp;f=%2FSublimen%5Fdemo\" target=\"_blank\" rel=\"noopener\"><b>Podcast by Sublimen &amp; Amadeux<\/b><\/a><\/div>\n<div>\u00a0<\/div>\n<div class=\"rvps0\" style=\"text-align: center;\"><a class=\"rvts4\" href=\"https:\/\/soundcloud.com\/amadeux\" target=\"_blank\" rel=\"noopener\"><b>SoundCloud by Amadeux<\/b><\/a><\/div>\n<div>\u00a0<\/div>\n<div class=\"rvps0\" style=\"text-align: center;\"><a class=\"rvts4\" href=\"https:\/\/www.altreviste.com\/gate\/blog\/\" target=\"_blank\" rel=\"noopener\"><b>Blog by Sublimen &amp; Amadeux<\/b><\/a><\/div>\n<div>\u00a0<\/div>\n<div class=\"rvps0\" style=\"text-align: center;\"><a class=\"rvts4\" href=\"https:\/\/www.facebook.com\/sublimen\" target=\"_blank\" rel=\"noopener\"><b>Facebook page SubLimen<\/b><\/a><\/div>\n<div>\u00a0<\/div>\n<div class=\"rvps0\" style=\"text-align: center;\"><a class=\"rvts4\" href=\"https:\/\/www.facebook.com\/marcostefanelli\" target=\"_blank\" rel=\"noopener\"><b>Facebook by Marco Stefanelli<\/b><\/a><\/div>\n<div>\u00a0<\/div>\n<div class=\"rvps0\" style=\"text-align: center;\"><a class=\"rvts4\" href=\"https:\/\/ask.fm\/sublimen\" target=\"_blank\" rel=\"noopener\"><b>ASK.fm by SubLimen<\/b><\/a><\/div>\n<div>\u00a0<\/div>\n<div class=\"rvps0\" style=\"text-align: center;\"><a class=\"rvts4\" href=\"https:\/\/twitter.com\/isvaradas\" target=\"_blank\" rel=\"noopener\"><b>Twitter by Isvaradas<\/b><\/a><\/div>\n<div>\u00a0<\/div>\n<div class=\"rvps0\" style=\"text-align: center;\"><a class=\"rvts4\" href=\"http:\/\/video.sublimen.com\/\" target=\"_blank\" rel=\"noopener\"><b>Video archivio by Youtube<\/b><\/a><\/div>\n<div>\u00a0<\/div>\n<div><div id=\"ccchildpages-1\" class=\"ccchildpages ccflex  simple ccclearfix\"><ul class=\"ccchildpages_list ccclearfix\"><li class=\"page_item page-item-3213\"><a href=\"https:\/\/www.audioterapia.net\/sublimen\/servizi\/mailing-list\/\">Mailing List by SubLimen<\/a><\/li>\n<li class=\"page_item page-item-3193\"><a href=\"https:\/\/www.audioterapia.net\/sublimen\/servizi\/newsletter\/\">NewsLetter by SubLimen<\/a><\/li><\/ul><\/div><\/div>\n<\/div>\n<\/div>\n<p>&nbsp;<\/p>\n","protected":false},"excerpt":{"rendered":"<p>&nbsp; Sezione dedicata alla collaborazione e alla condivisione con i vari Servizi di Communities, Social Networking, Mailing List, Group List, Micro Blogging, Video Channel, Podcast e simili&#8230; &nbsp; &#8220;Collaborazione \u00e8 superiore a competizione&#8221;. Marco Stefanelli &#8220;La &hellip; <a class=\"kt-excerpt-readmore\" href=\"https:\/\/www.audioterapia.net\/sublimen\/servizi\/\" aria-label=\"SERVIZI e Canali social media\">Continua a leggere<\/a><\/p>\n","protected":false},"author":1,"featured_media":0,"parent":0,"menu_order":0,"comment_status":"closed","ping_status":"closed","template":"","meta":{"_lmt_disableupdate":"","_lmt_disable":"","footnotes":""},"categories":[119],"tags":[],"class_list":["post-2959","page","type-page","status-publish","hentry","category-servizi"],"_links":{"self":[{"href":"https:\/\/www.audioterapia.net\/sublimen\/wp-json\/wp\/v2\/pages\/2959","targetHints":{"allow":["GET"]}}],"collection":[{"href":"https:\/\/www.audioterapia.net\/sublimen\/wp-json\/wp\/v2\/pages"}],"about":[{"href":"https:\/\/www.audioterapia.net\/sublimen\/wp-json\/wp\/v2\/types\/page"}],"author":[{"embeddable":true,"href":"https:\/\/www.audioterapia.net\/sublimen\/wp-json\/wp\/v2\/users\/1"}],"replies":[{"embeddable":true,"href":"https:\/\/www.audioterapia.net\/sublimen\/wp-json\/wp\/v2\/comments?post=2959"}],"version-history":[{"count":9,"href":"https:\/\/www.audioterapia.net\/sublimen\/wp-json\/wp\/v2\/pages\/2959\/revisions"}],"predecessor-version":[{"id":5257,"href":"https:\/\/www.audioterapia.net\/sublimen\/wp-json\/wp\/v2\/pages\/2959\/revisions\/5257"}],"wp:attachment":[{"href":"https:\/\/www.audioterapia.net\/sublimen\/wp-json\/wp\/v2\/media?parent=2959"}],"wp:term":[{"taxonomy":"category","embeddable":true,"href":"https:\/\/www.audioterapia.net\/sublimen\/wp-json\/wp\/v2\/categories?post=2959"},{"taxonomy":"post_tag","embeddable":true,"href":"https:\/\/www.audioterapia.net\/sublimen\/wp-json\/wp\/v2\/tags?post=2959"}],"curies":[{"name":"wp","href":"https:\/\/api.w.org\/{rel}","templated":true}]}}