{"id":3772,"date":"2024-04-11T13:34:56","date_gmt":"2024-04-11T11:34:56","guid":{"rendered":"https:\/\/www.audioterapia.net\/sublimen\/?page_id=3772"},"modified":"2024-06-27T12:36:36","modified_gmt":"2024-06-27T10:36:36","slug":"musica-armonia-stress-e-benessere","status":"publish","type":"page","link":"https:\/\/www.audioterapia.net\/sublimen\/dossier\/musica-armonia-stress-e-benessere\/","title":{"rendered":"Musica, Armonia, Stress e Benessere"},"content":{"rendered":"<div class=\"rvps1\">\n<p style=\"text-align: center;\"><img loading=\"lazy\" decoding=\"async\" class=\"aligncenter\" title=\"Musica, Armonia, Stress e Benessere\" src=\"\/sublimen\/wp-content\/uploads\/happy_girl_lying_on_blanket_listening_to_music_in_the_park_on_a_sunny_day.jpg\" alt=\"Musica, Armonia, Stress e Benessere\" width=\"850\" height=\"392\" \/><\/p>\n<p>&nbsp;<\/p>\n<h2 style=\"text-align: center;\">Musica, Armonia, Stress e Benessere<\/h2>\n<\/div>\n<div>\n<div id=\"table_2\">\n<div class=\"rvps1\">\u00a0<\/div>\n<div class=\"rvps0\">Da una ricerca fatta su un gruppo di bambini tra i 4 e i 6 mesi a due diversi tipi di ascolto musicale, risultava che pi\u00f9 l&#8217;armonia musicale era perfetta (HRM), maggiore era la calma e la tranquillit\u00e0, la serenit\u00e0 e l&#8217;attenzione. Le esecuzioni dissonanti erano invece accompagnate da nervosismo, irritazione e pianto. E&#8217; l&#8217;ennesima prova che fin dalla nascita\u00a0<b>il cervello dell&#8217;uomo accentua il suo stato di benessere sotto l&#8217;effetto di musiche armoniose<\/b>.<\/div>\n<p>&nbsp;<\/p>\n<div class=\"rvps0\">Se interrompessimo la nostra giornata attiva e lavorativa con due brevi momenti (10\/15 minuti circa) dedicati all&#8217;ascolto di particolari musiche (HRM), accompagnandolo con semplici esercizi respiratori e mentali, saremo in grado di accettarci meglio e accetteremo meglio gli altri, a livelli di stress molto pi\u00f9 bassi ed accettabili.<\/div>\n<p>&nbsp;<\/p>\n<div class=\"rvps0\">La musica aiuta ad eliminare progressivamente stati di nervosismo, di ansia, angoscia, difficolt\u00e0 di ordine psicosomatico come cefalee, stanchezze muscolari. La musica si indirizza direttamente al corpo, ai sensi, allo spirito. Certe musiche classiche e &#8220;newage&#8221; sono elementi determinanti per combattere lo stress.\u00a0<b>Lo stress pu\u00f2 essere definito un&#8217;intensa reazione emozionale a degli stimoli esterni che mettono in moto delle risposte fisiologiche<\/b>. In questa risposta il sistema neurovegetativo interviene attraverso la stimolazione nervosa della midollare del surrene che immediatamente mette in circolo una scarica di\u00a0<b>adrenalina<\/b>\u00a0e\u00a0<b>noradrenalina<\/b>. Queste catecolamine determinano l&#8217;aumento della frequenza cardiaca, della pressione arteriosa, del ritmo respiratorio, alterano cio\u00e8 l&#8217;equilibrio dei ritmi di alcune funzioni vitali. Inizia cos\u00ec la discesa verso il disagio che giorno per giorno si aggrava perch\u00e8 ci trova sempre pi\u00f9 fragili e indifesi.\u00a0<\/div>\n<p>&nbsp;<\/p>\n<div class=\"rvps0\">Un certo livello di stress ci fa entrare in una curva di benessere e aumenta le nostre capacit\u00e0 di prestazione psicofisica. \u201c<b>La totale assenza di stress \u00e8 morte<\/b>\u201d.\u00a0<\/div>\n<p>&nbsp;<\/p>\n<div class=\"rvps0\">Oltre un certo limite con l&#8217;aumentare dell&#8217;intensit\u00e0 degli stimoli e quindi del livello di stress, inizia, come si diceva, lo stato di sofferenza. Il senso di benessere fisico e mentale che la musica produce \u00e8 mediato anche dall&#8217;azione delle\u00a0<b>beta-endorfine<\/b>, oppioide endogeno che agisce sulla linea emozionale piacere\/dolore, la cui produzione \u00e8 stimolata anche dalla musica. L&#8217;ascolto di una musica appropriata, accompagnata da una serie di esercizi di respirazione, ha il potere di rallentare alcuni ritmi vitali, con la conseguenza di migliorare la percezione del nostro corpo. Si sviluppa cos\u00ec un nuovo sentimento di sicurezza interiore, che facilita la comunicazione interpersonale.<\/div>\n<p>&nbsp;<\/p>\n<div class=\"rvps0\"><img loading=\"lazy\" decoding=\"async\" class=\"aligncenter\" src=\"\/sublimen\/wp-content\/uploads\/pinkbrain.jpg\" alt=\"\" width=\"101\" height=\"101\" title=\"\"><\/div>\n<div>\u00a0<\/div>\n<div class=\"rvps0\">La musica \u00e8 la struttura dinamica che consente di stimolare, adoperare e controllare il flusso delle immagini che si sviluppano durante l&#8217;ascolto. La musica ha una sua forte carica simbolica.<\/div>\n<div class=\"rvps0\">Lo stato di stress \u00e8 amplificato da quelle forme d&#8217;ansia che ci prendono quando siamo assillati da un pensiero ripetitivo, circolare, chiuso, da cui non troviamo una via d&#8217;uscita, siamo incapaci di attuare un cambiamento. La musica, con la sua struttura dinamica e con le sue capacit\u00e0 di superare la logica e la razionalit\u00e0, spezza questo circolo vizioso e angosciante, poich\u00e9 mette in moto le energie inconsce della fantasia e dell&#8217;immaginazione.<\/div>\n<p>&nbsp;<\/p>\n<div class=\"rvps0\">La musica classica svolge un ruolo di primo piano. Le sue armonie e melodie fanno parte di un grande disegno equilibrato ed unitario.\u00a0<b>Chi ascolta deve abbandonarsi alla musica<\/b>, dimenticando sia la logica che i canoni estetici abituali, deve semplicemente essere attento al flusso di immagini e di sentimenti psicologicamente significativi.<\/div>\n<p>&nbsp;<\/p>\n<div class=\"rvps0\">Per indirizzare al meglio l&#8217;attenzione verso la musica e la interiorit\u00e0, \u00e8 necessario concentrarsi per alcuni minuti sul corpo e sul respiro.\u00a0<b>Chiudere gli occhi, respirare lentamente e profondamente<\/b>. All&#8217;inizio limitarsi ad ascoltare il respiro, seguendone il ritmo e il suono. Cercare di visualizzare l&#8217;aria che entra ed esce dalle narici. Quando il respiro \u00e8 diventato regolare, provare a percepire la quantit\u00e0 di tensione che esce dal corpo a ogni espirazione. Essere coscienti di espellere la tensione attraverso il respiro. A questo punto far partire la musica e far assumere una forma di immagine al problema che in quel momento sembra rappresentare la causa scatenante la situazione di stress.<\/div>\n<p>&nbsp;<\/p>\n<div class=\"rvps0\"><b>L&#8217;immaginazione \u00e8 un formidabile strumento anti stress<\/b>; l&#8217;\u00a0immaginazione rafforza la capacit\u00e0 di concentrazione, di<b><i>\u00a0<\/i><\/b>memoria,<b><i>\u00a0<\/i><\/b>facilita l&#8217;ingresso alla dimensione positiva dell&#8217;esistere, consente ai nostri due emisferi cerebrali di lavorare in sintonia, cercare di limitarsi a concentrarsi sulle sensazioni tattili e cinestetiche della musica, ponendosi qualche domanda apparentemente banale. In quale parte del corpo avverto una vibrazione o un formicolio prodotto dalla musica? Provo sensazione di freddo, caldo, provo piacere, dolore? Mi sento stanco, triste, allegro, energico?<\/div>\n<div class=\"rvps0\">Se il desiderio di cambiamento \u00e8 forte e si vuole che accada qualcosa di nuovo, visualizzate del tutto o anche solo un particolare di quel qualche cosa di nuovo. Se non si \u00e8 in grado di visualizzare l&#8217;oceano, visualizzare una conchiglia che collegher\u00e0 col mare. Provare a far accadere qualcosa di nuovo mentalmente. Non dimenticarsi di controllare ogni tanto il respiro, perch\u00e8 sia lento e regolare. Non cercare di capire o di trovare dei legami logici.\u00a0<b>Occorre essere totalmente slegati dalla mente<\/b>, perch\u00e8 sar\u00e0 la musica a condurre dove andare. Quando la musica finisce, assaporare il silenzio e cercare di cogliere le vibrazioni del corpo.<\/div>\n<div>\u00a0<\/div>\n<div class=\"rvps0\"><b>LA MUSICA E&#8217; UN CANALE PRIVILEGIATO DI COMUNICAZIONE ED ESPRESSIONE<\/b><\/div>\n<p>&nbsp;<\/p>\n<div class=\"rvps0\">Vi sono tantissimi esempi che testimoniano l&#8217;influenza della musica sulle piante e sugli animali; si \u00e8 visto che il mais germoglia in maniera pi\u00f9 rapida e rigogliosa nelle serre in cui viene trasmessa costantemente musica, che la produzione di latte nelle mucche diminuisce sensibilmente nelle zone prossime agli aeroporti dove il rumore \u00e8 eccessivo ed aumenta invece se viene trasmessa musica classica (in particolare W.A. Mozart).<\/div>\n<p>&nbsp;<\/p>\n<div class=\"rvps0\"><img loading=\"lazy\" decoding=\"async\" class=\"aligncenter\" src=\"\/sublimen\/wp-content\/uploads\/cancroa.jpg\" alt=\"\" width=\"80\" height=\"71\" title=\"\"><\/div>\n<div>\u00a0<\/div>\n<div class=\"rvps0\"><b>Riepilogando<\/b>: il musicista esperto trasferirebbe le funzioni cerebrali connesse alla musica dall&#8217;emisfero destro, responsabile dell&#8217;ascolto gestaltico, non scomponibile, appreso dall&#8217;individuo per ci\u00f2 che esso significa per lui, all&#8217;emisfero sinistro, coinvolto invece nell&#8217;ascolto dettagliante. Lo stesso linguaggio della parola ritrova nel cervello destro la prosodia, cio\u00e8 la cadenza, e il coinvolgimento emozionale.<\/div>\n<div class=\"rvps0\">Si fa notare come in alcune lingue orientali il significato della parola pu\u00f2 addirittura variare in funzione dell&#8217;intonazione della voce.<\/div>\n<div>\u00a0<\/div>\n<div class=\"rvps0\">La musica pervade fin dal mondo fetale l&#8217;uomo sia attraverso la voce materna che i ritmi biologici, soprattutto quelli del cuore e del respiro.<\/div>\n<div>\u00a0<\/div>\n<div class=\"rvps0\"><b>UDIRE<\/b>\u00a0costituisce un fenomeno periferico legato all&#8217;orecchio, mentre<\/div>\n<div>\u00a0<\/div>\n<div class=\"rvps0\"><b>SENTIRE<\/b>\u00a0presuppone l&#8217;intervento del talamo (relais sensitivo per eccellenza), e\u00a0<b>ASCOLTARE<\/b>\u00a0necessita delle funzioni corticali superiori in toto.<\/div>\n<div>\u00a0<\/div>\n<div class=\"rvps0\">Non suonare rigidamente, sforzarsi di equilibrare i sistemi piramidale ed extrapiramidale, avendo quest&#8217;ultimo un ruolo determinante nel rendere fluidi i movimenti (es. morbo di Parkinson, patologia a carico del sistema extrapiramid.)<\/div>\n<div>\u00a0<\/div>\n<div class=\"rvps0\">Il sistema nervoso raccoglie le informazioni sensibili, le trasmette, le analizza in un corpo che \u00e8 cassa di risonanza.<\/div>\n<p>&nbsp;<\/p>\n<div class=\"rvps0\">Gli stimoli sonori arrivano in noi per diverse strade: dal sistema uditivo, dal sistema di percezione interna per mezzo delle vie nervose, dal tatto con la percezione delle vibrazioni degli strumenti musicali, dalla vista per mezzo della quale il suono penetra come un simbolo prima di essere convertito nella mente in suono.<\/div>\n<div class=\"rvps0\">La trasmissione pu\u00f2 avvenire mediante 3 processi: la conduzione lungo un nervo, la diffusione di una sostanza chimica o attivit\u00e0 inibitrice o eccitante.<\/div>\n<div>\u00a0<\/div>\n<div class=\"rvps0\">Lo stimolo acustico trasmesso dal nervo acustico raggiunge il talamo che filtra l&#8217;informazione. Se il talamo consente il passaggio dell&#8217;informazione, esso viene portato nel lobo temporale dove il suono musicale viene \u201cintellettualizzato\u201d. Questi centri sono in prossimit\u00e0 e collegati con quelli del linguaggio (<b>area di Broca<\/b>).<\/div>\n<div class=\"rvps0\">Per via ematica il collegamento \u00e8 con i nuclei ipotalamici e con la ghiandola celebrale dell&#8217;<b>ipofisi<\/b>, situata sotto il Talamo, per mezzo di sostanze chimiche che arrivano come secreti del\u00a0<b>Diencefalo<\/b>\u00a0(base del cervello) che \u00e8 il pi\u00f9 grande centro neurovegetativo dell&#8217;organismo, che reagisce alle informazioni chimiche emesse dal sistema del\u00a0<b>Simpatico<\/b>\u00a0e\u00a0<b>Parasimpatico<\/b>\u00a0che regolano la vita vegetativa autonoma che \u00e8 indipendente dalla nostra volont\u00e0.<\/div>\n<p>&nbsp;<\/p>\n<div class=\"rvps0\">L&#8217; ipofisi sollecitata secerne nel sangue delle sostanze dette \u201c<b>stimoline<\/b>\u201d dirette alle ghiandole endocrine, agli organi-bersaglio fegato-reni.<\/div>\n<div class=\"rvps0\">Le informazioni date dal suono musicale vengono decodificate e trasmesse all&#8217;altro emisfero cerebrale, a livello della corteccia motoria che comanda i muscoli o gli organi interessati per mezzo dei nervi, trasmettendo l&#8217;ordine motorio attraverso il midollo spinale.<\/div>\n<div class=\"rvps0\">Nell&#8217;emisfero di SINISTRA sono site aree come quelle della logica, del relazionale, dei simboli, delle cifre e della melodia musicale; in quello di DESTRA l&#8217;aspetto creativo, intuitivo, emozionale, artistico.\u00a0<b>Il cervello funziona come un \u201ccalcolatore\u201d su 3 sistemi\u00a0: binario, ternario e su base 5.<\/b><\/div>\n<p>&nbsp;<\/p>\n<div class=\"rvps0\">Nelle regioni posteriori del cervello si sovrappongono la sensibilit\u00e0 uditiva, cutanea e propriocettiva.<\/div>\n<div class=\"rvps0\">L&#8217;area del sistema limbico ha la particolarit\u00e0 di accumulare memorie e di essere il luogo delle nostre emozioni. Funziona in modo quasi indipendente dal 1\u00b0 cervello, quello arcaico soprannominato \u201d<b>rettileo<\/b>\u201d che d\u00e0 origine ai comportamenti primitivi.<\/div>\n<div class=\"rvps0\">Lo stimolo sonoro perviene simultaneamente al centro del talamo e della corteccia cerebrale, che sono connessi con meccanismi di \u201candata e ritorno\u201d, il che consente di mettersi in contatto col paziente anche quando la sua coscienza \u00e8 alterata da fattori psicologici o psichici, tali da ridurlo all&#8217;isolamento.<\/div>\n<p>&nbsp;<\/p>\n<div class=\"rvps0\">Possiamo, a questo punto, affermare che:<\/div>\n<div class=\"rvps0\">\u00a0<\/div>\n<ul class=\"ul_0_0\">\n<li class=\"li_0_0\">il senso musicale vero e proprio risiede nel lobo fronto-temporale destro.<\/li>\n<li class=\"li_0_0\">tutto ci\u00f2 che in musica \u00e8 in relazione con il linguaggio risiede nel lobo temporale-sinistro.<\/li>\n<li class=\"li_0_0\">il riconoscimento dei ritmi musicali \u00e8 affidato ai 2 emisferi cerebrali.<\/li>\n<li class=\"li_0_0\">solo a livello della corteccia cerebrale il messaggio musicale \u00e8 ricevuto, decodificato e integrato.<\/li>\n<\/ul>\n<p>&nbsp;<\/p>\n<div class=\"rvps0\">Tramite l&#8217;effetto \u201c<b>diapason<\/b>\u201d, si entra in vibrazione quando si vibra sulla stessa lunghezza d&#8217;onda del suono; le vibrazioni sono captate dall&#8217;orecchio interno, penetrano a varie profondit\u00e0 a seconda della loro frequenza e il loro effetto \u00e8 di inibire oppure tonificare l&#8217;attivit\u00e0 cellulare (similmente alla teoria degli effetti dell&#8217;agopuntura). Le cellule entrano in oscillazione e si ripristina quell&#8217;equilibrio mancante. Ci\u00f2 spiega come i centri nervosi e i vari organi vengono \u201c<b>irradiati<\/b>\u201d da note e accordi\u00a0 (HRM), quando si pone uno strumento emanatore di accordi su una parte del nostro corpo.<\/div>\n<p>&nbsp;<\/p>\n<div class=\"rvps0\"><span class=\"rvts8\"><i>con estratti di Asturaro Dario Giovanni, adattamento di Alan Perz<\/i><\/span><\/div>\n<div>\u00a0<\/div>\n<div class=\"rvps0\"><b>Audio Albums specifici:<\/b><\/div>\n<div>\u00a0<\/div>\n<div class=\"rvps0\"><a class=\"rvts28\" href=\"https:\/\/www.amadeux.net\/sublimen\/catalogo\/product\/10\/\" target=\"_blank\" rel=\"noopener\">RELAX RX01 &#8211; Rilassamento<\/a><\/div>\n<p>&nbsp;<\/p>\n<div class=\"rvps0\">Album dedicato al rilassamento e allo stress con oltre 50 minuti di musica e suoni. I brani sono progettati per indurre progressivamente uno stato di rilassamento e diminuire lo stress negativo.<\/div>\n<p>&nbsp;<\/p>\n<div class=\"rvps0\"><a class=\"rvts28\" href=\"https:\/\/www.amadeux.net\/sublimen\/catalogo\/product\/25\/\" target=\"_blank\" rel=\"noopener\">DEEP RELAX DR01 &#8211; Rilassamento Profondo<\/a><\/div>\n<p>&nbsp;<\/p>\n<div class=\"rvps0\">Album dedicato al rilassamento e allo stress con oltre 60 minuti di musica e sonorit\u00e0. I brani sono ideati e progettati per indurre progressivamente uno stato di rilassamento profondo e diminuire lo stress negativo (distress).<\/div>\n<div>\u00a0<\/div>\n<div>\u00a0<\/div>\n<\/div>\n<\/div>\n","protected":false},"excerpt":{"rendered":"<p>&nbsp; Musica, Armonia, Stress e Benessere \u00a0 Da una ricerca fatta su un gruppo di bambini tra i 4 e i 6 mesi a due diversi tipi di ascolto musicale, risultava che pi\u00f9 l&#8217;armonia musicale era &hellip; <a class=\"kt-excerpt-readmore\" href=\"https:\/\/www.audioterapia.net\/sublimen\/dossier\/musica-armonia-stress-e-benessere\/\" aria-label=\"Musica, Armonia, Stress e Benessere\">Continua a leggere<\/a><\/p>\n","protected":false},"author":1,"featured_media":0,"parent":2935,"menu_order":0,"comment_status":"closed","ping_status":"closed","template":"","meta":{"_lmt_disableupdate":"","_lmt_disable":"","footnotes":""},"categories":[112],"tags":[],"class_list":["post-3772","page","type-page","status-publish","hentry","category-dossier"],"_links":{"self":[{"href":"https:\/\/www.audioterapia.net\/sublimen\/wp-json\/wp\/v2\/pages\/3772","targetHints":{"allow":["GET"]}}],"collection":[{"href":"https:\/\/www.audioterapia.net\/sublimen\/wp-json\/wp\/v2\/pages"}],"about":[{"href":"https:\/\/www.audioterapia.net\/sublimen\/wp-json\/wp\/v2\/types\/page"}],"author":[{"embeddable":true,"href":"https:\/\/www.audioterapia.net\/sublimen\/wp-json\/wp\/v2\/users\/1"}],"replies":[{"embeddable":true,"href":"https:\/\/www.audioterapia.net\/sublimen\/wp-json\/wp\/v2\/comments?post=3772"}],"version-history":[{"count":3,"href":"https:\/\/www.audioterapia.net\/sublimen\/wp-json\/wp\/v2\/pages\/3772\/revisions"}],"predecessor-version":[{"id":4920,"href":"https:\/\/www.audioterapia.net\/sublimen\/wp-json\/wp\/v2\/pages\/3772\/revisions\/4920"}],"up":[{"embeddable":true,"href":"https:\/\/www.audioterapia.net\/sublimen\/wp-json\/wp\/v2\/pages\/2935"}],"wp:attachment":[{"href":"https:\/\/www.audioterapia.net\/sublimen\/wp-json\/wp\/v2\/media?parent=3772"}],"wp:term":[{"taxonomy":"category","embeddable":true,"href":"https:\/\/www.audioterapia.net\/sublimen\/wp-json\/wp\/v2\/categories?post=3772"},{"taxonomy":"post_tag","embeddable":true,"href":"https:\/\/www.audioterapia.net\/sublimen\/wp-json\/wp\/v2\/tags?post=3772"}],"curies":[{"name":"wp","href":"https:\/\/api.w.org\/{rel}","templated":true}]}}