{"id":3875,"date":"2024-04-17T20:16:31","date_gmt":"2024-04-17T18:16:31","guid":{"rendered":"https:\/\/www.audioterapia.net\/sublimen\/?page_id=3875"},"modified":"2024-06-26T18:13:39","modified_gmt":"2024-06-26T16:13:39","slug":"frattali-musica-arte-e-natura","status":"publish","type":"page","link":"https:\/\/www.audioterapia.net\/sublimen\/dossier\/frattali-musica-arte-e-natura\/","title":{"rendered":"Frattali, Musica, Arte e Natura"},"content":{"rendered":"<div class=\"rvps1\">\n<p style=\"text-align: center;\"><img loading=\"lazy\" decoding=\"async\" class=\"aligncenter\" title=\"Frattali, Musica, Natura e Arte\" src=\"\/sublimen\/wp-content\/uploads\/fractal_music.jpg\" alt=\"Geometria e logica frattale nella Natura, nell\u2019Arte e nella Musica\" width=\"850\" height=\"319\" \/><\/p>\n<p>&nbsp;<\/p>\n<h2 style=\"text-align: center;\">Frattali, Musica, Arte e Natura<\/h2>\n<\/div>\n<div class=\"rvps1\">\u00a0<\/div>\n<div>\n<div id=\"table_2\">\n<div class=\"rvps1\">\n<p style=\"text-align: center;\"><span class=\"rvts24\"><b>Geometria e logica frattale nella Natura, nell&#8217;Arte e nella Musica<\/b><\/span><\/p>\n<\/div>\n<\/div>\n<\/div>\n<p>&nbsp;<\/p>\n<div>\n<div id=\"table_2\">\n<div class=\"rvps1\" style=\"text-align: center;\"><span class=\"rvts48\">Compilazione e impaginazione di Alan Perz<\/span><\/div>\n<\/div>\n<\/div>\n<div>\u00a0<\/div>\n<div>\u00a0<\/div>\n<div>\n<div id=\"table_2\">\n<div class=\"rvps1\" style=\"text-align: center;\"><span class=\"rvts48\">Ringraziamo Federico Miorelli, Tommaso Terragni e Vittorio Gariboldi<\/span><\/div>\n<div class=\"rvps1\" style=\"text-align: center;\"><span class=\"rvts48\">per le preziose informazioni e immagini fornite dal loro sito: www.miorelli.net\/frattali<\/span><\/div>\n<div>\u00a0<\/div>\n<div>\u00a0<\/div>\n<div>\n<div id=\"table_3\">\n<div class=\"rvps1\" style=\"text-align: center;\"><img loading=\"lazy\" decoding=\"async\" class=\"aligncenter\" title=\"mandelbrot\" src=\"\/sublimen\/wp-content\/uploads\/mandelbrot.jpg\" alt=\"\" width=\"300\" height=\"261\"><\/div>\n<p style=\"text-align: center;\">\u00a0<\/p>\n<div class=\"rvps1\" style=\"text-align: center;\"><a class=\"rvts4\" href=\"https:\/\/www.amadeux.net\/sublimen\/dossier\/frattali_musica_natura_e_arte.html#intro\" target=\"_top\" rel=\"noopener\"><b>Introduzione<\/b><\/a><\/div>\n<p style=\"text-align: center;\">\u00a0<\/p>\n<div class=\"rvps1\" style=\"text-align: center;\"><a class=\"rvts4\" href=\"https:\/\/www.amadeux.net\/sublimen\/dossier\/matematica_frattale.html\" target=\"_top\" rel=\"noopener\"><b>Matematica dei frattali<\/b><\/a><\/div>\n<p style=\"text-align: center;\">\u00a0<\/p>\n<div class=\"rvps1\" style=\"text-align: center;\"><a class=\"rvts4\" href=\"https:\/\/www.amadeux.net\/sublimen\/dossier\/frattali_e_natura.html\" target=\"_top\" rel=\"noopener\"><b>Frattali in Natura e in Fisiologia umana<\/b><\/a><\/div>\n<p style=\"text-align: center;\">\u00a0<\/p>\n<div class=\"rvps1\" style=\"text-align: center;\"><a class=\"rvts4\" href=\"https:\/\/www.amadeux.net\/sublimen\/dossier\/frattali_e_arte.html\" target=\"_top\" rel=\"noopener\"><b>Immagini frattali e Arte<\/b><\/a><\/div>\n<p style=\"text-align: center;\">\u00a0<\/p>\n<div class=\"rvps1\" style=\"text-align: center;\"><a class=\"rvts4\" href=\"https:\/\/www.amadeux.net\/sublimen\/dossier\/musica_frattale.html\" target=\"_top\" rel=\"noopener\"><b>Musica frattale e autogenerativa<\/b><\/a><\/div>\n<\/div>\n<hr align=\"center\" \/>\n<div>\u00a0<\/div>\n<div class=\"rvps0\" style=\"text-align: center;\"><span class=\"rvts24\"><b>&#8220;Eadem Mutata Resurgo&#8221;<\/b><\/span><\/div>\n<\/div>\n<\/div>\n<\/div>\n<p>&#8220;Why is geometry often described as &#8220;cold&#8221; and &#8220;dry&#8221;? One reason lies in its inability to describe the shape of a cloud, a mountain, a coastiline, or a tree. Clouds are not spheres, mountains are not cones, coastlines are not circles, and bark is not smooth, nor does lightning travel in a straight line.&#8221;<\/p>\n<div>\n<div id=\"table_2\">\n<p>&nbsp;<\/p>\n<div class=\"rvps0\">(Perch\u00e9 la geometria spesso viene descritta come &#8220;fredda&#8221; e &#8220;arida&#8221;? Una ragione sta nella sua incapacit\u00e0 di descrivere la forma di una nuvola, di una montagna, di una linea costiera, o di un albero. Le nuvole non sono sfere, le montagne non sono coni, le coste non sono cerchi, e la corteccia non \u00e8 liscia, n\u00e9 la traiettoria di un fulmine \u00e8 una linea retta.)<\/div>\n<div class=\"rvps0\"><span class=\"rvts8\">(Benoit B. Mandelbrot)<\/span><\/div>\n<p>&nbsp;<\/p>\n<div class=\"rvps0\">Cos\u00ec\u00a0<b>Mandelbrot<\/b>\u00a0nel suo libro\u00a0<i>The Fractal Geometry of Nature<\/i>\u00a0descrive l&#8217;inadeguatezza della geometria euclidea nella descrizione nella natura.<\/div>\n<div class=\"rvps0\">Mandelbrot \u00e8 il padre fondatore della teoria dei frattali e inventore del famoso insieme che porta il suo nome.<\/div>\n<div>\u00a0<\/div>\n<div class=\"rvps0\"><span class=\"rvts24\"><b>Cos&#8217;\u00e8 un frattale?<\/b><\/span><\/div>\n<div>\u00a0<\/div>\n<\/div>\n<\/div>\n<p>di Tommaso Terragni<\/p>\n<p>&nbsp;<\/p>\n<p>La definizione pi\u00f9 semplice e intuitiva lo descrive come una <b>figura geometrica in cui un motivo identico si ripete su scala continuamente ridotta<\/b>. Questo significa che ingrandendo la figura si otterranno forme ricorrenti e ad ogni ingrandimento essa riveler\u00e0 nuovi dettagli. Contrariamente a qualsiasi altra figura geometrica un frattale invece di perdere dettaglio quando \u00e8 ingrandito, si arricchisce di nuovi particolari.<\/p>\n<div>\n<div id=\"table_2\">\n<p>&nbsp;<\/p>\n<div>\n<div id=\"table_4\">\n<div class=\"rvps1\"><img loading=\"lazy\" decoding=\"async\" class=\"aligncenter\" title=\"sierp2\" src=\"\/sublimen\/wp-content\/uploads\/sierp2.gif\" alt=\"\" width=\"231\" height=\"202\"><\/div>\n<div class=\"rvps1\" style=\"text-align: center;\"><span class=\"rvts8\">Triangolo di Sierpinski, 4 iterazioni<\/span><\/div>\n<div>\u00a0<\/div>\n<div class=\"rvps1\"><img loading=\"lazy\" decoding=\"async\" class=\"aligncenter\" title=\"sierp1\" src=\"\/sublimen\/wp-content\/uploads\/sierp1.gif\" alt=\"\" width=\"231\" height=\"200\"><\/div>\n<div class=\"rvps1\" style=\"text-align: center;\"><span class=\"rvts8\">Triangolo di Sierpinski, 5 iterazioni<\/span><\/div>\n<\/div>\n<p>&nbsp;<\/p>\n<div class=\"rvps0\">Il termine frattale fu coniato da Mandelbrot e ha origine nel termine latino\u00a0<b>fractus<\/b>, poich\u00e8 la dimensione di un frattale non \u00e8 intera, come spiegato nella sezione &lt;<a class=\"rvts4\" href=\"https:\/\/www.amadeux.net\/sublimen\/dossier\/matematica_frattale.html\" target=\"_top\" rel=\"noopener\">Matematica<\/a>&gt;.<\/div>\n<div class=\"rvps0\">\u00a0<\/div>\n<div class=\"rvps0\"><span class=\"rvts24\"><b>Introduzione<\/b><\/span><\/div>\n<\/div>\n<\/div>\n<p>&nbsp;<\/p>\n<p>di Tommaso Terragni<\/p>\n<p>&nbsp;<\/p>\n<p>Dalla fine del XIX secolo la scienza si \u00e8 orientata verso lo studio di sistemi complessi: basti pensare allo sviluppo eccezionale che ha avuto la teoria <b>quantomeccanica<\/b>\u00a0o quella della relativit\u00e0. Queste due teorie sono indice di come la ricerca, anche grazie a metodi matematici potentissimi e a livelli di astrazione mai raggiunti fino al XX secolo, non sia pi\u00f9 legata all&#8217;immediata comprensibilit\u00e0 da parte dell&#8217;Uomo; la quantomeccanica \u00e8 rappresentata da un&#8217;equazione complessa y che ha significato fisico solo se moltiplicata per il suo coniugato. L&#8217;ultima frontiera della fisica, per quanto riguarda l&#8217;unificazione delle forze, sta cercando di provare che materia, energia, spazio e tempo siano generati da vibrazioni delle\u00a0<b>supercorde<\/b>, cio\u00e8 oggetti indivisibili a 10 dimensioni.<\/p>\n<p>&nbsp;<\/p>\n<div>\n<div id=\"table_2\">\n<div class=\"rvps0\">Questo scenario pu\u00f2 sembrare inquietante ed in effetti ci troviamo in una situazione simile a quella che sconvolse i filosofi e li costrinse a rinnegare Newton quando egli tent\u00f2 di abbandonare la metafisica, rinunciando a definire la forza gravitazionale, ma esprimendo solo i suoi effetti: egli disse &#8220;Hypotesis non fingo&#8221;, cio\u00e8, traducendo un po&#8217; liberamente, &#8220;non sono in grado di dirvi che cos&#8217;\u00e8 la forza di gravit\u00e0&#8221;, ma posso dirvi come funziona, quali sono i suoi effetti, e posso darvi degli strumenti per prevederli. L&#8217;atteggiamento del fisico moderno \u00e8 sempre lo stesso, egli infatti non \u00e8 interessato all&#8217;intima essenza delle supercorde ma vuole da esse derivare una conoscenza unitaria della fisica. Grazie alla teoria relativistica abbiamo molte pi\u00f9 informazioni sull&#8217;Universo di quante potessimo ricavare dalla fisica classica.<\/div>\n<p>&nbsp;<\/p>\n<div class=\"rvps0\">Nonostante i grandiosi progressi fatti, oggi, scoprire le leggi fondamentali e comprendere &#8220;in principio&#8221; la struttura del mondo, non \u00e8 pi\u00f9 sufficiente. Sempre pi\u00f9 importante diventa investigare le molteplici forme attraverso le quali si manifestano tali principi. Bisogna stare attenti a non confondere la causa con l&#8217;effetto: non \u00e8 la natura che si deve adeguare alle leggi create dall&#8217;uomo per prevedere i probabili eventi; sono invece le leggi che devono diventare sempre pi\u00f9 accurate nella descrizione di ogni tipo di fenomeno.\u00a0<b>Newton<\/b>\u00a0ha creato un\u00a0<b>Universo parallelo<\/b>\u00a0a quello reale, un universo nel quale un corpo con una certa velocit\u00e0 iniziale, sul quale non agiscano forze, la mantiene fino alla fine del tempo (anche esso infinito). Nulla di tutto ci\u00f2 corrisponde alla realt\u00e0. Ogni corpo cambier\u00e0 velocit\u00e0 e il tempo stesso ha avuto un inizio (e forse avr\u00e0 anche una fine, se la materia dell&#8217;Universo dovesse superare un limite critico). In questo universo reale sono presenti infiniti elementi &#8220;perturbatori&#8221;, il che lo rende fondamentalmente diverso dall&#8217;universo newtoniano. Basti pensare al problema della determinazione del moto di tre corpi fra i quali vi siano forze di tipo gravitazionale, di formulazione semplicissima, eppure irrisolvibile: le equazioni che lo caratterizzano, tecnicamente, non sono integrabili (possono solo essere risolte con il metodo delle successive approssimazioni di Newton, che genera esso stesso un frattale), e quindi un minimo errore nella determinazione delle condizioni iniziali, pu\u00f2, alla lunga, determinare un errore non trascurabile: \u00e8 quindi necessario aggiungere dati sperimentali dopo un intervallo di tempo, per limitare le imprecisioni.<\/div>\n<div class=\"rvps3\">\u00a0<\/div>\n<div class=\"rvps0\">Questa tendenza alla complessit\u00e0, pu\u00f2 essere bene esemplificata appunto dai frattali,\u00a0<b>figure geometriche complesse e caotiche determinate per approssimazione di una funzione ricorsiva<\/b>: noi non potremo mai sapere come sia la figura finale che ha le propriet\u00e0 di una frattale, ma dovremo sempre limitarci ad un&#8217;approssimazione, che pu\u00f2 essere indicativa ma non \u00e8 il frattale. \u00c8 la stesso problema che si verifica nei sistemi cosiddetti &#8220;<b>non lineari<\/b>&#8220;: non \u00e8 possibile determinare la situazione finale date solo le condizioni di partenza, ma bisogna continuamente aggiungere dati &#8220;sperimentali&#8221;. Queste problematiche hanno dato l&#8217;avvio allo studio del &#8220;<b>caos deterministico<\/b>&#8220;, cio\u00e8 di situazioni di disordine ottenute per\u00f2 da processi matematico-fisici deterministici. Gli studi a proposito sono ancora in grande sviluppo e i frattali si inseriscono prepotentemente in questa nuova branca della matematica. Noi non possiamo sapere come sar\u00e0 la configurazione finale del sistema a infinite iterazioni, ma sapremmo benissimo come calcolarla; \u00e8 una situazione simile a quella del fisico classico che conosce perfettamente come si muove un corpo, anche considerando attriti, campi elettromagnetici dell&#8217;ambiente e del corpo stesso e tutti gli altri possibili elementi perturbatori, ma non sa il vero valore di p. Probabilmente i suoi calcoli saranno accurati a sufficienza per ogni tipo di applicazione pratica possibile e immaginabile, ma non potrebbe prevedere deterministicamente la situazione del sistema dopo un tempo infinito.<\/div>\n<\/div>\n<\/div>\n<div>\u00a0<\/div>\n<div>Tuttavia con lo sviluppo continuo ed esponenziale della capacit\u00e0 di calcolo, si possono creare figure che hanno la stessa valenza matematica per la rappresentazione del frattale vero e proprio (quello che ha, cio\u00e8, significato matematico e che gode di alcune propriet\u00e0) della valenza di un segno su un foglio per la rappresentazione della retta. Il computer si sostituisce quindi alla matita, non alla mente del matematico, che \u00e8 l&#8217;unico mezzo in grado di fare della matematica. Infatti i frattali erano gi\u00e0 stati studiati per le loro propriet\u00e0 topologiche da <b>Julia<\/b>\u00a0negli anni &#8217;20, ma non erano mai stati visualizzati graficamente, n\u00e9 si sapeva come potesse essere la forma dei &#8220;bacini di attrazione&#8221; di una funzione che veniva continuamente iterata con se stessa. Tutto quello che \u00e8 mancato a Julia \u00e8 stata la capacit\u00e0 di calcolo che ha invece avuto B. B.\u00a0<b>Mandelbrot<\/b>\u00a0negli anni &#8217;80 al centro &#8220;T. J.\u00a0<b>Watson<\/b>&#8221; dell&#8217;<b>IBM<\/b>. E certamente questo, cio\u00e8 riuscire a visualizzare questi strani oggetti matematici e associarli a forme presenti in Natura, ha determinato il successo di Mandelbrot; questa associazione sembra quasi svelare un\u00a0<b>progetto segreto<\/b>\u00a0che un&#8217;entit\u00e0 superiore abbia realizzato per via matematica creando la Natura. Per questo negli anni &#8217;80 (&#8220;The fractal geometry of Nature&#8221; \u00e8 del 1982) si \u00e8 cercato di trovare in tutto un frattale. Si \u00e8 sviluppata quindi una branca della geometria frattale che studia i cosiddetti frattali\u00a0<b>biomorfi<\/b>, cio\u00e8 simili ad oggetti presenti in natura. I risultati a volte sono stati stupefacenti, infatti uno dei frattali biomorfi pi\u00f9 riusciti \u00e8 la foglia di\u00a0<b>felce<\/b>\u00a0i cui dettagli, detti\u00a0<b>autosimili<\/b>, riproducono sempre la stessa figura.<\/div>\n<div>\u00a0<\/div>\n<div>Tuttavia, per esempio, in un albero, la foglia \u00e8 strutturalmente diversa dal tronco e dai rami quindi i frattali possono essere usati come analogie. Ci si potrebbe chiedere se tutto ci\u00f2 sia scientificamente valido, e, considerando gli sviluppi nella direzione della complessit\u00e0, io direi di s\u00ec, perch\u00e9 ormai le ultime frontiere della scienza non sono pi\u00f9 comprensibili, ma vanno espresse attraverso &#8220;metafore&#8221; e &#8220;analogie&#8221;; la Scienza ha ormai bisogno di un nuovo linguaggio, adatto a esprimere l&#8217;incomprensibile per la mente umana. Non viviamo pi\u00f9 nell&#8217; universo liscio di Newton, ma nell&#8217;Universo delle iperconnessioni, della pluridimensionalit\u00e0 e della relativit\u00e0, che lo rendono piegato e rugoso come un straccio. Forse non \u00e8 facile accettare una situazione come questa dopo tre secoli nei quali l&#8217;universo ci \u00e8 parso liscio e sicuro, illuminato dalla rassicurante presenza di Isaac Newton.<\/div>\n<div>\u00a0<\/div>\n<div>&#8220;If I have seen further than others, it is by standing upon the shoulders of giants.&#8221;<\/div>\n<div>\n<div id=\"table_2\">\n<div class=\"rvps1\">(Se ho visto pi\u00f9 lontano di altri, \u00e8 perch\u00e9 stavo sulle spalle di giganti.)<\/div>\n<div class=\"rvps1\"><span class=\"rvts8\">(Sir Isaac Newton)<\/span><\/div>\n<\/div>\n<\/div>\n<div>\u00a0<\/div>\n<div style=\"text-align: center;\"><a class=\"rvts4\" href=\"https:\/\/www.amadeux.net\/sublimen\/dossier\/frattali_musica_natura_e_arte.html\" target=\"_top\" rel=\"noopener\"><b>Frattali index<\/b><\/a><b>\u00a0&#8211;\u00a0<\/b><a class=\"rvts4\" href=\"https:\/\/www.amadeux.net\/sublimen\/dossier\/matematica_frattale.html\" target=\"_top\" rel=\"noopener\"><b>Matematica<\/b><\/a><b>\u00a0&#8211;\u00a0<\/b><a class=\"rvts4\" href=\"https:\/\/www.amadeux.net\/sublimen\/dossier\/frattali_e_natura.html\" target=\"_top\" rel=\"noopener\"><b>Natura<\/b><\/a><b>\u00a0&#8211;\u00a0<\/b><a class=\"rvts4\" href=\"https:\/\/www.amadeux.net\/sublimen\/dossier\/frattali_e_arte.html\" target=\"_top\" rel=\"noopener\"><b>Arte<\/b><\/a><b>\u00a0&#8211;\u00a0<\/b><a class=\"rvts4\" href=\"https:\/\/www.amadeux.net\/sublimen\/dossier\/musica_frattale.html\" target=\"_top\" rel=\"noopener\"><b>Musica<\/b><\/a><\/div>\n<div>\u00a0<\/div>\n<div>\u00a0<\/div>\n<div><b>Audio Albums specifici:<\/b><\/div>\n<div>\u00a0<\/div>\n<div>\n<div id=\"table_2\">\n<div class=\"rvps0\"><a class=\"rvts28\" href=\"https:\/\/www.amadeux.net\/sublimen\/catalogo\/product\/22\/\" target=\"_blank\" rel=\"noopener\">FRACTALS FR01 &#8211; Musica Frattale<\/a><\/div>\n<p>&nbsp;<\/p>\n<div class=\"rvps0\">Album dedicato alla Musica Frattale prodotta da geometrie soniche frattali con oltre 60 minuti di musica.<\/div>\n<div>\u00a0<\/div>\n<div>\u00a0<\/div>\n<\/div>\n<\/div>\n<\/div>\n","protected":false},"excerpt":{"rendered":"<p>&nbsp; Frattali, Musica, Arte e Natura \u00a0 Geometria e logica frattale nella Natura, nell&#8217;Arte e nella Musica &nbsp; Compilazione e impaginazione di Alan Perz \u00a0 \u00a0 Ringraziamo Federico Miorelli, Tommaso Terragni e Vittorio Gariboldi per le &hellip; <a class=\"kt-excerpt-readmore\" href=\"https:\/\/www.audioterapia.net\/sublimen\/dossier\/frattali-musica-arte-e-natura\/\" aria-label=\"Frattali, Musica, Arte e Natura\">Continua a leggere<\/a><\/p>\n","protected":false},"author":1,"featured_media":0,"parent":2935,"menu_order":0,"comment_status":"closed","ping_status":"closed","template":"","meta":{"_lmt_disableupdate":"","_lmt_disable":"","footnotes":""},"categories":[112],"tags":[],"class_list":["post-3875","page","type-page","status-publish","hentry","category-dossier"],"_links":{"self":[{"href":"https:\/\/www.audioterapia.net\/sublimen\/wp-json\/wp\/v2\/pages\/3875","targetHints":{"allow":["GET"]}}],"collection":[{"href":"https:\/\/www.audioterapia.net\/sublimen\/wp-json\/wp\/v2\/pages"}],"about":[{"href":"https:\/\/www.audioterapia.net\/sublimen\/wp-json\/wp\/v2\/types\/page"}],"author":[{"embeddable":true,"href":"https:\/\/www.audioterapia.net\/sublimen\/wp-json\/wp\/v2\/users\/1"}],"replies":[{"embeddable":true,"href":"https:\/\/www.audioterapia.net\/sublimen\/wp-json\/wp\/v2\/comments?post=3875"}],"version-history":[{"count":5,"href":"https:\/\/www.audioterapia.net\/sublimen\/wp-json\/wp\/v2\/pages\/3875\/revisions"}],"predecessor-version":[{"id":4895,"href":"https:\/\/www.audioterapia.net\/sublimen\/wp-json\/wp\/v2\/pages\/3875\/revisions\/4895"}],"up":[{"embeddable":true,"href":"https:\/\/www.audioterapia.net\/sublimen\/wp-json\/wp\/v2\/pages\/2935"}],"wp:attachment":[{"href":"https:\/\/www.audioterapia.net\/sublimen\/wp-json\/wp\/v2\/media?parent=3875"}],"wp:term":[{"taxonomy":"category","embeddable":true,"href":"https:\/\/www.audioterapia.net\/sublimen\/wp-json\/wp\/v2\/categories?post=3875"},{"taxonomy":"post_tag","embeddable":true,"href":"https:\/\/www.audioterapia.net\/sublimen\/wp-json\/wp\/v2\/tags?post=3875"}],"curies":[{"name":"wp","href":"https:\/\/api.w.org\/{rel}","templated":true}]}}