{"id":3883,"date":"2024-04-17T20:23:19","date_gmt":"2024-04-17T18:23:19","guid":{"rendered":"https:\/\/www.audioterapia.net\/sublimen\/?page_id=3883"},"modified":"2024-06-27T09:41:47","modified_gmt":"2024-06-27T07:41:47","slug":"immagini-frattali-e-arte","status":"publish","type":"page","link":"https:\/\/www.audioterapia.net\/sublimen\/dossier\/immagini-frattali-e-arte\/","title":{"rendered":"Immagini frattali e Arte"},"content":{"rendered":"<div class=\"rvps1\">\n<p style=\"text-align: center;\"><img loading=\"lazy\" decoding=\"async\" class=\"aligncenter\" title=\"music_of_the_spheres_sublimen\" src=\"\/sublimen\/wp-content\/uploads\/music_of_the_spheres_sublimen.jpg\" alt=\"\" width=\"850\" height=\"355\"><\/p>\n<p>&nbsp;<\/p>\n<h2 style=\"text-align: center;\">Immagini frattali e Arte<\/h2>\n<\/div>\n<div>\n<div id=\"table_2\">\n<div class=\"rvps1\" style=\"text-align: center;\">\u00a0<\/div>\n<div class=\"rvps1\" style=\"text-align: center;\"><a class=\"rvts4\" href=\"https:\/\/www.amadeux.net\/sublimen\/dossier\/frattali_musica_natura_e_arte.html\" target=\"_top\" rel=\"noopener\">Frattali index<\/a>\u00a0&#8211;\u00a0<a class=\"rvts4\" href=\"https:\/\/www.amadeux.net\/sublimen\/dossier\/matematica_frattale.html\" target=\"_top\" rel=\"noopener\">Matematica<\/a>\u00a0&#8211;\u00a0<a class=\"rvts4\" href=\"https:\/\/www.amadeux.net\/sublimen\/dossier\/frattali_e_natura.html\" target=\"_top\" rel=\"noopener\">Natura<\/a>\u00a0&#8211;\u00a0<a class=\"rvts4\" href=\"https:\/\/www.amadeux.net\/sublimen\/dossier\/frattali_e_arte.html\" target=\"_top\" rel=\"noopener\">Arte<\/a>\u00a0&#8211;\u00a0<a class=\"rvts4\" href=\"https:\/\/www.amadeux.net\/sublimen\/dossier\/musica_frattale.html\" target=\"_top\" rel=\"noopener\">Musica<\/a><\/div>\n<\/div>\n<\/div>\n<div>\u00a0<\/div>\n<div>\u00a0<\/div>\n<div>\n<div id=\"table_2\">\n<div class=\"rvps0\" style=\"text-align: center;\">Queste immagini rappresentano alcuni dei punti pi\u00f9 suggestivi della rappresentazione grafica dei frattali.<\/div>\n<\/div>\n<div id=\"table_2\">\n<div>\u00a0<\/div>\n<div>\u00a0<\/div>\n<div class=\"rvps1\" style=\"text-align: center;\">Dettaglio di un insieme\u00a0<b>Julia<\/b><\/div>\n<div>\u00a0<\/div>\n<div class=\"rvps1\" style=\"text-align: center;\"><img loading=\"lazy\" decoding=\"async\" class=\"aligncenter\" src=\"\/sublimen\/wp-content\/uploads\/julia1.jpg\" alt=\"\" width=\"300\" height=\"225\" title=\"\"><\/div>\n<div>\u00a0<\/div>\n<p><\/p>\n<div class=\"rvps0\" style=\"text-align: center;\">Come gi\u00e0 detto, gli insiemi di Julia possono assumere infinite conformazioni. Qui sotto vediamo quella ottenuta con il valore c=(0+1<i>i<\/i>). La struttura,\u00a0<b>dendritica<\/b>, assomiglia molto alla forma di un fulmine<\/div>\n<div>\u00a0<\/div>\n<div class=\"rvps1\" style=\"text-align: center;\"><img loading=\"lazy\" decoding=\"async\" class=\"aligncenter\" src=\"\/sublimen\/wp-content\/uploads\/julia2.jpg\" alt=\"\" width=\"300\" height=\"224\" title=\"\"><\/div>\n<div>\u00a0<\/div>\n<p><\/p>\n<div class=\"rvps0\" style=\"text-align: center;\">Dettaglio di un\u00a0<b>Mandelbrot<\/b>: la variet\u00e0 di forme presenti in questo frattale \u00e8 sorprendente, se si pensa che tutto ci\u00f2 \u00e8 generato da un&#8217;equazione semplicissima:\u00a0<b>Z=z^2 + c<\/b><\/div>\n<div>\u00a0<\/div>\n<div class=\"rvps1\" style=\"text-align: center;\"><img loading=\"lazy\" decoding=\"async\" class=\"aligncenter\" src=\"\/sublimen\/wp-content\/uploads\/mandel2.jpg\" alt=\"\" width=\"300\" height=\"225\" title=\"\"><\/div>\n<div>\u00a0<\/div>\n<p><\/p>\n<div class=\"rvps0\" style=\"text-align: center;\">Si notino le spirali logaritmiche e il continuo riprodursi della forma &#8220;<b>a bulbo<\/b>&#8220;, tipica del Mandelbrot<\/div>\n<div>\u00a0<\/div>\n<div class=\"rvps1\" style=\"text-align: center;\"><img loading=\"lazy\" decoding=\"async\" class=\"aligncenter\" src=\"\/sublimen\/wp-content\/uploads\/mandel3.jpg\" alt=\"\" width=\"300\" height=\"225\" title=\"\"><\/div>\n<div>\u00a0<\/div>\n<p><\/p>\n<div class=\"rvps0\" style=\"text-align: center;\">Un dettaglio dei &#8220;<b>bulbi<\/b>&#8220;<\/div>\n<p><\/p>\n<div class=\"rvps1\" style=\"text-align: center;\"><img loading=\"lazy\" decoding=\"async\" class=\"aligncenter\" src=\"\/sublimen\/wp-content\/uploads\/mandelxaos.jpg\" alt=\"\" width=\"300\" height=\"225\" title=\"\"><\/div>\n<div>\u00a0<\/div>\n<p><\/p>\n<div class=\"rvps0\" style=\"text-align: center;\">Un altro esempio di\u00a0<b>ricorsivit\u00e0<\/b>: ogni spirale logaritmica \u00e8 in realt\u00e0 composta da infinite altre spirali\u00a0<b>autosimili<\/b><\/div>\n<div>\u00a0<\/div>\n<div class=\"rvps1\" style=\"text-align: center;\"><img loading=\"lazy\" decoding=\"async\" class=\"aligncenter\" src=\"\/sublimen\/wp-content\/uploads\/spirali.gif\" alt=\"\" width=\"300\" height=\"204\" title=\"\"><\/div>\n<div>\u00a0<\/div>\n<p><\/p>\n<div class=\"rvps0\" style=\"text-align: center;\">I frattali non sono solo oggetti matematici, privi di ogni attrattiva per chiunque non sia interessato alla materia, ma, grazie alla loro variet\u00e0 e al loro piacevole aspetto grafico, possono diventare addirittura oggetto di &#8220;arte&#8221;.<\/div>\n<div class=\"rvps0\" style=\"text-align: center;\">Non \u00e8 difficile realizzare arte frattale, se attrezzati con il software adeguato: Tierazon, consente infatti di creare immagini &#8220;<b>artistiche<\/b>&#8221; partendo dai frattali. L&#8217;aspetto interessante di questo programma sta nel fatto che gli effetti che vengono applicati ai frattali non sono che funzioni matematiche che si &#8220;sovrappongono&#8221; alla creazione del frattale e fungono quasi da filtri grafici.\u00a0<\/div>\n<div>\u00a0<\/div>\n<p><\/p>\n<div class=\"rvps1\" style=\"text-align: center;\">&#8220;Variazioni&#8221;<\/div>\n<div class=\"rvps1\" style=\"text-align: center;\"><img loading=\"lazy\" decoding=\"async\" class=\"aligncenter\" src=\"\/sublimen\/wp-content\/uploads\/arte5.jpg\" alt=\"\" width=\"300\" height=\"235\" title=\"\"><\/div>\n<div>\u00a0<\/div>\n<p><\/p>\n<div class=\"rvps1\" style=\"text-align: center;\">\u00a0&#8220;Morte Nera&#8221;<\/div>\n<div class=\"rvps1\" style=\"text-align: center;\"><img loading=\"lazy\" decoding=\"async\" class=\"aligncenter\" src=\"\/sublimen\/wp-content\/uploads\/mortenera.jpg\" alt=\"\" width=\"300\" height=\"235\" title=\"\"><\/div>\n<div>\u00a0<\/div>\n<p><\/p>\n<div class=\"rvps1\" style=\"text-align: center;\">\u00a0&#8220;Aurora&#8221;<\/div>\n<div class=\"rvps1\" style=\"text-align: center;\"><img loading=\"lazy\" decoding=\"async\" class=\"aligncenter\" src=\"\/sublimen\/wp-content\/uploads\/arte2.jpg\" alt=\"\" width=\"300\" height=\"225\" title=\"\"><\/div>\n<div>\u00a0<\/div>\n<p><\/p>\n<div class=\"rvps1\" style=\"text-align: center;\">\u00a0&#8220;Corallo&#8221;<\/div>\n<div class=\"rvps1\" style=\"text-align: center;\"><img loading=\"lazy\" decoding=\"async\" class=\"aligncenter\" src=\"\/sublimen\/wp-content\/uploads\/corallo.jpg\" alt=\"\" width=\"300\" height=\"213\" title=\"\"><\/div>\n<div>\u00a0<\/div>\n<p><\/p>\n<div class=\"rvps1\" style=\"text-align: center;\">\u00a0&#8220;Zorro&#8221;<\/div>\n<div class=\"rvps1\" style=\"text-align: center;\"><img loading=\"lazy\" decoding=\"async\" class=\"aligncenter\" src=\"\/sublimen\/wp-content\/uploads\/arte3.jpg\" alt=\"\" width=\"300\" height=\"225\" title=\"\"><\/div>\n<div>\u00a0<\/div>\n<p><\/p>\n<div class=\"rvps1\" style=\"text-align: center;\">\u00a0&#8220;Birth Of A Rose&#8221;<\/div>\n<div class=\"rvps1\" style=\"text-align: center;\"><img loading=\"lazy\" decoding=\"async\" class=\"aligncenter\" src=\"\/sublimen\/wp-content\/uploads\/arte1BirthOfRose.jpg\" alt=\"\" width=\"300\" height=\"300\" title=\"\"><\/div>\n<div>\u00a0<\/div>\n<p><\/p>\n<div class=\"rvps1\" style=\"text-align: center;\">\u00a0&#8220;Sea Life&#8221;<\/div>\n<div class=\"rvps1\"><img loading=\"lazy\" decoding=\"async\" class=\"aligncenter\" src=\"\/sublimen\/wp-content\/uploads\/artesealife.jpg\" alt=\"\" width=\"300\" height=\"300\" title=\"\"><\/div>\n<div>\u00a0<\/div>\n<\/div>\n<div><\/p>\n<div class=\"rvps1\"><span class=\"rvts8\">di Federico Miorelli<\/span><\/div>\n<\/div>\n<div>\u00a0<\/div>\n<div>\n<div class=\"rvps1\" style=\"text-align: center;\"><strong><a class=\"rvts4\" href=\"https:\/\/www.amadeux.net\/sublimen\/dossier\/frattali_musica_natura_e_arte.html\" target=\"_top\" rel=\"noopener\">Frattali index<\/a>\u00a0&#8211;\u00a0<a class=\"rvts4\" href=\"https:\/\/www.amadeux.net\/sublimen\/dossier\/matematica_frattale.html\" target=\"_top\" rel=\"noopener\">Matematica<\/a>\u00a0&#8211;\u00a0<a class=\"rvts4\" href=\"https:\/\/www.amadeux.net\/sublimen\/dossier\/frattali_e_natura.html\" target=\"_top\" rel=\"noopener\">Natura<\/a>\u00a0&#8211;\u00a0<a class=\"rvts4\" href=\"https:\/\/www.amadeux.net\/sublimen\/dossier\/frattali_e_arte.html\" target=\"_top\" rel=\"noopener\">Arte<\/a>\u00a0&#8211;\u00a0<a class=\"rvts4\" href=\"https:\/\/www.amadeux.net\/sublimen\/dossier\/musica_frattale.html\" target=\"_top\" rel=\"noopener\">Musica<\/a><\/strong><\/div>\n<\/div>\n<\/div>\n<div>\u00a0<\/div>\n<div>\u00a0<\/div>\n<div>\u00a0<\/div>\n","protected":false},"excerpt":{"rendered":"<p>&nbsp; Immagini frattali e Arte \u00a0 Frattali index\u00a0&#8211;\u00a0Matematica\u00a0&#8211;\u00a0Natura\u00a0&#8211;\u00a0Arte\u00a0&#8211;\u00a0Musica \u00a0 \u00a0 Queste immagini rappresentano alcuni dei punti pi\u00f9 suggestivi della rappresentazione grafica dei frattali. \u00a0 \u00a0 Dettaglio di un insieme\u00a0Julia \u00a0 \u00a0 Come gi\u00e0 detto, gli insiemi &hellip; <a class=\"kt-excerpt-readmore\" href=\"https:\/\/www.audioterapia.net\/sublimen\/dossier\/immagini-frattali-e-arte\/\" aria-label=\"Immagini frattali e Arte\">Continua a leggere<\/a><\/p>\n","protected":false},"author":1,"featured_media":0,"parent":2935,"menu_order":0,"comment_status":"closed","ping_status":"closed","template":"","meta":{"_lmt_disableupdate":"","_lmt_disable":"","footnotes":""},"categories":[112],"tags":[],"class_list":["post-3883","page","type-page","status-publish","hentry","category-dossier"],"_links":{"self":[{"href":"https:\/\/www.audioterapia.net\/sublimen\/wp-json\/wp\/v2\/pages\/3883","targetHints":{"allow":["GET"]}}],"collection":[{"href":"https:\/\/www.audioterapia.net\/sublimen\/wp-json\/wp\/v2\/pages"}],"about":[{"href":"https:\/\/www.audioterapia.net\/sublimen\/wp-json\/wp\/v2\/types\/page"}],"author":[{"embeddable":true,"href":"https:\/\/www.audioterapia.net\/sublimen\/wp-json\/wp\/v2\/users\/1"}],"replies":[{"embeddable":true,"href":"https:\/\/www.audioterapia.net\/sublimen\/wp-json\/wp\/v2\/comments?post=3883"}],"version-history":[{"count":5,"href":"https:\/\/www.audioterapia.net\/sublimen\/wp-json\/wp\/v2\/pages\/3883\/revisions"}],"predecessor-version":[{"id":4897,"href":"https:\/\/www.audioterapia.net\/sublimen\/wp-json\/wp\/v2\/pages\/3883\/revisions\/4897"}],"up":[{"embeddable":true,"href":"https:\/\/www.audioterapia.net\/sublimen\/wp-json\/wp\/v2\/pages\/2935"}],"wp:attachment":[{"href":"https:\/\/www.audioterapia.net\/sublimen\/wp-json\/wp\/v2\/media?parent=3883"}],"wp:term":[{"taxonomy":"category","embeddable":true,"href":"https:\/\/www.audioterapia.net\/sublimen\/wp-json\/wp\/v2\/categories?post=3883"},{"taxonomy":"post_tag","embeddable":true,"href":"https:\/\/www.audioterapia.net\/sublimen\/wp-json\/wp\/v2\/tags?post=3883"}],"curies":[{"name":"wp","href":"https:\/\/api.w.org\/{rel}","templated":true}]}}