{"id":3938,"date":"2024-04-20T16:51:41","date_gmt":"2024-04-20T14:51:41","guid":{"rendered":"https:\/\/www.audioterapia.net\/sublimen\/?page_id=3938"},"modified":"2024-06-27T09:45:40","modified_gmt":"2024-06-27T07:45:40","slug":"ipnosi-e-autoipnosi","status":"publish","type":"page","link":"https:\/\/www.audioterapia.net\/sublimen\/dossier\/ipnosi-e-autoipnosi\/","title":{"rendered":"Ipnosi e Autoipnosi"},"content":{"rendered":"<div class=\"rvps1\">\n<p style=\"text-align: center;\"><img loading=\"lazy\" decoding=\"async\" class=\"aligncenter\" title=\"ipnosi-autoipnosi\" src=\"\/sublimen\/wp-content\/uploads\/ipnosi_autoipnosi.jpg\" alt=\"\" width=\"850\" height=\"407\"><\/p>\n<p>&nbsp;<\/p>\n<h2 style=\"text-align: center;\">Ipnosi e Autoipnosi<\/h2>\n<\/div>\n<div>\n<div id=\"table_2\">\n<div class=\"rvps1\">\u00a0<\/div>\n<div class=\"rvps0\" style=\"text-align: center;\"><span class=\"rvts64\"><b>Ogni ipnosi \u00e8 essenzialmente autoipnosi<\/b><\/span><\/div>\n<div class=\"rvps0\" style=\"text-align: center;\"><span class=\"rvts48\">(Cheek e LeCron,1968)<\/span><\/div>\n<div>\u00a0<\/div>\n<div class=\"rvps1\" style=\"text-align: center;\">&gt;&gt;\u00a0<a class=\"rvts4\" href=\"https:\/\/www.amadeux.net\/sublimen\/dossier\/autoipnosi_e_terapia.html\" target=\"_top\" rel=\"noopener\"><b>Autoipnosi e terapia<\/b><\/a><\/div>\n<div>\u00a0<\/div>\n<div class=\"rvps0\">L&#8217;ipnosi e&#8217; una tecnica studiata da M. H.\u00a0<b>Erickson<\/b>\u00a0e altri studiosi\/ricercatori per ottenere un &#8220;accesso&#8221; diretto del terapeuta alle piu&#8217; intime essenze del subconscio.<\/div>\n<div class=\"rvps0\">Si tratta di uno\u00a0<b>stato di coscienza alterato<\/b>\u00a0provocato da una concentrazione serrata su una o pochissime sollecitazioni (una luce, la voce del terapeuta, il toccamento ecc.) cosi&#8217; da realizzare una monoideazione.<\/div>\n<\/div>\n<\/div>\n<p>&nbsp;<\/p>\n<p>Il terapeuta e&#8217; la guida indispensabile per il raggiungimento della trance ipnotica (tranne nei casi di <b>autoipnosi<\/b>\u00a0che comunque richiedono un alto livello di conoscenza della tecnica e che comunque non raggiunge mai livelli ipnotici molto profondi) che e&#8217; la condizione di totale abbandono fisico contemporaneo ad una predominanza del livello mentale a tal punto da arrivare, in condizioni particolarmente profonde alla\u00a0<b>ideaplasia<\/b>, cioe&#8217; il totale dominio del corpo da parte della mente e il corpo fa quello e solo quello che la mente sta pensando).<\/p>\n<p>&nbsp;<\/p>\n<p>Diversamente da quanto si creda tali fenomeni non sono paragonabili al sonno o alla perdita di coscienza, perche&#8217; anzi il paziente e&#8217; in stato di veglia, ma alla modificazione in cui tale veglia e&#8217; vissuta e partecipata: si e&#8217; svegli con un altro stato di coscienza e di consapevolezza del proprio stato e delle propria condizione psico-fisica.<\/p>\n<p>&nbsp;<\/p>\n<p>In ipnosi le categorie mentali del tempo e dello spazio possono essere superate cosi&#8217; che si ha la possibilita&#8217; di <b>rivivere<\/b>\u00a0come presente condizioni di vita passate, ma comunque memorizzate nel nostro cervello, in zone, diciamo cosi&#8217;, normalmente non accessibili ai comuni meccanismi percettivi del cervello in stato di veglia normale.<\/p>\n<div class=\"rvps3\">\u00a0<\/div>\n<div>La stessa potenzialita&#8217; il cervello la realizza per creare e vivere situazioni di fatto inesistenti o fantastiche: e&#8217; questa potenzialita&#8217; che terapeuticamente si sfrutta per indurre la <b>visualizzazione<\/b> di situazioni positive in grado di sovrapporsi prima e poi sostituirsi alle situazioni negative che hanno indotto e mantengono lo stato di ansia, di insoddisfazione, di frustrazione, di disagio normalmente vissute dal paziente come insuperabili.<\/div>\n<div>\u00a0<\/div>\n<div>Tali visualizzazioni, sempre aderenti a fatti concreti e desiderati dal paziente sono di fatto un primo avvio, una spinta al superamento della difficolta&#8217; e fungono da avvio per esperienze reali, concrete che non faranno altro che confermare la <b>suggestione positiva<\/b>\u00a0indotta dalla ipnosi: ne consegue che suggestione e realta&#8217; si susseguono rinforzandosi a vicenda e ben presto la percezione positiva delle proprie potenzialita&#8217; e dei propri successi sostituiranno nella mente, nel ricordo e nel &#8220;autogiudizio&#8221; le valutazioni negative di impotenza risolutiva nei confronti dei problemi.<\/div>\n<div>\u00a0<\/div>\n<div>\u00a0<\/div>\n<div>\n<div id=\"table_2\">\n<div class=\"rvps1\"><img loading=\"lazy\" decoding=\"async\" class=\"aligncenter\" src=\"\/sublimen\/wp-content\/uploads\/ASTEROID.jpg\" alt=\"\" width=\"320\" height=\"200\" title=\"\"><\/div>\n<\/div>\n<\/div>\n<p>&nbsp;<\/p>\n<p>&nbsp;<\/p>\n<div>\n<div id=\"table_2\">\n<div class=\"rvps0\"><span class=\"rvts24\"><b>L&#8217;Ipnosi<\/b><\/span><\/div>\n<\/div>\n<div>\u00a0<\/div>\n<div id=\"table_2\">\n<div class=\"rvps0\"><span class=\"rvts64\"><b>di Chiara Collizzolli<\/b><\/span><\/div>\n<div>\u00a0<\/div>\n<div class=\"rvps0\">Molto diffusa in vari paesi, specialmente in Russia, viene utilizzata come metodo di cura in molti campi, quali chirurgia, odontoiatria, ginecologia ed ostetricia, ma soprattutto contro le malattie psicosomatiche, causate dallo stress eccessivo o da meccanismi psicologici negativi.<\/div>\n<div class=\"rvps0\">Paura, ansia, insicurezza spesso sono campanelli d\u2019allarme che possono degenerare in attacchi di panico o altre manifestazioni incontrollabili.<\/div>\n<p>&nbsp;<\/p>\n<div class=\"rvps0\">L\u2019ipnosi, inducendo una condizione psicofisica in cui cessa il controllo della parte razionale sull\u2019inconscio, aiuta ad entrare in contatto con la parte pi\u00f9 profonda di s\u00e9 stessi.<\/div>\n<div class=\"rvps0\">L\u2019inconscio diventa cos\u00ec estremamente ricettivo ai messaggi di guarigione inviati dal terapeuta.<\/div>\n<div class=\"rvps0\">Anche a livello fisico si riscontrano dei mutamenti: il battito cardiaco rallenta, la pressione sanguigna si abbassa, il respiro diventa pi\u00f9 regolare\u2026..c\u2019\u00e8 chi sostiene siano analoghi quelli del sonno, chi invece ritiene che l\u2019organismo rimanga perfettamente sveglio.<\/div>\n<\/div>\n<\/div>\n<div>\u00a0<\/div>\n<div>In Italia, bench\u00e9 sia oggetto di studi universitari, l\u2019ipnosi non ha ancora pienamente conquistato dignit\u00e0 scientifica. Eppure vi sono molti casi documentati di guarigione da diverse malattie, a volte anche con modalit\u00e0 piuttosto \u2026spettacolari.<\/div>\n<p>&nbsp;<\/p>\n<p>Gli effetti prodotti dall\u2019ipnosi non hanno ancora una vera e propria spiegazione scientifica a parte il portare alla luce paure profondamente radicate nell\u2019inconscio che altrimenti si tradurrebbero in somatizzazioni; eppure l\u2019ipnosi va ben oltre, con risultati che inducono a pensare.<\/p>\n<p>&nbsp;<\/p>\n<p><b>Qualche cenno storico<\/b><\/p>\n<p>&nbsp;<\/p>\n<p>Incisioni rupestri risalenti a pi\u00f9 di 30 mila anni fa testimoniano che l\u2019ipnosi si perde davvero nella notte dei tempi.<\/p>\n<div>\n<div id=\"table_2\">\n<div class=\"rvps0\">Era assai diffusa e ampiamente utilizzata presso i celti, gli incas, gli egizi, nonch\u00e9 in India e in Mesopotamia.<\/div>\n<\/div>\n<\/div>\n<p>&nbsp;<\/p>\n<p>Dopo secoli di oblio, venne riscoperta attorno al 1600. Spettacolare, e passato alla storia, l\u2019esperimento del medico e padre gesuita greco Athanasius Kircher: davanti ad un pubblico composto da scettici accademici, ipnotizz\u00f2 una gallina. una linea Tracci\u00f2 bianca con un gessetto sul piano in cui era stato posata e dimostr\u00f2 che la gallina rifiutava di muoversi perch\u00e9 convinta di essere stata legata.<\/p>\n<p>&nbsp;<\/p>\n<p>Durante la prima guerra mondiale un medico inglese, William Brown, risolse con successo pi\u00f9 di settecento casi di paralisi agli arti dovuti a shock nervoso da bombardamento.<\/p>\n<p>&nbsp;<\/p>\n<p>Molto esperimenti hanno portato a risultati ai limiti dell\u2019incredibile; il professor Platanov, medico russo che allena gli astronauti, dopo aver fatto bere ad un gruppo di volontari vodka in dosi assolutamente massicce, tali da ubriacare praticamente qualsiasi essere vivente, ordin\u00f2 loro di non risentire n\u00e9 durante la trance n\u00e9 al risveglio di nessun sintomo di ubriachezza, cosa che puntualmente si verific\u00f2.<\/p>\n<div>\n<div id=\"table_2\">\n<div class=\"rvps0\">Altri esperimenti testimoniano di persone che battono i denti convinte di stare ad una temperatura polare in un giorno d\u2019agosto, oppure vesciche da ustione che si formano sulla pelle di persone ipnotizzate a frasi tipo \u201dadesso ti tocco con un ferro incandescente\u201d\u2026\u2026.o anche un netto aumento della diuresi in persone a cui erano stati fatti bere molti bicchieri d\u2019acqua\u2026.vuoti!<\/div>\n<\/div>\n<\/div>\n<div>\u00a0<\/div>\n<div>\u00a0<\/div>\n<div>\n<div id=\"table_2\">\n<div class=\"rvps0\">Una domanda di carattere etico di cui si \u00e8 spesso discusso \u00e8 se mediante l\u2019ipnosi sia possibile far compiere atti negativi quando non addirittura criminali.<\/div>\n<div class=\"rvps0\">Naturalmente, \u00e8 stato anche dimostrato che vi sono soggetti pi\u00f9 sensibili ed altri pi\u00f9 refrattari all\u2019ipnosi stessa\u2026ma la domanda rimane ancora un inquietante interrogativo senza soluzione, almeno fino ad oggi.<\/div>\n<\/div>\n<\/div>\n<p>&nbsp;<\/p>\n<p>Note: D.Law &#8220;guida alla medicina alternativa&#8221; ed. Mediterranee<\/p>\n<p>&nbsp;<\/p>\n<p style=\"text-align: center;\"><a class=\"rvts4\" href=\"https:\/\/www.amadeux.net\/sublimen\/dossier\/autoipnosi_e_terapia.html\" target=\"_top\" rel=\"noopener\"><b>Autoipnosi e terapia<\/b><\/a><\/p>\n<p>&nbsp;<\/p>\n","protected":false},"excerpt":{"rendered":"<p>&nbsp; Ipnosi e Autoipnosi \u00a0 Ogni ipnosi \u00e8 essenzialmente autoipnosi (Cheek e LeCron,1968) \u00a0 &gt;&gt;\u00a0Autoipnosi e terapia \u00a0 L&#8217;ipnosi e&#8217; una tecnica studiata da M. H.\u00a0Erickson\u00a0e altri studiosi\/ricercatori per ottenere un &#8220;accesso&#8221; diretto del terapeuta alle &hellip; <a class=\"kt-excerpt-readmore\" href=\"https:\/\/www.audioterapia.net\/sublimen\/dossier\/ipnosi-e-autoipnosi\/\" aria-label=\"Ipnosi e Autoipnosi\">Continua a leggere<\/a><\/p>\n","protected":false},"author":1,"featured_media":0,"parent":2935,"menu_order":0,"comment_status":"closed","ping_status":"closed","template":"","meta":{"_lmt_disableupdate":"","_lmt_disable":"","footnotes":""},"categories":[112],"tags":[],"class_list":["post-3938","page","type-page","status-publish","hentry","category-dossier"],"_links":{"self":[{"href":"https:\/\/www.audioterapia.net\/sublimen\/wp-json\/wp\/v2\/pages\/3938","targetHints":{"allow":["GET"]}}],"collection":[{"href":"https:\/\/www.audioterapia.net\/sublimen\/wp-json\/wp\/v2\/pages"}],"about":[{"href":"https:\/\/www.audioterapia.net\/sublimen\/wp-json\/wp\/v2\/types\/page"}],"author":[{"embeddable":true,"href":"https:\/\/www.audioterapia.net\/sublimen\/wp-json\/wp\/v2\/users\/1"}],"replies":[{"embeddable":true,"href":"https:\/\/www.audioterapia.net\/sublimen\/wp-json\/wp\/v2\/comments?post=3938"}],"version-history":[{"count":2,"href":"https:\/\/www.audioterapia.net\/sublimen\/wp-json\/wp\/v2\/pages\/3938\/revisions"}],"predecessor-version":[{"id":4900,"href":"https:\/\/www.audioterapia.net\/sublimen\/wp-json\/wp\/v2\/pages\/3938\/revisions\/4900"}],"up":[{"embeddable":true,"href":"https:\/\/www.audioterapia.net\/sublimen\/wp-json\/wp\/v2\/pages\/2935"}],"wp:attachment":[{"href":"https:\/\/www.audioterapia.net\/sublimen\/wp-json\/wp\/v2\/media?parent=3938"}],"wp:term":[{"taxonomy":"category","embeddable":true,"href":"https:\/\/www.audioterapia.net\/sublimen\/wp-json\/wp\/v2\/categories?post=3938"},{"taxonomy":"post_tag","embeddable":true,"href":"https:\/\/www.audioterapia.net\/sublimen\/wp-json\/wp\/v2\/tags?post=3938"}],"curies":[{"name":"wp","href":"https:\/\/api.w.org\/{rel}","templated":true}]}}