{"id":4079,"date":"2024-04-24T19:35:39","date_gmt":"2024-04-24T17:35:39","guid":{"rendered":"https:\/\/www.audioterapia.net\/sublimen\/?page_id=4079"},"modified":"2024-06-27T17:39:52","modified_gmt":"2024-06-27T15:39:52","slug":"samkhya-yoga-e-creazione","status":"publish","type":"page","link":"https:\/\/www.audioterapia.net\/sublimen\/dossier\/samkhya-yoga-e-creazione\/","title":{"rendered":"Samkhya Yoga e creazione"},"content":{"rendered":"<div class=\"rvps1\">\n<p style=\"text-align: center;\"><img loading=\"lazy\" decoding=\"async\" class=\"aligncenter\" title=\"Filosofia Samkhya Yoga e processo di creazione\" src=\"\/sublimen\/wp-content\/uploads\/586910155887911628_n.jpg\" alt=\"Filosofia Samkhya Yoga e processo di creazione\" width=\"850\" height=\"380\" \/><\/p>\n<p>&nbsp;<\/p>\n<h2 style=\"text-align: center;\">La Filosofia del Samkhya Yoga e il processo di creazione (manifestazione)<\/h2>\n<\/div>\n<div>\n<div id=\"table_2\">\n<div class=\"rvps1\">\u00a0<\/div>\n<div class=\"rvps0\" style=\"text-align: center;\"><span class=\"rvts64\">di Marco Stefanelli, Ph.D. Indovedic Psychology<\/span><\/div>\n<div>\u00a0<\/div>\n<p>&nbsp;<\/p>\n<div class=\"rvps0\">Nella filosofia del Samkhya darshana viene descritto il processo che porta alla manifestazione del mondo fenomenico iniziando dall&#8217;interazione tra\u00a0<b>Purusha<\/b>\u00a0(spirito\/coscienza) e\u00a0<b>Prakriti<\/b>\u00a0(materia\/non coscienza).<\/div>\n<p>&nbsp;<\/p>\n<div class=\"rvps0\">Il dinamismo dell&#8217;universo \u00e8 dovuto infatti dall&#8217;interazione di questi due elementi primordiali. Il loro contatto \u00e8 indispensabile poich\u00e9 lo spirito \u00e8 inattivo senza la materia e la materia \u00e8 cieca senza lo spirito.<\/div>\n<p>&nbsp;<\/p>\n<div class=\"rvps0\">Tutto il processo della creazione \u00e8 un atto graduale di evoluzione e sviluppo da un elemento al successivo, fino ad arrivare alla variet\u00e0 della Natura come la conosciamo oggi.<\/div>\n<p>&nbsp;<\/p>\n<div class=\"rvps1\"><img loading=\"lazy\" decoding=\"async\" class=\"aligncenter\" title=\"nuovomondo\" src=\"\/sublimen\/wp-content\/uploads\/nuovomondo.jpg\" alt=\"\" width=\"145\" height=\"132\"><\/div>\n<p>&nbsp;<\/p>\n<div class=\"rvps0\">Nel Samkhya viene descritta la creazione come un processo di destabilizzazione, da parte della\u00a0<b>Coscienza Suprema<\/b>, delle tre forze fondamentali archetipiche della Natura materiale, i\u00a0<b>Guna<\/b>.<\/div>\n<p>&nbsp;<\/p>\n<div class=\"rvps0\">La Prakriti, dallo stadio di quiete (Pradhana), passa ad uno stadio dinamico dove si viene a creare una differenziazione degli elementi materiali che invece non era presente nello stadio di equilibrio del\u00a0<b>Pradhana<\/b>.<\/div>\n<p>&nbsp;<\/p>\n<div class=\"rvps0\">La manifestazione degli elementi cosmici inizia da quelli pi\u00f9 sottili, quelli che compongono la vita psichica degli esseri e procede verso gli elementi pi\u00f9 grossolani che costituiscono la realt\u00e0 fisica.<\/div>\n<div class=\"rvps0\">Il primo elemento a manifestarsi \u00e8 il\u00a0<b>Mahat<\/b>\u00a0o Buddhi cosmica, che \u00e8 l&#8217;intelletto cosmico da cui si sviluppano vari tipi di realt\u00e0 e che costituisce la matrice e la sostanza sottile di tutti i processi mentali.<\/div>\n<div>\u00a0<\/div>\n<p>&nbsp;<\/p>\n<div class=\"rvps1\"><img loading=\"lazy\" decoding=\"async\" class=\"aligncenter\" title=\"Samkhya_tattva\" src=\"\/sublimen\/wp-content\/uploads\/Samkhya_tattva.jpg\" alt=\"\" width=\"424\" height=\"600\"><\/div>\n<div>\u00a0<\/div>\n<p>&nbsp;<\/p>\n<div class=\"rvps0\">Dal Mahat si produce\u00a0<b>Ahamkara<\/b>, che \u00e8 una scintilla di coscienza del\u00a0<b>Brahman<\/b>, condizionata dalla materia e che diventa progressivamente la coscienza individuale dell&#8217;io, l&#8217;ego. In questa fase si forma una individualit\u00e0 separata e distorta che \u00e8 responsabile della visione di un mondo oggettivo illudente e conflittuale percepito dal soggetto. Ma in realt\u00e0 il vero soggetto \u00e8 il purusha, il S\u00e9, che per\u00f2 viene oscurato &#8211; ma non contaminato &#8211; dalle coperture e dai condizionamenti della materia.<\/div>\n<p>&nbsp;<\/p>\n<div class=\"rvps0\">Da Ahamkara, sotto l&#8217;influsso di Sattva guna, si sviluppa\u00a0<b>Manas<\/b>, la Mente cosmica, il principio cognitivo. Manas sintetizza le informazioni ricevute dai sensi. Questa \u00e8 la mente sensoriale esposta al continuo fluire delle\u00a0<b>vritti<\/b>\u00a0prodotte dall&#8217;interazione tra sensi ed oggetti. Manas \u00e8 come uno schermo dove vengono proiettate le immagini che i sensi hanno raccolto dal mondo fenomenico, immagini con le quali l&#8217;ego si identifica e che generalmente sono distorte e non corrispondenti alla vera realt\u00e0.<\/div>\n<p>&nbsp;<\/p>\n<div class=\"rvps0\">Da Ahamkara, sotto l&#8217;influsso di Tamas guna, sono generati i cinque\u00a0<b>Tanmatra<\/b>, gli elementi potenziali e archetipici appartenenti alla manifestazione sottile e che generalmente non sono percepibili ma desumibili per inferenza.<\/div>\n<div class=\"rvps0\">Essi sono le essenze di:\u00a0<b>suono<\/b>\u00a0(shabda),\u00a0<b>tatto<\/b>\u00a0(sparsha),\u00a0<b>vista<\/b>\u00a0(rupa),\u00a0<b>gusto<\/b>\u00a0(rasa) e\u00a0<b>odore<\/b>\u00a0(gandha). Con un processo di condensazione materica e sotto l&#8217;influenza di Tamas, questi elementi generano i sensi dell&#8217;udito, del tatto, della vista, del gusto e dell&#8217;olfatto, successivamente i corrispondenti organi di percezione: l&#8217;orecchio, la pelle, gli occhi, la lingua ed il naso, e infine i cinque\u00a0<b>Bhuta<\/b>, gli elementi fisici: <b>Etere<\/b>\u00a0(akasha),\u00a0<b>Aria<\/b>\u00a0(vayu),\u00a0<b>Fuoco<\/b>\u00a0(tejas),\u00a0<b>Acqua<\/b>\u00a0(apas) e\u00a0<b>Terra<\/b>\u00a0(kshiti).<\/div>\n<div>\u00a0<\/div>\n<p>&nbsp;<\/p>\n<div class=\"rvps1\"><img loading=\"lazy\" decoding=\"async\" class=\"aligncenter\" title=\"dissonanza\" src=\"\/sublimen\/wp-content\/uploads\/dissonanza_1.jpg\" alt=\"\" width=\"357\" height=\"268\"><\/div>\n<div>\u00a0<\/div>\n<p>&nbsp;<\/p>\n<div class=\"rvps0\">Il\u00a0<b>suono potenziale<\/b>\u00a0(shabda tanmatra), che \u00e8 all&#8217;origine dell&#8217;udito e dell&#8217;orecchio \u00e8 il\u00a0<b>primo elemento ad essere generato<\/b>, da questo si evince l&#8217;importanza del suono nel processo di creazione e sviluppo del cosmo.<\/div>\n<div class=\"rvps3\">\u00a0<\/div>\n<div class=\"rvps0\">La differenza sostanziale, riguardo alla creazione, tra il modello cosmologico vedantico e la tesi del Big Bang della fisica moderna \u00e8 che, la fisica si interrompe all&#8217;individuazione della coppia di elementi primitivi, mentre i Veda risalgono ad una Causa Prima, da cui prakriti e purusha, materia e non-materia, vengono originati, richiamando dunque l&#8217;intervento di una\u00a0<b>Volont\u00e0 Suprema<\/b>, di un Essere e un&#8217;intelligenza trascendente le propriet\u00e0 fisiche, che emani e diriga la manifestazione delle condizioni primarie in cui la vita si sviluppa.<\/div>\n<div>\u00a0<\/div>\n<div class=\"rvps0\">Il prof.\u00a0<b>Marco Ferrini<\/b>, nel suo libro &#8220;Sognando Vaikuntha&#8221;, descrive l&#8217;<b>Ordine Universale<\/b>, ne citiamo un breve estratto:<\/div>\n<p>&nbsp;<\/p>\n<div class=\"rvps0\">&#8220;Non c&#8217;\u00e8 realizzazione senza armonia con il creato tutto e le creature. Questo universo, come il nostro corpo, \u00e8 un sistema organico. Nel micro come nel macrocosmo, dalle orbite dei pianeti al funzionamento di un organo o di un tessuto, troveremo sempre un sistema che funziona in maniera coerente: la pi\u00f9 piccola cellula come il pi\u00f9 grande corpo celeste rispondono a forze precise. Siamo immersi in un universo di mente.<\/div>\n<p>&nbsp;<\/p>\n<div class=\"rvps0\"><b>La materia \u00e8 coscienza in espansione<\/b>; come gi\u00e0 detto \u00e8 necessario imparare a guardare agli oggetti come prodotti della coscienza, del pensiero creativo. La nostra posizione nell&#8217;universo non \u00e8 affatto casuale. Noi siamo parte di un progetto: quanto pi\u00f9 vi aderiamo, tanto pi\u00f9 saremo capaci, felici, realizzati. Questo progetto ha forze proprie, proprie regole e leggi universali, che gli Hindu definiscono dharma, l&#8217;ordine divino e sovrano.<\/div>\n<p>&nbsp;<\/p>\n<div class=\"rvps0\">Nel dharma l&#8217;antico pensiero indiano identifica quel campo energetico originario indifferenziato che poi si differenzia dando vita ad innumerevoli energie le quali, attraverso lo sviluppo delle scienze fenomeniche, enumeriamo e crediamo di scoprire quando entriamo a contatto con qualche loro manifestazione, elencandola nella nostra lista di conoscenze.<\/div>\n<p>&nbsp;<\/p>\n<div class=\"rvps0\">E&#8217; il\u00a0<b>Dharma<\/b>\u00a0che sostiene l&#8217;universo, che lo fa vivere, che lo rende progettuale e finalizzato, in opposizione al caos, al disordine, ai comportamenti disecologici.<\/div>\n<div>\u00a0<\/div>\n<div class=\"rvps0\">Quest&#8217;ordine \u00e8 responsabile del nostro equilibrio, della salute fisica, del cammino di progresso. Non \u00e8 artificiale, non determina una repressione delle istanze profonde dell&#8217;essere, \u00e8 quella norma universale che \u00e8 inscritta, come un codice genetico, nell&#8217;intimo di ogni creatura e la cui infrazione provoca una condizione innaturale, limitante e patologica, inevitabilmente segnata da conflitti e sofferenze.<\/div>\n<div class=\"rvps0\">Non c&#8217;\u00e8 progresso senza armonizzazione con il dharma, senza armonizzazione della nostra mente alla mente cosmica, della nostra capacit\u00e0 intellettiva all&#8217;intelletto universale&#8221;.<\/div>\n<div>\u00a0<\/div>\n<div>\u00a0<\/div>\n<div class=\"rvps0\"><span class=\"rvts8\"><i>Testi ed immagini selezionati, compilati e supervisionati da Marco Stefanelli<\/i><\/span><\/div>\n<div>\u00a0<\/div>\n<div>\u00a0<\/div>\n<\/div>\n<\/div>\n","protected":false},"excerpt":{"rendered":"<p>&nbsp; La Filosofia del Samkhya Yoga e il processo di creazione (manifestazione) \u00a0 di Marco Stefanelli, Ph.D. Indovedic Psychology \u00a0 &nbsp; Nella filosofia del Samkhya darshana viene descritto il processo che porta alla manifestazione del mondo &hellip; <a class=\"kt-excerpt-readmore\" href=\"https:\/\/www.audioterapia.net\/sublimen\/dossier\/samkhya-yoga-e-creazione\/\" aria-label=\"Samkhya Yoga e creazione\">Continua a leggere<\/a><\/p>\n","protected":false},"author":1,"featured_media":0,"parent":2935,"menu_order":0,"comment_status":"closed","ping_status":"closed","template":"","meta":{"_lmt_disableupdate":"","_lmt_disable":"","footnotes":""},"categories":[112],"tags":[],"class_list":["post-4079","page","type-page","status-publish","hentry","category-dossier"],"_links":{"self":[{"href":"https:\/\/www.audioterapia.net\/sublimen\/wp-json\/wp\/v2\/pages\/4079","targetHints":{"allow":["GET"]}}],"collection":[{"href":"https:\/\/www.audioterapia.net\/sublimen\/wp-json\/wp\/v2\/pages"}],"about":[{"href":"https:\/\/www.audioterapia.net\/sublimen\/wp-json\/wp\/v2\/types\/page"}],"author":[{"embeddable":true,"href":"https:\/\/www.audioterapia.net\/sublimen\/wp-json\/wp\/v2\/users\/1"}],"replies":[{"embeddable":true,"href":"https:\/\/www.audioterapia.net\/sublimen\/wp-json\/wp\/v2\/comments?post=4079"}],"version-history":[{"count":5,"href":"https:\/\/www.audioterapia.net\/sublimen\/wp-json\/wp\/v2\/pages\/4079\/revisions"}],"predecessor-version":[{"id":4944,"href":"https:\/\/www.audioterapia.net\/sublimen\/wp-json\/wp\/v2\/pages\/4079\/revisions\/4944"}],"up":[{"embeddable":true,"href":"https:\/\/www.audioterapia.net\/sublimen\/wp-json\/wp\/v2\/pages\/2935"}],"wp:attachment":[{"href":"https:\/\/www.audioterapia.net\/sublimen\/wp-json\/wp\/v2\/media?parent=4079"}],"wp:term":[{"taxonomy":"category","embeddable":true,"href":"https:\/\/www.audioterapia.net\/sublimen\/wp-json\/wp\/v2\/categories?post=4079"},{"taxonomy":"post_tag","embeddable":true,"href":"https:\/\/www.audioterapia.net\/sublimen\/wp-json\/wp\/v2\/tags?post=4079"}],"curies":[{"name":"wp","href":"https:\/\/api.w.org\/{rel}","templated":true}]}}