{"id":4165,"date":"2024-04-30T14:25:55","date_gmt":"2024-04-30T12:25:55","guid":{"rendered":"https:\/\/www.audioterapia.net\/sublimen\/?page_id=4165"},"modified":"2025-10-07T10:43:24","modified_gmt":"2025-10-07T08:43:24","slug":"cimatica-di-chaldni-e-jenny","status":"publish","type":"page","link":"https:\/\/www.audioterapia.net\/sublimen\/dossier\/cimatica-di-chaldni-e-jenny\/","title":{"rendered":"Cimatica di Chaldni e Jenny"},"content":{"rendered":"<div class=\"rvps1\">\n<p style=\"text-align: center;\"><img loading=\"lazy\" decoding=\"async\" class=\"aligncenter\" title=\"La cimatica di Chaldni e Jenny\" src=\"\/sublimen\/wp-content\/uploads\/cimatica.jpg\" alt=\"La cimatica di Chaldni e Jenny\" width=\"859\" height=\"315\" \/><\/p>\n<p>&nbsp;<\/p>\n<h2 style=\"text-align: center;\">La cimatica di Chaldni e Jenny<\/h2>\n<\/div>\n<div>\n<div id=\"table_2\">\n<div class=\"rvps1\">\u00a0<\/div>\n<div class=\"rvps0\"><span class=\"rvts8\">Testi originali di Carla Fleischli Caporale<\/span><\/div>\n<div>\u00a0<\/div>\n<div class=\"rvps0\"><span class=\"rvts8\">Testi ed immagini selezionati, compilati e supervisionati da Marco Stefanelli<\/span><\/div>\n<\/div>\n<\/div>\n<div>\u00a0<\/div>\n<div>\u00a0<\/div>\n<div>\n<div id=\"table_2\">\n<div class=\"rvps0\">Il termine Cimatica deriva dal greco &#8220;Kyma&#8221;, cio\u00e8 grande onda. &#8220;In principio era il Verbo&#8221; e in sanscrito &#8220;Nada Brahma&#8221;. &#8220;Il mondo \u00e8 suono&#8221;. La Cimatica \u00e8 una scienza antica come il mondo, se ne parla gi\u00e0 nelle scritture vediche. Tutta la creazione \u00e8 una sinfonia di suoni, di vibrazioni, in cui le singole parti si inseriscono attratte dalla risonanza con i suoni simili.<\/div>\n<div>\u00a0<\/div>\n<div class=\"rvps0\"><b>La Cimatica \u00e8 una scienza che studia le forme prodotte dalle onde<\/b>\u00a0ossia dalle frequenze che possono essere sonore, elettromagnetiche ecc.<\/div>\n<\/div>\n<\/div>\n<div class=\"rvps3\">\u00a0<\/div>\n<div>\u00a0<\/div>\n<div>\n<div id=\"table_2\">\n<div class=\"rvps1\"><img loading=\"lazy\" decoding=\"async\" class=\"aligncenter\" title=\"chladni111\" src=\"\/sublimen\/wp-content\/uploads\/chladni111_1.jpg\" alt=\"\" width=\"235\" height=\"168\"><\/div>\n<div>\u00a0<\/div>\n<div>\u00a0<\/div>\n<p><\/p>\n<div class=\"rvps0\">Nel XVII secolo il fisico e musicista tedesco\u00a0<b>Ernst Florenz Friedrich Chaldni<\/b>\u00a0pubblic\u00f2 &#8220;Entdeckungen \u00f9ber die Theorie des Klanges&#8221; (Scoperte sulla teoria dei suoni). In questa ed altre opere all&#8217;avanguardia Chladni, nato nel 1756 (lo stesso anno di Mozart) e morto nel 1829, pose le fondamenta di quella disciplina della fisica che avrebbe poi assunto la denominazione di acustica, la scienza del suono. Uno dei successi di Chladni fu quello di escogitare un metodo per rendere visibile quello che le onde sonore generano. Egli prov\u00f2 a far vibrare un arco da violino su una sottile lamina di metallo su cui distribu\u00ec una piccola quantit\u00e0 di sabbia: facendo scorrere l&#8217;archetto scopr\u00ec che la sabbia si separava andando a formare meravigliose forme simmetriche.\u00a0<b>Con questo esperimento dimostr\u00f2 che il suono influisce davvero sulla materia fisica<\/b>\u00a0e diede inizio a una nuova scienza, la\u00a0<b>cimatica<\/b>, cio\u00e8 lo studio degli effetti delle onde sonore sulla materia fisica.<\/div>\n<\/div>\n<\/div>\n<div>\u00a0<\/div>\n<div><img loading=\"lazy\" decoding=\"async\" class=\"aligncenter size-full wp-image-5175\" src=\"https:\/\/www.audioterapia.net\/sublimen\/wp-content\/uploads\/Hans-Jenny6928349088115761658_n.jpg\" alt=\"\" width=\"640\" height=\"468\" title=\"\" srcset=\"https:\/\/www.audioterapia.net\/sublimen\/wp-content\/uploads\/Hans-Jenny6928349088115761658_n.jpg 640w, https:\/\/www.audioterapia.net\/sublimen\/wp-content\/uploads\/Hans-Jenny6928349088115761658_n-300x219.jpg 300w\" sizes=\"auto, (max-width: 640px) 100vw, 640px\" \/><\/div>\n<div>\u00a0<\/div>\n<div>\n<div id=\"table_2\">\n<div class=\"rvps0\">Due secoli dopo un altro scienziato e fisico svizzero, il dr.\u00a0<b>Hans Jenny<\/b>, morto nel 1972 e pressoch\u00e9 sconosciuto nelle nostre universit\u00e0, trascorse tutta la vita a sperimentare la capacit\u00e0 del suono di creare forme, scattando numerose fotografie. Per condurre questi esperimenti si avvalse di svariati dispositivi: oscillatori sonori, microfoni, sofisticate apparecchiature fotografiche, registrazioni di musica classica e di voci parlate. Osserv\u00f2 che le forme e le figure che si producevano sulla sabbia, limatura di ferro, acqua e altro, quando sono soggette a vibrazioni sonore, avevano una certa prevedibilit\u00e0. Il dr. Jenny dimostr\u00f2 che le vibrazioni producevano forme geometriche, sfere, cristalli e anche spirali a forma di galassie. Facendo vibrare vari materiali, tra cui acqua, olio e grafite, in essi compaiono delle forme con struttura tridimensionale che variano con il variare delle frequenze e della loro intensit\u00e0.<\/div>\n<div>\u00a0<\/div>\n<div class=\"rvps1\" style=\"text-align: center;\"><img decoding=\"async\" class=\"aligncenter\" title=\"chladni1\" src=\"\/sublimen\/wp-content\/uploads\/chladni1.jpg\" alt=\"\"><\/div>\n<div class=\"rvps1\" style=\"text-align: center;\">\u00a0\u00a0 \u00a0<img loading=\"lazy\" decoding=\"async\" class=\"aligncenter\" title=\"chladni_christies_1\" src=\"\/sublimen\/wp-content\/uploads\/chladni_christies_1.jpg\" alt=\"\" width=\"344\" height=\"406\"><\/div>\n<p><\/p>\n<div class=\"rvps1\" style=\"text-align: center;\"><b>Figure di Chaldni<\/b><\/div>\n<div>\u00a0<\/div>\n<\/div>\n<div>\u00a0<\/div>\n<div>\n<div class=\"rvps0\">Ogni figura \u00e8 semplicemente la forma visibile di una forza invisibile. Ogni forma contiene le informazioni delle vibrazioni che l&#8217;hanno generata ed \u00e8 ipotizzabile che le ritrasmetta su armoniche maggiori. Jenny dimostr\u00f2 che la musica produceva una struttura simile a quella di un tessuto: il suono crea la forma. Su questa base riteneva che la chiave per guarire il corpo si potesse trovare nella comprensione di come la frequenza sonora agisca sulle cellule e sulle strutture del corpo. Hans Jenny not\u00f2 che determinati suoni corrispondono sempre alle stesse figure, inoltre, scopr\u00ec che acclamando i suoni di antichi linguaggi come il sanscrito o l&#8217;ebraico, le figure che si producevano, disegnavano il simbolo alfabetico che si pronunziava.<\/div>\n<div class=\"rvps0\">Nei suoi esperimenti realizz\u00f2 tanto le figure di Chladni quanto quelle di Lissajous.<\/div>\n<div>\u00a0<\/div>\n<div class=\"rvps0\">Scopr\u00ec inoltre che se faceva vibrare una lastra secondo frequenza e ampiezza specifiche &#8211; vibrazione &#8211; sul materiale della lastra comparivano le forme e gli schemi di movimento caratteristici di quella vibrazione. Se modificava la frequenza o l&#8217;ampiezza, variavano anche lo sviluppo e lo schema. Scopri che se aumentava la frequenza, altrettanto accadeva alla complessit\u00e0 degli schemi; il numero degli elementi diventava maggiore.<\/div>\n<div>\u00a0<\/div>\n<div class=\"rvps0\">Se, d&#8217;altro canto, aumentava l&#8217;ampiezza, i movimenti diventavano ancor pi\u00f9 rapidi e tumultuosi e potevano persino creare piccole eruzioni dove il materiale effettivo veniva scagliato in aria. Le forme, le figure e gli schemi di movimento che comparivano si dimostrarono essere principalmente una funzione della frequenza, dell&#8217;ampiezza e delle caratteristiche inerenti ai vari materiali. Un&#8217;altra scoperta interessante rilevava che i disegni, che altrimenti si formavano, ricordavano le strutture cellulari degli organi viventi.<\/div>\n<div>\u00a0<\/div>\n<div class=\"rvps1\"><img loading=\"lazy\" decoding=\"async\" class=\"aligncenter\" title=\"chladni331\" src=\"\/sublimen\/wp-content\/uploads\/chladni331.jpg\" alt=\"\" width=\"425\" height=\"425\"><\/div>\n<\/div>\n<\/div>\n<div>\u00a0<\/div>\n<div>\u00a0<\/div>\n<div>\n<div><\/p>\n<div class=\"rvps0\">Jenny si convinse che la vita \u00e8 il risultato delle vibrazioni specifiche di ogni cellula &#8211; in altre parole, ogni cellula ha il suo suono, la sua nota. Nel capitolo conclusivo di &#8220;Cymatics&#8221;, Jenny riunisce questi fenomeni in un&#8217;unit\u00e0 suddivisa in tre parti. Il potere generativo fondamentale risiede nella vibrazione che, con la sua periodicit\u00e0, sostiene i fenomeni e i loro due poli. Ad un polo abbiamo la forma, lo schema figurativo; in corrispondenza dell&#8217;altro polo troviamo il movimento, il processo dinamico. Secondo Jenny questi tre campi &#8211; vibrazione e periodicit\u00e0 come campo di fondo, e forma e movimento come i due poli &#8211; costituiscono un indivisibile insieme, anche se talvolta uno di essi pu\u00f2 avere il predominio.<\/div>\n<div>\u00a0<\/div>\n<p><\/p>\n<div class=\"rvps1\"><img loading=\"lazy\" decoding=\"async\" class=\"aligncenter\" title=\"chladnicoffe1_1\" src=\"\/sublimen\/wp-content\/uploads\/chladnicoffe1_1.jpg\" alt=\"\" width=\"172\" height=\"235\"><\/div>\n<div>\u00a0<\/div>\n<p><\/p>\n<div class=\"rvps0\">Nel corso delle sue ricerche con il fonoscopio not\u00f2 che quando venivano pronunciate le vocali delle antiche lingue fenicio-ebraica e sanscrita, la sabbia assumeva la forma dei simboli grafici delle vocali stesse mentre le nostre lingue moderne non producevano un analogo risultato! Come \u00e8 possibile questo? Gli antichi ne erano a conoscenza? Ci sono connessioni con le &#8220;lingue sacre&#8221;? Hanno forse la facolt\u00e0 di influenzare e trasformare la realt\u00e0 fisica, di creare oggetti tramite il loro insito potere?<\/div>\n<div>\u00a0<\/div>\n<div class=\"rvps0\">Con lo studio della Cimatica si ha la prova che la vibrazione, il suono, influenza la materia. Essa dimostra in modo inequivocabile il rapporto tra forma e frequenza, rapporto che \u00e8 alla base di tutto ci\u00f2 che esiste. Il suono genera le forme, le recenti esperienze sul movimento ondulatorio confermano un nesso tra onde, sostanza e forma, riguardante anche tutti gli organismi. Tutti gli studi e gli esperimenti condotti con l&#8217;utilizzo di frequenze d&#8217;onda confermano studi ed esperienze che risalgono ad antiche civilt\u00e0 secondo le quali ogni suono, quindi ogni onda vibratoria \u00e8 in collegamento con una forma nello spazio, da essa generata e tenuta in vita e in movimento. Dalla stessa consapevolezza nasce quella famosa asserzione di Pitagora per cui la geometria \u00e8 &#8220;musica cristallizzata&#8221;. Studiosi ci hanno mostrato forme molteplici, alcune geometriche, da noi conosciute come simboli, croci, stelle, ecc., sono prodotte da vari tipi di vibrazione. Per cui, se ogni suono, onda, movimento, pensiero, sentimento, creano forme, anche noi di conseguenza stiamo continuamente creando forme, perch\u00e9 abbiamo la stessa natura vibratoria.<\/div>\n<div>\u00a0<\/div>\n<div class=\"rvps1\" style=\"text-align: center;\"><img loading=\"lazy\" decoding=\"async\" class=\"aligncenter\" title=\"chladni22_1\" src=\"\/sublimen\/wp-content\/uploads\/chladni22_1.jpg\" alt=\"\" width=\"196\" height=\"189\"><\/div>\n<div>\u00a0<\/div>\n<div class=\"rvps1\" style=\"text-align: center;\">\u00a0\u00a0 \u00a0 \u00a0 \u00a0\u00a0<img loading=\"lazy\" decoding=\"async\" class=\"aligncenter\" title=\"chladni233_1\" src=\"\/sublimen\/wp-content\/uploads\/chladni233_1.jpg\" alt=\"\" width=\"196\" height=\"183\"><\/div>\n<\/div>\n<div>\u00a0<\/div>\n<div><\/p>\n<div class=\"rvps0\">L&#8217;idea di una forma generata da un campo vibrazionale e che risuona potrebbe sembrare irrazionale. Ogni figura \u00e8 invece la forma visibile di una energia invisibile ed ogni forma contiene le informazioni sulle vibrazioni che l&#8217;ha generata. Immaginate che qualcuno mescoli la sabbia sul piatto e cancelli la forma. Nel giro di pochi secondi, la stessa forma ricompare. Com&#8217;\u00e8 possibile spiegare questo? Solo ammettendo che il suono ha delle propriet\u00e0 particolari di modulare e modellare l&#8217;energia, cio\u00e8 la materia! Il Verbo \u00e8 l&#8217;azione del suono.<\/div>\n<div>\u00a0<\/div>\n<p><\/p>\n<div class=\"rvps1\"><img loading=\"lazy\" decoding=\"async\" class=\"aligncenter\" title=\"maha_sri_yantra_1\" src=\"\/sublimen\/wp-content\/uploads\/maha_sri_yantra_1.jpg\" alt=\"\" width=\"163\" height=\"162\"><\/div>\n<div>\u00a0<\/div>\n<p><\/p>\n<div class=\"rvps0\">Nel corso di alcune sperimentazioni venne posta della sabbia sopra una membrana sensibile alle vibrazioni (disco di Chladni) e venne fatto produrre il canto dell&#8217;OM ad una persona: il risultato fu che la sabbia si dispose secondo delle linee di forza fino a formare un disegno circolare con tutta una serie di triangoli convergenti verso il centro.<\/div>\n<div>\u00a0<\/div>\n<div class=\"rvps0\">E&#8217; normale che il suono produca delle forme visive, ma il dato interessante in questo caso, \u00e8 che il disegno prodotto corrispondeva ad uno Yantra, cio\u00e8 ad un disegno rituale della cultura vedica.<\/div>\n<div>\u00a0<\/div>\n<div class=\"rvps0\">Lo Yantra ha la stessa funzione del Mantra sul piano visivo. Ma questo Yantra non era uno qualunque, bens\u00ec il cosiddetto Sri Yantra, che \u00e8 da sempre considerato la rappresentazione visuale del suono OM, rivelatrice della perfetta armonia attraverso la perfetta geometria dei suoi triangoli convergenti.<\/div>\n<div>\u00a0<\/div>\n<p><\/p>\n<div class=\"rvps0\"><span class=\"rvts8\"><b>Carla Fleischli Caporale<\/b><\/span><\/div>\n<div>\u00a0<\/div>\n<div class=\"rvps0\"><span class=\"rvts8\">Giornalista e scrittrice, si occupa di ricerca nel campo del benessere psico-fisico e della divulgazione di quelle tecniche in grado di ampliare la consapevolezza e migliorare quindi lo stile di vita. Ha pubblicato diversi libri firmati con lo pseudonimo M.A.R. (Marina Alessandra Ricci)<\/span><\/div>\n<div class=\"rvps3\">\u00a0<\/div>\n<div>\u00a0<\/div>\n<\/div>\n<\/div>\n","protected":false},"excerpt":{"rendered":"<p>&nbsp; La cimatica di Chaldni e Jenny \u00a0 Testi originali di Carla Fleischli Caporale \u00a0 Testi ed immagini selezionati, compilati e supervisionati da Marco Stefanelli \u00a0 \u00a0 Il termine Cimatica deriva dal greco &#8220;Kyma&#8221;, cio\u00e8 grande &hellip; <a class=\"kt-excerpt-readmore\" href=\"https:\/\/www.audioterapia.net\/sublimen\/dossier\/cimatica-di-chaldni-e-jenny\/\" aria-label=\"Cimatica di Chaldni e Jenny\">Continua a leggere<\/a><\/p>\n","protected":false},"author":1,"featured_media":0,"parent":2935,"menu_order":0,"comment_status":"closed","ping_status":"closed","template":"","meta":{"_lmt_disableupdate":"","_lmt_disable":"","footnotes":""},"categories":[112],"tags":[],"class_list":["post-4165","page","type-page","status-publish","hentry","category-dossier"],"_links":{"self":[{"href":"https:\/\/www.audioterapia.net\/sublimen\/wp-json\/wp\/v2\/pages\/4165","targetHints":{"allow":["GET"]}}],"collection":[{"href":"https:\/\/www.audioterapia.net\/sublimen\/wp-json\/wp\/v2\/pages"}],"about":[{"href":"https:\/\/www.audioterapia.net\/sublimen\/wp-json\/wp\/v2\/types\/page"}],"author":[{"embeddable":true,"href":"https:\/\/www.audioterapia.net\/sublimen\/wp-json\/wp\/v2\/users\/1"}],"replies":[{"embeddable":true,"href":"https:\/\/www.audioterapia.net\/sublimen\/wp-json\/wp\/v2\/comments?post=4165"}],"version-history":[{"count":6,"href":"https:\/\/www.audioterapia.net\/sublimen\/wp-json\/wp\/v2\/pages\/4165\/revisions"}],"predecessor-version":[{"id":5176,"href":"https:\/\/www.audioterapia.net\/sublimen\/wp-json\/wp\/v2\/pages\/4165\/revisions\/5176"}],"up":[{"embeddable":true,"href":"https:\/\/www.audioterapia.net\/sublimen\/wp-json\/wp\/v2\/pages\/2935"}],"wp:attachment":[{"href":"https:\/\/www.audioterapia.net\/sublimen\/wp-json\/wp\/v2\/media?parent=4165"}],"wp:term":[{"taxonomy":"category","embeddable":true,"href":"https:\/\/www.audioterapia.net\/sublimen\/wp-json\/wp\/v2\/categories?post=4165"},{"taxonomy":"post_tag","embeddable":true,"href":"https:\/\/www.audioterapia.net\/sublimen\/wp-json\/wp\/v2\/tags?post=4165"}],"curies":[{"name":"wp","href":"https:\/\/api.w.org\/{rel}","templated":true}]}}