{"id":4196,"date":"2024-05-01T11:54:02","date_gmt":"2024-05-01T09:54:02","guid":{"rendered":"https:\/\/www.audioterapia.net\/sublimen\/?page_id=4196"},"modified":"2025-04-16T12:50:36","modified_gmt":"2025-04-16T10:50:36","slug":"rife-frequenze-di-guarigione","status":"publish","type":"page","link":"https:\/\/www.audioterapia.net\/sublimen\/dossier\/rife-frequenze-di-guarigione\/","title":{"rendered":"RIFE e le frequenze di guarigione"},"content":{"rendered":"<div class=\"rvps1\">\n<p style=\"text-align: center;\"><img loading=\"lazy\" decoding=\"async\" class=\"aligncenter wp-image-5073 size-full\" title=\"Royal Raymond Rife e le frequenze di guarigione\" src=\"https:\/\/www.audioterapia.net\/sublimen\/wp-content\/uploads\/rrrife2.jpg\" alt=\"Royal Raymond Rife e le frequenze di guarigione\" width=\"1024\" height=\"576\" srcset=\"https:\/\/www.audioterapia.net\/sublimen\/wp-content\/uploads\/rrrife2.jpg 1024w, https:\/\/www.audioterapia.net\/sublimen\/wp-content\/uploads\/rrrife2-300x169.jpg 300w, https:\/\/www.audioterapia.net\/sublimen\/wp-content\/uploads\/rrrife2-768x432.jpg 768w\" sizes=\"auto, (max-width: 1024px) 100vw, 1024px\" \/><\/p>\n<p>&nbsp;<\/p>\n<h2 style=\"text-align: center;\">Royal Raymond Rife, Hulda Clark e le frequenze di guarigione<\/h2>\n<\/div>\n<div>\n<div>\n<div id=\"table_3\">\u00a0<\/div>\n<\/div>\n<div id=\"table_2\">\n<div class=\"rvps0\" style=\"text-align: center;\"><span class=\"rvts64\">compilazione a cura di Alan Perz, PhD<\/span><\/div>\n<div>\u00a0<\/div>\n<div>\u00a0<\/div>\n<div class=\"rvps0\"><b>Royal Raymond Rife<\/b>\u00a0\u00e8 stato un ricercatore e inventore americano del &#8216;900 e primo esponente della cine-micrografia time-lapse ad alto ingrandimento. Gli vennero conferiti 14 premi ed un dottorato ad honorem.<\/div>\n<div class=\"rvps0\">Agli inizi del 1900 scopr\u00ec che i microorganismi potevano essere distrutti sottoponendoli all&#8217;azione di\u00a0<b>specifiche frequenze<\/b>\u00a0prodotte da un\u00a0<b>complesso apparecchio elettronico<\/b>\u00a0di sua invenzione che utilizzava una combinazione di corrente elettrica alternata e continua. Veniva anche utilizzato il potere della risonanza delle onde quadre e delle armoniche.<\/div>\n<\/div>\n<\/div>\n<div>\u00a0<\/div>\n<div>Usando un potente microscopio, anche questo ideato e perfezionato da lui, attraverso il quale poteva osservare i campioni vivi (non era infatti necessario fissarli su un vetrino come avviene ancora oggi nei nostri moderni laboratori) pot\u00e8 studiare i vari effetti di queste frequenze elettroniche sui microrganismi, <b>virus<\/b>,\u00a0<b>protozoi<\/b>,\u00a0<b>funghi<\/b>,\u00a0<b>batteri\u00a0<\/b>e\u00a0<b>cellule tumorali<\/b>.<\/div>\n<div>\n<div id=\"table_2\">\n<div>\u00a0<\/div>\n<div class=\"rvps0\">Egli osserv\u00f2 che venivano annientati in molti modi: perdendo la loro motilit\u00e0, trasformandosi in altre forme (questo fenomeno, noto come &#8220;pleomorfismo&#8221; ovvero la mutazione di un organismo in un altro, \u00e8 stato riportato anche da\u00a0<b>Bechamps<\/b>, un altro pioniere della scienza della microscopia) o addirittura scoppiando letteralmente sotto ai suoi occhi, come avviene ad un bicchiere di cristallo per la risonanza \u00a0dell&#8217;<b>acuto di un cantante<\/b>.<\/div>\n<p><\/p>\n<div class=\"rvps0\">Egli si dedic\u00f2 con successo alla ricerca delle frequenze delle malattie e la loro correlazione, purtroppo, in seguito alla persecuzione della scienza ufficiale, la maggior parte del suo lavoro ed il suo generatore di frequenze sono andati persi.<\/div>\n<div class=\"rvps0\">Si pu\u00f2 per\u00f2 leggere la sua storia e approfondire le sue ricerche nel libro di Barry Lynes &#8220;<a class=\"rvts4\" href=\"http:\/\/www.amazon.com\/The-Cancer-Cure-That-Worked\/dp\/0982513860\" target=\"_blank\" rel=\"noopener\">The Cancer Cure that Worked<\/a>&#8220;.<\/div>\n<\/div>\n<\/div>\n<div>\u00a0<\/div>\n<div>Ultimamente un altro ricercatore, <b>James Bare<\/b>, ha studiato approfonditamente il lavoro di Rife. Ha scritto un libro ed ha prodotto un video che spiega come costruire un apparecchio simile; mediante riprese spettacolari al microcopio sono anche mostrati (e dimostrati) gli effetti &#8220;esplosivi&#8221; delle frequenze di Rife su vari batteri e patogeni.<\/div>\n<div>\n<div>\u00a0<\/div>\n<div id=\"table_2\">\n<div class=\"rvps0\">Il generatore Rife\/Bare funziona a distanza dal soggetto, riuscendo ad uccidere dei funghi anche a 30 metri di distanza. Altri sistemi, come ad esempio quello della <b>Clark<\/b>\u00a0o di\u00a0<b>Beck<\/b>, utilizzano bande, elettrodi, e qualunque altro mezzo di contatto in grado di applicare la corrente direttamente nel corpo.<\/div>\n<\/div>\n<\/div>\n<div>\u00a0<\/div>\n<div>Dopo che alcun case farmaceutiche non riuscirono a comprare la sua ricerca ed attrezzatura, il suo ufficio venne messo a soqquadro, la sua ricerca e documentazioni vennero rubate e la macchina venne distrutta.<\/div>\n<div>\u00a0<\/div>\n<div><img loading=\"lazy\" decoding=\"async\" class=\"aligncenter\" title=\"Royal Raymond Rife e le frequenze di guarigione\" src=\"\/sublimen\/wp-content\/uploads\/Rife_with_Equipment_1929_SDHS.jpg\" alt=\"Royal Raymond Rife e le frequenze di guarigione\" width=\"850\" height=\"478\" \/><\/div>\n<div>\u00a0<\/div>\n<div>Secondo il dr. Rife <b>ogni malattia ha una sua frequenza<\/b>. Egli trov\u00f2 che certe frequenze possono prevenire lo sviluppo di una malattia, mentre altre la distruggono. Sostanze di pi\u00f9 alta frequenza distruggono le malattie di pi\u00f9 bassa frequenza.<\/div>\n<div>\u00a0<\/div>\n<div>Ogni olio essenziale, ad esempio, ha una sua frequenza, cosi come ogni organo e parte del nostro corpo. La frequenza di un olio essenziale attrarr\u00e0 una frequenza simile nel corpo. Le frequenze basse diventano come una spugna\u00a0 per l\u2019energia negativa. La frequenza \u00e8 cio\u2019 che resta nel corpo, per mantenere gli effetti dell\u2019olio, a lungo tempo.<\/div>\n<div>\u00a0<\/div>\n<div>Le basse frequenze operano dei cambiamenti fisici nel corpo. Le frequenze medie operano cambiamenti emozionali. Le alte frequenze operano cambiamenti spirituali.<\/div>\n<div>\u00a0<\/div>\n<div>Le frequenze spirituali spaziano da 92 a 360 Hz. (per esempio la frequenza delle ossa \u00e8 38-43).<\/div>\n<div>\n<div id=\"table_2\">\n<div class=\"rvps0\">Il Dr. Robert O. Becker, nel suo libro The Body Electric, spiega che la salute dell\u2019individuo pu\u00f2 essere determinata dalla frequenza nel corpo della persona.<\/div>\n<\/div>\n<\/div>\n<div>\u00a0<\/div>\n<div>Le persone che mantengono la loro <b>frequenza ottimale<\/b>, almeno del loro sistema immunitario, potranno prevenire lo sviluppo di sintomi e malattie. Ovviamente va considerato che la maggior parte di noi vive quotidianamente molto stress e difficolt\u00e0 emotive che abbassano la frequenza del corpo.<\/div>\n<div>\n<div id=\"table_2\">\n<div>\u00a0<\/div>\n<div class=\"rvps0\">Tuttavia dovremmo regolarmente alzare la frequenza del corpo, con le giuste sostanze compatibili a livello cellulare\/energetico con il nostro essere, piuttosto che aspettare che scenda la frequenza del corpo ad un livello cosi basso da diventare un ospitante gradevole per invasori microscopici e patogeni.<\/div>\n<div>\u00a0<\/div>\n<div class=\"rvps0\">Oggi esistono varie macchine basate sul principio di Rife anche se in effetti sono solo delle imitazioni visto che molti dei componenti originali sono oramai obsoleti e anche difficili da reperire.<\/div>\n<div>\u00a0<\/div>\n<div class=\"rvps0\">In ambito sonoro le alte frequenze (KHz e MHz) indicate da Rife e H. Clark vengono traslate e convertite secondo la legge naturale dell&#8217;ottava e trasportate nel range udibile.<\/div>\n<\/div>\n<div>\u00a0<\/div>\n<div id=\"table_2\"><\/p>\n<div class=\"rvps1\"><img loading=\"lazy\" decoding=\"async\" class=\"aligncenter\" title=\"royal-raymond-rife-678x381.jpg.optimal\" src=\"\/sublimen\/wp-content\/uploads\/royal_raymond_rife_678x381_jpg_optimal.jpg\" alt=\"\" width=\"655\" height=\"368\"><\/div>\n<\/div>\n<\/div>\n<p>&nbsp;<\/p>\n<p>&nbsp;<\/p>\n<div>\n<div id=\"table_2\">\n<div class=\"rvps0\"><span class=\"rvts16\"><b>Conversioni e Frequenze di Hulda Clark<\/b><\/span><\/div>\n<div>\u00a0<\/div>\n<div class=\"rvps0\">Le conversioni delle frequenze scalari di Clark sono disponibili in una\u00a0<a class=\"rvts4\" href=\"https:\/\/www.amadeux.net\/sublimen\/dossier\/CLARK_SCALARS.xls\" target=\"_blank\" rel=\"noopener\">tabella formato Excel<\/a>.<\/div>\n<div>\u00a0<\/div>\n<div class=\"rvps0\">Convertono le frequenze usando la\u00a0<b>e<\/b>\u00a0elevata alla terza o alla sesta potenza, come spiegato pi\u00f9 avanti. Si noti che con la tabella in versione formato Excel \u00e8 possibile inserire le proprie frequenze o altre frequenze come i MOR originali di Rife per convertirle nella gamma audio.<\/div>\n<div>\u00a0<\/div>\n<div class=\"rvps0\">Le frequenze che Hulda Clark ha pubblicato nei suoi libri sono pensate per essere eseguite su un generatore di frequenze in modalit\u00e0 pad e la maggior parte va oltre il limite di ci\u00f2 che la maggior parte dei dispositivi a tubi al plasma, come Rife-Bare ed EMEM, possono eseguire. I dispositivi con tubi al plasma sono generalmente limitati a ingressi della gamma audio (0 &#8211; 20.000 Hz).<\/div>\n<div class=\"rvps0\">Sono stati utilizzati molti metodi per convertire le frequenze Clark, cos\u00ec come le frequenze originali di Royal Rife, che si trovano anch&#8217;esse nella gamma di frequenze oltre la gamma audio.<\/div>\n<div>\u00a0<\/div>\n<div class=\"rvps0\">Avrebbe senso dividere le frequenze per numeri dispari come 3, 5, 7, 9, ecc., per convertire le frequenze nella gamma audio (vedi Armoniche ed Eterodina, poich\u00e9 queste armoniche dispari dovrebbero, teoricamente, essere quelle che producono la maggior potenza alla frequenza desiderata in un&#8217;armonica. Tuttavia, in pratica, questo metodo non sembra funzionare altrettanto bene alla divisione della frequenza per 2 finch\u00e9 non si trova nell&#8217;intervallo corretto (chiamato metodo dell&#8217;ottava). I metodi precedenti prevedevano semplicemente di dividere la frequenza per 440 o 1000, ma l&#8217;utilizzo del metodo di divisione per due forniva pi\u00f9 frequenze ed era pi\u00f9 flessibile.<\/div>\n<div>\u00a0<\/div>\n<div class=\"rvps0\">Il Dr.\u00a0<b>Jeff Sutherland<\/b>, ricercatore di frequenze molto rispettato, ha escogitato un ottimo metodo per convertire le frequenze che sembra essere ancora pi\u00f9 efficace di qualsiasi altro metodo e cio\u00e8 dividere (o moltiplicare) la frequenza per un&#8217;armonica scalare. Questo metodo consiste nel dividere (o moltiplicare) la frequenza per\u00a0<b>e<\/b>\u00a0(costante di Eulero, pari a 2,718281828459) elevata a un multiplo di 3: 3, 6, 9, 12, ecc. Elevata alla terza o alla sesta potenza fornisce l&#8217;intervallo corretto per tutte le frequenze Clark che si desidera convertire.<\/div>\n<div>\u00a0<\/div>\n<p><\/p>\n<div class=\"rvps0\"><b>Note<\/b>:<\/div>\n<\/div>\n<\/div>\n<div>\u00a0<\/div>\n<div>Le <b>Armoniche<\/b>\u00a0di tipo\u00a0<b>Pari<\/b>\u00a0(2\u00b0, 4\u00b0, 6\u00b0, 8\u00b0, etc.) sono dette Consonanti o accordate, le\u00a0<b>Dispari<\/b>\u00a0(3\u00b0, 5\u00b0, 7\u00b0, 9\u00b0, etc.) sono dette Dissonanti o stonate.<\/div>\n<div>\n<div id=\"table_2\">\n<div class=\"rvps0\">Un Tono con forma d&#8217;onda\u00a0<b>Sinusoidale<\/b>\u00a0perfetta non genera armoniche.<\/div>\n<div class=\"rvps0\">Un Tono con forma d&#8217;onda\u00a0<b>Quadra<\/b>\u00a0genera armoniche dispari (dissonanti).<\/div>\n<div class=\"rvps0\">Un Tono con forma d&#8217;onda\u00a0<b>Triangolare<\/b>\u00a0genera armoniche dispari (dissonanti).<\/div>\n<div class=\"rvps0\">Un Tono con forma d&#8217;onda a\u00a0<b>Dente di Sega<\/b>\u00a0genera armoniche pari (consonanti) e dispari (dissonanti).<\/div>\n<\/div>\n<\/div>\n<div>\u00a0<\/div>\n<div>Le frequenze di Rife non sono riconosciute in ambito scientifico convenzionale, per quanto ci riguarda sono prese in considerazione almeno a livello sperimentale.<\/div>\n<div>\n<div id=\"table_2\">\n<div>\u00a0<\/div>\n<div class=\"rvps0\">La letteratura in italiano su questo argomento \u00e8 scarsa ad eccezione dei\u00a0<a class=\"rvts4\" href=\"https:\/\/amzn.to\/2mLbPxT\" target=\"_blank\" rel=\"noopener\">libri di Marcello Allegretti<\/a>.<\/div>\n<p><\/p>\n<div class=\"rvps0\">Su Rife sono disponibili\u00a0<a class=\"rvts4\" href=\"https:\/\/amzn.to\/2mvapXZ\" target=\"_blank\" rel=\"noopener\">altre pubblicazioni<\/a> in lingua inglese e tedesca.<\/div>\n<div>\u00a0<\/div>\n<p><\/p>\n<div class=\"rvps0\"><b>Fonti<\/b>:<\/div>\n<\/div>\n<\/div>\n<div>\u00a0<\/div>\n<div><a class=\"rvts12\" href=\"https:\/\/www.scirp.org\/journal\/paperinformation.aspx?paperid=106157\" target=\"_blank\" rel=\"noopener\">https:\/\/www.scirp.org\/journal\/paperinformation.aspx?paperid=106157<\/a><\/div>\n<div>\n<div id=\"table_2\"><\/p>\n<div class=\"rvps0\"><a class=\"rvts12\" href=\"https:\/\/www.ncbi.nlm.nih.gov\/pmc\/articles\/PMC7577368\/\" target=\"_blank\" rel=\"noopener\">https:\/\/www.ncbi.nlm.nih.gov\/pmc\/articles\/PMC7577368<\/a><\/div>\n<p><\/p>\n<div class=\"rvps0\"><a class=\"rvts12\" href=\"https:\/\/www.healtheuropa.eu\/could-ultrasound-frequencies-kill-coronavirus\/106754\/\" target=\"_blank\" rel=\"noopener\">https:\/\/www.healtheuropa.eu\/could-ultrasound-frequencies-kill-coronavirus\/106754<\/a><\/div>\n<p><\/p>\n<div class=\"rvps0\"><a class=\"rvts12\" href=\"https:\/\/en.wikipedia.org\/wiki\/Royal_Rife\" target=\"_blank\" rel=\"noopener\">https:\/\/en.wikipedia.org\/wiki\/Royal_Rife<\/a><\/div>\n<p><\/p>\n<div class=\"rvps0\"><a class=\"rvts12\" href=\"https:\/\/justalist.blogspot.it\/2008\/03\/vibrational-frequency-list.html\" target=\"_blank\" rel=\"noopener\">https:\/\/justalist.blogspot.it\/2008\/03\/vibrational-frequency-list.html<\/a><\/div>\n<p><\/p>\n<div class=\"rvps0\"><a class=\"rvts12\" href=\"https:\/\/www.thelivingspirits.net\/?s=rife\" target=\"_blank\" rel=\"noopener\">https:\/\/www.thelivingspirits.net\/?s=rife<\/a><\/div>\n<\/div>\n<div>\u00a0<\/div>\n<div><\/p>\n<div>\n<div>\n<div>\u00a0<\/div>\n<\/div>\n<\/div>\n<div class=\"rvps1\">\n<div>\u00a0<\/div>\n<\/div>\n<div class=\"rvps1\" style=\"text-align: center;\"><a href=\"https:\/\/www.audioterapia.net\/sublimen\/visione\/rife-video\/\">Playlist Video Rife<\/a><\/div>\n<div>\u00a0<\/div>\n<\/div>\n<p>&nbsp;<\/p>\n<p style=\"text-align: center;\"><a href=\"https:\/\/www.scirp.org\/journal\/paperinformation?paperid=106157\" target=\"_blank\" rel=\"noopener\">Virus Destruction by Resonance<\/a><\/p>\n<p>&nbsp;<\/p>\n<div class=\"rvps1\" style=\"text-align: center;\"><a class=\"rvts20\" href=\"https:\/\/www.amadeux.net\/sublimen\/lab\/cafl_the_consolidated_annotated_frequency_list.html\" target=\"_blank\" rel=\"noopener\">CAFL frequencies list<\/a><\/div>\n<div>\u00a0<\/div>\n<div class=\"rvps1\" style=\"text-align: center;\"><a class=\"rvts20\" href=\"https:\/\/www.amadeux.net\/sublimen\/lab\/cross_reference_list_of_cafl_frequencies.html\" target=\"_blank\" rel=\"noopener\">CAFL Cross Ref. Frequencies<\/a><\/div>\n<div>\u00a0<\/div>\n<div class=\"rvps1\" style=\"text-align: center;\"><a class=\"rvts20\" href=\"https:\/\/www.amadeux.net\/sublimen\/lab\/etdfl_frequencies_list.html\" target=\"_blank\" rel=\"noopener\">ETDFL Frequency Reference List<\/a><\/div>\n<div>\u00a0<\/div>\n<div class=\"rvps1\" style=\"text-align: center;\"><a class=\"rvts4\" href=\"https:\/\/www.amadeux.net\/sublimen\/dossier\/CLARK_SCALARS.xls\" target=\"_blank\" rel=\"noopener\">Hulda Clark Frequencies converted to Scalar Harmonics<\/a><\/div>\n<div>\u00a0<\/div>\n<p>&nbsp;<\/p>\n<div class=\"rvps1\" style=\"text-align: center;\"><a class=\"rvts20\" href=\"https:\/\/www.sublimen.com\/store\/tag\/rife\/\" target=\"_blank\" rel=\"noopener\"><b>Store Prodotti Rife<\/b><\/a><\/div>\n<p style=\"text-align: center;\">\u00a0<\/p>\n<p>&nbsp;<\/p>\n<\/div>\n","protected":false},"excerpt":{"rendered":"<p>&nbsp; Royal Raymond Rife, Hulda Clark e le frequenze di guarigione \u00a0 compilazione a cura di Alan Perz, PhD \u00a0 \u00a0 Royal Raymond Rife\u00a0\u00e8 stato un ricercatore e inventore americano del &#8216;900 e primo esponente della &hellip; <a class=\"kt-excerpt-readmore\" href=\"https:\/\/www.audioterapia.net\/sublimen\/dossier\/rife-frequenze-di-guarigione\/\" aria-label=\"RIFE e le frequenze di guarigione\">Continua a leggere<\/a><\/p>\n","protected":false},"author":1,"featured_media":0,"parent":2935,"menu_order":0,"comment_status":"closed","ping_status":"closed","template":"","meta":{"_lmt_disableupdate":"","_lmt_disable":"","footnotes":""},"categories":[112],"tags":[],"class_list":["post-4196","page","type-page","status-publish","hentry","category-dossier"],"_links":{"self":[{"href":"https:\/\/www.audioterapia.net\/sublimen\/wp-json\/wp\/v2\/pages\/4196","targetHints":{"allow":["GET"]}}],"collection":[{"href":"https:\/\/www.audioterapia.net\/sublimen\/wp-json\/wp\/v2\/pages"}],"about":[{"href":"https:\/\/www.audioterapia.net\/sublimen\/wp-json\/wp\/v2\/types\/page"}],"author":[{"embeddable":true,"href":"https:\/\/www.audioterapia.net\/sublimen\/wp-json\/wp\/v2\/users\/1"}],"replies":[{"embeddable":true,"href":"https:\/\/www.audioterapia.net\/sublimen\/wp-json\/wp\/v2\/comments?post=4196"}],"version-history":[{"count":7,"href":"https:\/\/www.audioterapia.net\/sublimen\/wp-json\/wp\/v2\/pages\/4196\/revisions"}],"predecessor-version":[{"id":5083,"href":"https:\/\/www.audioterapia.net\/sublimen\/wp-json\/wp\/v2\/pages\/4196\/revisions\/5083"}],"up":[{"embeddable":true,"href":"https:\/\/www.audioterapia.net\/sublimen\/wp-json\/wp\/v2\/pages\/2935"}],"wp:attachment":[{"href":"https:\/\/www.audioterapia.net\/sublimen\/wp-json\/wp\/v2\/media?parent=4196"}],"wp:term":[{"taxonomy":"category","embeddable":true,"href":"https:\/\/www.audioterapia.net\/sublimen\/wp-json\/wp\/v2\/categories?post=4196"},{"taxonomy":"post_tag","embeddable":true,"href":"https:\/\/www.audioterapia.net\/sublimen\/wp-json\/wp\/v2\/tags?post=4196"}],"curies":[{"name":"wp","href":"https:\/\/api.w.org\/{rel}","templated":true}]}}