{"id":4226,"date":"2024-05-02T10:55:42","date_gmt":"2024-05-02T08:55:42","guid":{"rendered":"https:\/\/www.audioterapia.net\/sublimen\/?page_id=4226"},"modified":"2024-06-25T16:39:40","modified_gmt":"2024-06-25T14:39:40","slug":"campane-tibetane-e-cristallo","status":"publish","type":"page","link":"https:\/\/www.audioterapia.net\/sublimen\/dossier\/campane-tibetane-e-cristallo\/","title":{"rendered":"Campane Tibetane e di Cristallo"},"content":{"rendered":"<div class=\"rvps1\">\n<p style=\"text-align: center;\"><img loading=\"lazy\" decoding=\"async\" class=\"aligncenter\" title=\"Campane Tibetane e di Cristallo tibetan crystal bowl\" src=\"\/sublimen\/wp-content\/uploads\/tibetan_crystal_bowl.jpg\" alt=\"Campane Tibetane e di Cristallo tibetan crystal bowl\" width=\"852\" height=\"261\" \/><\/p>\n<p>&nbsp;<\/p>\n<h2 style=\"text-align: center;\">Campane Tibetane e di Cristallo<\/h2>\n<\/div>\n<div>\n<div id=\"table_2\">\n<div class=\"rvps1\">\u00a0<\/div>\n<div class=\"rvps0\" style=\"text-align: center;\"><span class=\"rvts32\">Campane speciali e Toni puri per l&#8217;utilizzo in AudioTerapia e BWE<\/span><\/div>\n<div style=\"text-align: center;\">\u00a0<\/div>\n<div class=\"rvps0\" style=\"text-align: center;\"><span class=\"rvts64\">Testi e immagini a cura di Alan Perz<\/span><\/div>\n<p><\/p>\n<div class=\"rvps3\">\u00a0<\/div>\n<div class=\"rvps3\"><span class=\"rvts24\"><b>Campane tibetane \/ Tibetan bowls<\/b><\/span><\/div>\n<div class=\"rvps3\">\u00a0<\/div>\n<div class=\"rvps0\">Le\u00a0<b>Campane Tibetane<\/b>\u00a0sono costruite generalmente da una lega di\u00a0<b>sette metalli<\/b>\u00a0che corrispondono ai sette pianeti: argento (luna), rame (venere), ferro (marte), oro (sole), mercurio (mercurio), piombo (saturno) e stagno (giove).<\/div>\n<div class=\"rvps0\">Sono strumenti musicali particolarissimi, la cui propriet\u00e0 \u00e8 di produrre suoni in armonia con le vibrazioni delle sfere celesti. Vengono utilizzate anche nei centri spirituali dell&#8217;Occidente, per sintonizzarsi con le armoniche celesti e vibrare dell&#8217;energia cosmica, per meditare e accompagnare l&#8217;introspezione.<\/div>\n<div>\u00a0<\/div>\n<div class=\"rvps0\">Campana Tibetana \u00e8 una tipica campana statica o a terra. A differenza delle campane tradizionali non viene infatti appesa capovolta e il batocchio non \u00e8 interno e a pendolo, ma manuale e esterno (la campana viene suonata sfregando il batocchio sul bordo esterno). Il suono di questi strumenti una lunga vibrazione poliarmonica. Questa caratteristica le ha rese molto usate per fini religiosi, riti e meditazioni, visto l&#8217;effetto psicotropo che il suono vibrante ha sulla mente umana.<\/div>\n<div>\u00a0<\/div>\n<div class=\"rvps0\">Le Campane tibetane sono originarie di Tibet, Nepal, India, da cui il nome appunto, ma sono presenti e costruita anche in Cina, Giappone e Corea; quelle tibetane per\u00f2 restano le pi\u00f9 ricercate per qualit\u00e0 e manifattura.<\/div>\n<div>\u00a0<\/div>\n<div class=\"rvps0\">Le campane tibetane (singing bowls, letteralmente: ciotole che cantano) sono un antichissimo strumento musicale utilizzato nella pratica religiosa buddista per riprodurre il suono dell\u2019OM originario e dunque fungono da supporto alla meditazione e alla preghiera. Attualmente le campane tibetane vengono utilizzate oltre che nella pratica religiosa dei monasteri buddisti, nella pratica dello yoga, nella musicoterapia e nella meditazione individuale. Si tratta di strumenti antichissimi originari del Tibet e poi largamente diffusi in India, Bhutan, Giappone, Corea, Nepal e Cina. Le ciotole sono forgiate in una lega di 7 metalli (quelle d\u2019antiquariato includono spesso oro, argento, rame, zinco, ferro e nichel) ed \u00e8 proprio la composizione della lega e l\u2019armoniosa proporzione della forma che permettono, attraverso lo scorrere sul bordo esterno di un apposito batacchio di legno, di far propagare una profonda vibrazione sonora. Le vibrazioni che le campane tibetane producono, variano d\u2019intensit\u00e0 a seconda della grandezza e dello spessore della ciotola. Le ciotole possono essere decorate con incisioni nella parte esterna, nella parte interna e sul fondo. Le pi\u00f9 antiche sono decorate con disegni astratti mentre quelle prodotte attualmente spesso presentano decorazioni figurative come mandala o immagini del Buddha.<\/div>\n<div class=\"rvps3\">\u00a0<\/div>\n<div class=\"rvps1\"><img loading=\"lazy\" decoding=\"async\" class=\"aligncenter\" title=\"campanatibetana\" src=\"\/sublimen\/wp-content\/uploads\/campanatibetana.jpg\" alt=\"\" width=\"300\" height=\"225\"><\/div>\n<div>\u00a0<\/div>\n<p><\/p>\n<div class=\"rvps0\">La bellezza estrinseca dell\u2019oggetto e il profondo significato simbolico hanno fatto s\u00ec che le campane tibetane diventassero un oggetto molto ricercato dai collezionisti e dai semplici cultori del bello. Lo scorrere dell&#8217;energia all&#8217;interno del corpo fisico \u00e8 regolato dal buon funzionamento dei sette chakra principali. Questi centri vitali necessitano di essere rigenerati e riequilibrati ogni qualvolta il nostro stato fisico e psicologico si debilita, segno della presenza di impurit\u00e0 energetiche nel flusso dei chakra. Esistono diverse metodologie per rigenerare i chakra tra le quali la meditazione, l&#8217;uso di cristalli e pietre e l&#8217;uso delle campane tibetane. Esse sono degli oggetti particolari e di difficile reperibilit\u00e0 che riproducono il suono dell&#8217; OM originario. OM \u00e8 il mantra originario, il mantra della Creazione, che racchiude in se tutta l&#8217;energia dell&#8217;universo. Il suo suono \u00e8 molto breve, composto dalle vocali A, E ed U e dalla lettera M, simboli della Trinit\u00e0 Divina. Le campane tibetane riproducono la vibrazione di questo suono attraverso l&#8217;uso di un batacchio con il quale si esercita un colpo sul bordo esterno della campana e se ne genera la vibrazione corrispondente facendo girare il batacchio attorno al bordo della campana. L&#8217;effetto \u00e8 quello di riequilibrare il chakra per il quale si \u00e8 utilizzato.<\/div>\n<div>\u00a0<\/div>\n<div class=\"rvps0\">Le Campane Tibetane producono quindi suoni in armonia con le vibrazioni delle sfere celesti, e trasmettono queste vibrazioni a chi le suona o anche semplicemente le ascolta. Questo fenomeno si chiama, in termini tecnici, &#8220;<b>concordanza di fase<\/b>&#8221; ed \u00e8 lo stesso che mettere due pendoli uno accanto all&#8217;altro: dopo un certo periodo di tempo iniziano a seguire lo stesso ritmo, come due onde che tendono a unirsi e a vibrare all&#8217;unisono. Grazie a questo fenomeno, quando si percuote una campana tibetana si creano delle forti vibrazioni che si propagano lungo il braccio (se la campana viene tenuta sul palmo della mano) o lungo punto in cui \u00e8 appoggiata la campana stessa (nel caso ad esempio in cui venga appoggiata sui chakra), massaggiandolo in profondit\u00e0. Si viene cos\u00ec a creare una concordanza di fase fra la campana e la persona che vi \u00e8 a contatto producendo di solito uno stato di profonda quiete interiore ed esteriore che pu\u00f2 andare ben al di l\u00e0 del semplice rilassamento, fino a raggiungere le onde teta e delta degli stati meditativi pi\u00f9 profondi.<\/div>\n<div>\u00a0<\/div>\n<div class=\"rvps0\">Le campane, in generale, producono quasi sempre dei battimenti perch\u00e9 avendo diversit\u00e0 di spessore in diversi punti, producono battimenti assai intensi che conferiscono loro la caratteristica\u00a0sonorit\u00e0 ondulante.<\/div>\n<div class=\"rvps3\">\u00a0<\/div>\n<div class=\"rvps3\">\u00a0<\/div>\n<div class=\"rvps1\"><img loading=\"lazy\" decoding=\"async\" class=\"aligncenter\" title=\"Campane Tibetane e di Cristallo\" src=\"\/sublimen\/wp-content\/uploads\/campane_tibetane_all.jpg\" alt=\"Campane Tibetane e di Cristallo\" width=\"725\" height=\"226\" \/><\/div>\n<div class=\"rvps3\">\u00a0<\/div>\n<div class=\"rvps3\">\u00a0<\/div>\n<div class=\"rvps0\">Interessante \u00e8 anche il lavoro di collegamento tra i sette centri energetici \u2013 chakra \u2013 con i sette Pianeti del sistema solare che viene creato dalla vibrazione dei sette metalli con cui sono fatte le campane tibetane. Il corpo umano \u00e8 un insieme di vibrazioni e onde, e se gli organi sono sani, vibrano alla giusta frequenza, mentre quelli ammalati hanno una frequenza disturbata. Le vibrazioni delle campane tibetane richiamano la frequenza armoniosa originale e stimolano cos\u00ec il corpo che entra in sintonia con la sua frequenza ritrovando autonomamente le proprie frequenze armoniose. Un altro modo di lavorare con le campane tibetane \u00e8 quello di tenere la ciotola nella mano sinistra appoggiandola sulla punta delle 5 dita. Fisicamente questa impugnatura consente la massima vibrazione della campana, ma da un punto di vista simbolico rappresenta una energia femminile yin di contenimento (la ciotola) sostenuta dalle 5 &#8220;buddhit\u00e0&#8221;, poich\u00e9 ogni dito rappresenta una forma di manifestazione del Buddha. Compare inoltre la simbologia del cosmo, rappresentato dai 7 metalli che costituiscono la ciotola e che portano la vibrazione dei 7 pianeti che regolano la vita manifesta. Il loro utilizzo consente all&#8217;operatore che ne conosca le corrette modalit\u00e0 di impiego, di creare una bolla energetica intorno a s\u00e9 all&#8217;interno della quale eseguire il rituale con una adeguata protezione e una maggiore efficacia nell&#8217;indirizzare le energie sottili in gioco. Occorre quindi portare la ciotola all&#8217;altezza del plesso cardiaco (chakra del cuore) e suonarla con il batacchio nella mano destra, rigorosamente in senso orario. Questa posizione correla l&#8217;energia sonora creatrice della campana all&#8217;energia del cuore; accompagnati dal suono che si propaga sempre pi\u00f9 intensamente, si visualizza quindi la bolla di energia che avvolge l&#8217;operatore e si allarga fino a delimitare lo spazio rituale che a questo punto \u00e8 pronto ad accogliere le energie che verranno attivate dal successivo rituale.<\/div>\n<div class=\"rvps3\">\u00a0<\/div>\n<div class=\"rvps3\">\u00a0<\/div>\n<div class=\"rvps1\"><img loading=\"lazy\" decoding=\"async\" class=\"aligncenter\" title=\"Campane di Cristallo \/ crystal bowls\" src=\"\/sublimen\/wp-content\/uploads\/campanecrystallo.jpg\" alt=\"Campane di Cristallo \/ crystal bowls\" width=\"200\" height=\"138\" \/><\/div>\n<div>\u00a0<\/div>\n<p><\/p>\n<div class=\"rvps0\"><span class=\"rvts24\"><b>Campane di Cristallo \/ Crystal bowls<\/b><\/span><\/div>\n<p><\/p>\n<div class=\"rvps0\">Le Campane emettono suoni cos\u00ed puri e belli capaci di portare ad uno stato di rilassamento ricettivo chiamato Alpha contribuendo a riequilibrare i nostri centri energetici (<a class=\"rvts4\" href=\"https:\/\/www.amadeux.net\/sublimen\/dossier\/chakras_onde_e_risonanza.html\" target=\"_blank\" rel=\"noopener\">Chakras<\/a>).<\/div>\n<div>\u00a0<\/div>\n<div class=\"rvps0\">I suoni armoniosi delle\u00a0<b>Campane di Cristallo<\/b>\u00a0infondono la loro magia attraverso il corpo umano, il quale ha una forte risonanza con l&#8217;energia del cristallo.<\/div>\n<div class=\"rvps0\">Gli impulsi elettromagnetici ed i messaggi trasmessi dalle Campane di Cristallo sono immediatamente decifrabili dalle sostanze cristalline liquide e solide del nostro organismo, il quale \u00e8 invitato a far risuonare, a sua volta, la sua musica originale. La stessa cosa fanno i mantra e le parole di potere.<\/div>\n<div>\u00a0<\/div>\n<div class=\"rvps0\">Il suono trasmesso dalle Campane di Cristallo abbraccia tutta l&#8217;ottava musicale esistente nel nostro corpo, quindi \u00a0La musica delle Campane di Cristallo e di altri diapason e della parola riequilibrano i nostri chakra e ci permettono di riaccordare a livello cellulare le nostre vibrazioni.<\/div>\n<div class=\"rvps0\">Vibrazioni che influenzano tutti i nostri livelli:il fisico, il mentale, lo spirituale.<\/div>\n<div>\u00a0<\/div>\n<div class=\"rvps0\">La struttura interna a spirale e la forma arrotondata delle Campane di Quarzo, produce un suono non lineare ma multidirezionale. Il loro suono ci circonda, ci attraversa e ci fa vibrare. Le loro vibrazioni stimolano le cellule, il suono entra nel corpo non solo dall&#8217;orecchio ma da tutte le dimensioni, ed anche dall&#8217;Anima. Il suono prodotto da questa Campane \u00e8 un fluido magnetico che percorre ed avvolge il corpo come un onda del mare. A molti da&#8217; la sensazione di un massaggio delicato o di estasi ad altri pu\u00f2 stimolare uno stadio di meditazione profonda e ad altri ancora un impulso psico-fisico.<\/div>\n<p><\/p>\n<div class=\"rvps0\">Le Campane di Cristallo di Quarzo sono di una Qualit\u00e0 superiore ( 99.992% ) di puro Quarzo che le rende fortemente sonore. I toni che sono prodotti dalle Campane di cristallo di Quarzo non vengono sentiti solo dall&#8217;orecchio ma da tutto il corpo, con determinati toni che interessano i centri di energia per guarire (Chakra), l&#8217;equilibratura e la meditazione.<\/div>\n<div class=\"rvps0\">Le campane di cristallo emettono una purissima nota dominante, creando un campo vibrazionale armonico che entra in risonanza con il corpo e i suoi centri energetici (Chakra).<\/div>\n<div>\u00a0<\/div>\n<div class=\"rvps0\">Le vibrazioni delle campane di cristallo esprimono la pi\u00fa alta armonia e purezza del suono. Secondo la NASA, si tratta del suono pi\u00fa vicino a quello dei pianeti. Essendo noi stessi composti di vibrazioni e frequenze sonore, dopo aver ascoltato questi suoni ci sentiamo bene, poich\u00e9 essi ci riportano a quel suono vibratorio dell\u2019AUM da cui proveniamo e nel quale siamo esistiti fin dall\u2019origine dell\u2019Assoluto Eterno, la Vibrazione Cosmica dell\u2019Armonia e dell\u2019Amore.<\/div>\n<div class=\"rvps3\">\u00a0<\/div>\n<div class=\"rvps3\">\u00a0<\/div>\n<div class=\"rvps1\"><img loading=\"lazy\" decoding=\"async\" class=\"aligncenter\" title=\"Musicoterapia con toni puri\" src=\"\/sublimen\/wp-content\/uploads\/human_brain.jpg\" alt=\"Musicoterapia con toni puri\" width=\"300\" height=\"300\" \/><\/div>\n<div>\u00a0<\/div>\n<div class=\"rvps3\">\u00a0<\/div>\n<div class=\"rvps3\"><span class=\"rvts24\"><b>Musicoterapia con toni puri<\/b><\/span><\/div>\n<div class=\"rvps3\">\u00a0<\/div>\n<div class=\"rvps3\"><span class=\"rvts48\">da etanali.it<\/span><\/div>\n<div class=\"rvps3\">\u00a0<\/div>\n<div class=\"rvps0\">Molte culture riconoscono l&#8217;importanza della musica e del suono come metodo di guarigione. Nelle civilizzazioni antiche dell&#8217;India, l&#8217;Oriente, l&#8217;Africa, l&#8217;Europa e fra gli Aborigeni e gli indiani d&#8217;America, la pratica di usare il suono per guarire e realizzare l&#8217;equilibrio da dentro \u00e8 esistita per molti anni. I tibetani ancora usano le flange, i carillon, le campane e il canto come fondamento per loro pratica spirituale. A Bali, Indonesia, il &#8216;gamelang&#8217;, il gong ed il tamburo sono utilizzati nei riti religiosi e gli shamani nativoamericani usano la tonalit\u00e0 vocale e la vibrazione sonora ripetuta, nelle cerimonie sacre, per reintonare lo squilibrio dello spirito, delle emozioni o del corpo fisico. I sacerdoti dell&#8217;Egitto antico hanno saputo usare i suoni vocali per far risuonare i loro centri o chakras di energia. C&#8217;\u00e8 un collegamento diretto fra le parti differenti del corpo e suoni specifici. Una tal tecnica sembra estremamente vecchia, tuttavia la cura attraverso il suono va indietro ulteriormente almeno fino ad Atlantide dove la potenza del suono \u00e8 stata unita con la potenza del cristallo.<\/div>\n<div>\u00a0<\/div>\n<div class=\"rvps0\">Attualmente la profezia degli indiani Hopi si sta compiendo (&#8220;la venuta del popolo dell&#8217;arcobaleno&#8221;) attraverso i custodi delle campane di cristallo. Questa saggezza antica \u00e8 emersa per guarire ed elevare la coscienza dell&#8217;universo con i toni puri del cristallo. Il sensitivo americano, Edgar Cayce e Rudolf Steiner, antroposofo tedesco, educatore e genio artistico, previdero entrambi che i &#8221; toni puri&#8221; sarebbero stati usati usati per la guarigione prima della conclusione di questo secolo &#8220;. Nostradamus ha previsto la cura del cancro con il tono puro entro 1998. I toni puri, musica creata con le campane di cristallo, sono l&#8217;adempimento di questa profezia.<\/div>\n<div>\u00a0<\/div>\n<div class=\"rvps0\">Ma che cos&#8217;\u00e8 la musica dai toni puri e che cosa la rende uno strumento cos\u00ec potente di guarigione? La musica delle campane di cristallo (che emettono i toni puri) \u00e8 una forma di medicina vibratoria che convalida che tutto nell&#8217;universo \u00e8 in una condizione di vibrazione e la frequenza a cui un oggetto o una persona vibra, il pi\u00f9 naturalmente, \u00e8 chiamato risonanza. I chakras, le ossa e gli organi nel corpo, tutti possiedono una frequenza di risonanza differente. Quando un organo o una parte del corpo sta vibrando male o non armoniosamente, \u00e8 definito in &#8220;facilit\u00e0 di dissonanza&#8221; o malattia. Un corpo \u00e8 in una condizione sana di essere quando ogni cellula, ogni organo, crea una risonanza che \u00e8 in armonia con il &#8220;tutto che \u00e8&#8221;. Immaginate la malattia come un&#8217;orchestra in cui, ad un tratto, uno dei suoi componenti comincia a stonare!<\/div>\n<div>\u00a0<\/div>\n<div class=\"rvps0\">La medicina vibratoria \u00e8 basata sull&#8217;idea che tutta la dissonanza, \u00e8 caratterizzata dal blocco dell&#8217;energia nei &#8220;canali&#8221; ad un certo livello, cio\u00e8 dentro le nadi, le arterie, le vene, i nervi. Quando c&#8217;\u00e8 un blocco, l&#8217;organo in questione smette di vibrare ad una frequenza naturale e provoca cos\u00ec un certo genere di malattia. Cos\u00ec attraverso il suono e la luce si possono rompere, dissolvere e liberare questi blocchi che iniziano nel nostro corpo di luce o eterico. Dato che il suono pu\u00f2 essere tradotto in colore, esso pu\u00f2 &#8220;essere visto come frequenza visibile&#8221; che produce un colore aurico di campo che, a sua volta, influisce sulla condizione emotiva della persona e il suo stato di salute.<\/div>\n<div>\u00a0<\/div>\n<div class=\"rvps0\">La fotografia Kirlian verifica lo spettro visivo della persona (l&#8217;aura) che tradotto in spettro uditivo o frequenza, permette di decidere l&#8217;intervento pi\u00f9 appropriato.Ci sono sette note musicali, (sette frequenze) che corrispondono ai sette colori fondamentali dell&#8217;arcobaleno. Queste sono collegate con sette chakras principali,che a loro volta corrispondono a differenti zone del sistema endocrino ghiandolare.<\/div>\n<div>\u00a0<\/div>\n<div class=\"rvps0\">Il tono puro delle\u00a0<b>campane di cristallo<\/b>\u00a0produce un campo sano vibratorio che fa risuonare i chakras del corpo e la zona fisica corrispondente. Per chiarire il concetto, diremo che la risonanza (in fisica) \u00e8 la capacit\u00e0 di un corpo di vibrare, ri-suonare a sua volta, in presenza di un determinato suono. E&#8217; una legge di natura. Una serie di &#8220;esposizioni&#8221; facilita il riequilibrio di ogni ricevente riportandolo nuovamente dentro un livello elevato di luminosit\u00e0 eterica (risonanza naturale). Il quarzo di silicio contiene lo spettro completo dei colori fondamentali che portando la luce pura attraverso il suono come colore specifico nuovamente dentro l&#8217;aura umana, guarisce l&#8217;ascoltatore. L&#8217;effetto \u00e8 moltiplicato mentre le campane di cristallo vengono suonate. Il cristallo stabilizza, amplifica e trasmette il tono puro. Ecco perch\u00e9 il cristallo di silicio \u00e8 usato in tutti i nostri sistemi di telecomunicazione pi\u00f9 avanzati. Come una radiotrasmittente potente, le campane di cristallo trasmettono l&#8217;energia nell&#8217;atmosfera, modificando i corpi sottili della persona.<\/div>\n<div>\u00a0<\/div>\n<div class=\"rvps0\">Con i toni puri del cristallo l&#8217;attivit\u00e0 dell&#8217;elettroencefalogramma pu\u00f2 variare, facendoci entrare in una condizione alterata di coscienza. Poich\u00e9 le parti differenti del cervello sono influenzate, \u00e8 probabile che liberino gli ormoni ed i neuro-prodotti chimici differenti che possono sopprimere il dolore, rinforzare la volont\u00e0 e i talenti creativi, farci vivere nuove consapevolezze. In particolare, provocano un senso di rilassamento profondo aprendo lo &#8220;spazio interiore. &#8220;La musica del cristallo ha la capacit\u00e0 di determinare una variazione positiva nella nostra coscienza e, mentre la nostra consapevolezza si espande, ci riappropriamo al nostro &#8220;essere originale&#8221; sperimentando un pi\u00f9 alto fulgore della nostra forma fisica. Il cristallo pu\u00f2 effettuare l&#8217;equilibrio del campo elettromagnetico che esiste all&#8217;interno di tutte le forme di vita.Ogni campana di cristallo \u00e8 fatta di quarzo di silicio al 98,996%.<\/div>\n<div>\u00a0<\/div>\n<div class=\"rvps0\">Una ragione per la quale i toni puri fanno vibrare il nostro corpo \u00e8 che questo ha un&#8217;affinit\u00e0 naturale col quarzo. Il corpo umano si compone di molte sostanze cristalline: le ossa e una parte del DNA hanno una struttura cristallina cos\u00ec come la struttura cristallo-colloidale liquida del cervello. Anche ad un livello molecolare, le nostre cellule contengono il silicio, che equilibra le nostre energie elettromagnetiche, e queste hanno la stessa formula del cristallo naturale di quarzo. Rudolf Steiner, non solo ha pi\u00f9 volte fatto cenno a queste formazioni cristalline, ma ha anche rilevato che nel corpo umano si trovano cellule esagonali di silicio come nei cristalli di quarzo che, pur non cristallizzando, conservano in tutto e per tutto le stesse caratteristiche. L\u2019interazione \u00e8 poi favorita dall\u2019acqua, di cui il corpo umano \u00e8 composta al 70%, che far\u00e0 da conduttore d\u2019energie. Edward Bach, autore di molte pubblicazioni e ideatore dei famosi rimedi floreali (fiori di Bach), chiaramente ha capito che la malattia riflette una disarmonia fra la personalit\u00e0 fisica e l&#8217;anima ed ha dichiarato che \u00e8 facile da curare equilibrando le qualit\u00e0 magnetiche dei corpi sottili pi\u00f9 alti. Con i toni puri si pu\u00f2 il ri-modellare l&#8217;organizzazione del campo di energia, che infine effettua l&#8217;espressione cellulare della malattia o del benessere.<\/div>\n<div>\u00a0<\/div>\n<div class=\"rvps0\">La musica delle campane di cristallo \u00e8 tanto pi\u00f9 potente poich\u00e9 pu\u00f2 essere programmata. Il cristallo di quarzo come sistema olografico pu\u00f2 ritenere, trasmettere e ricevere le forme pensiero e questo \u00e8 fondamentale per la memoria &#8220;madre&#8221; di tutti i calcolatori.<\/div>\n<div>\u00a0<\/div>\n<div class=\"rvps0\">\u00c8 interessante notare che persino oggi i delfini e le balene si pensa che comunichino attraverso &#8220;forme olografiche dimensionali&#8221;. Jonathan Goldman 1992, scrive: &#8220;l&#8217;intenzione dietro il suono \u00e8 di importanza estrema. Pu\u00f2, infatti, essere importante quanto i suoni reali che sono creati&#8221;. La potenza del pensiero \u00e8 il modo con cui creiamo la nostra realt\u00e0. Niente pu\u00f2 essere creato se in primo luogo non \u00e8 stato pensiero. Nell&#8217;usare il cristallo per guarire, questo amplifica il pensiero con cui \u00e8 stato programmato. Il cristallo ha questa propriet\u00e0 stupefacente che pu\u00f2 essere riassunta cos\u00ec: mette in evidenza una qualit\u00e0 o una sensibilit\u00e0 speciale nella gente e simultaneamente libera e sostituisce le forme pensiero che non sono di pi\u00f9 alta radiosit\u00e0 per l&#8217;ascoltatore.<\/div>\n<div>\u00a0<\/div>\n<p><\/p>\n<div class=\"rvps0\"><b>Audio Albums specifici:<\/b><\/div>\n<div>\u00a0<\/div>\n<div class=\"rvps0\"><a class=\"rvts28\" href=\"https:\/\/www.amadeux.net\/sublimen\/catalogo\/product\/8\/\" target=\"_blank\" rel=\"noopener\">CRYSTALBOWL CB01 &#8211; Campane di cristallo<\/a><\/div>\n<div>\u00a0<\/div>\n<div class=\"rvps0\">Album dedicato alle Campane di cristallo, Chimes e Pendulum con oltre 50 minuti di musica e suoni. I brani sono progettati per coadiuvare e facilitare la meditazione ed il rilassamento in generale.<\/div>\n<div>\u00a0<\/div>\n<\/div>\n<div>\u00a0<\/div>\n<\/div>\n","protected":false},"excerpt":{"rendered":"<p>&nbsp; Campane Tibetane e di Cristallo \u00a0 Campane speciali e Toni puri per l&#8217;utilizzo in AudioTerapia e BWE \u00a0 Testi e immagini a cura di Alan Perz \u00a0 Campane tibetane \/ Tibetan bowls \u00a0 Le\u00a0Campane Tibetane\u00a0sono &hellip; <a class=\"kt-excerpt-readmore\" href=\"https:\/\/www.audioterapia.net\/sublimen\/dossier\/campane-tibetane-e-cristallo\/\" aria-label=\"Campane Tibetane e di Cristallo\">Continua a leggere<\/a><\/p>\n","protected":false},"author":1,"featured_media":0,"parent":2935,"menu_order":0,"comment_status":"closed","ping_status":"closed","template":"","meta":{"_lmt_disableupdate":"","_lmt_disable":"","footnotes":""},"categories":[112],"tags":[],"class_list":["post-4226","page","type-page","status-publish","hentry","category-dossier"],"_links":{"self":[{"href":"https:\/\/www.audioterapia.net\/sublimen\/wp-json\/wp\/v2\/pages\/4226","targetHints":{"allow":["GET"]}}],"collection":[{"href":"https:\/\/www.audioterapia.net\/sublimen\/wp-json\/wp\/v2\/pages"}],"about":[{"href":"https:\/\/www.audioterapia.net\/sublimen\/wp-json\/wp\/v2\/types\/page"}],"author":[{"embeddable":true,"href":"https:\/\/www.audioterapia.net\/sublimen\/wp-json\/wp\/v2\/users\/1"}],"replies":[{"embeddable":true,"href":"https:\/\/www.audioterapia.net\/sublimen\/wp-json\/wp\/v2\/comments?post=4226"}],"version-history":[{"count":3,"href":"https:\/\/www.audioterapia.net\/sublimen\/wp-json\/wp\/v2\/pages\/4226\/revisions"}],"predecessor-version":[{"id":4872,"href":"https:\/\/www.audioterapia.net\/sublimen\/wp-json\/wp\/v2\/pages\/4226\/revisions\/4872"}],"up":[{"embeddable":true,"href":"https:\/\/www.audioterapia.net\/sublimen\/wp-json\/wp\/v2\/pages\/2935"}],"wp:attachment":[{"href":"https:\/\/www.audioterapia.net\/sublimen\/wp-json\/wp\/v2\/media?parent=4226"}],"wp:term":[{"taxonomy":"category","embeddable":true,"href":"https:\/\/www.audioterapia.net\/sublimen\/wp-json\/wp\/v2\/categories?post=4226"},{"taxonomy":"post_tag","embeddable":true,"href":"https:\/\/www.audioterapia.net\/sublimen\/wp-json\/wp\/v2\/tags?post=4226"}],"curies":[{"name":"wp","href":"https:\/\/api.w.org\/{rel}","templated":true}]}}