{"id":4260,"date":"2024-05-03T14:00:26","date_gmt":"2024-05-03T12:00:26","guid":{"rendered":"https:\/\/www.audioterapia.net\/sublimen\/?page_id=4260"},"modified":"2024-05-03T14:10:55","modified_gmt":"2024-05-03T12:10:55","slug":"recensioni-segnalazioni-e-pubblicazioni","status":"publish","type":"page","link":"https:\/\/www.audioterapia.net\/sublimen\/info\/recensioni-segnalazioni-e-pubblicazioni\/","title":{"rendered":"Recensioni, Segnalazioni e Pubblicazioni"},"content":{"rendered":"<div class=\"rvps1\">\n<h2 style=\"text-align: center;\">Segnalazioni, Pubblicazioni &amp; Recensioni<\/h2>\n<\/div>\n<div>\n<div id=\"table_2\"><\/p>\n<div class=\"rvps1\" style=\"text-align: center;\"><span class=\"rvts64\"><b>Informazioni disponibili su recensioni e segnalazioni relative al sito<\/b><\/span><\/div>\n<\/div>\n<div>\u00a0<\/div>\n<div><\/p>\n<div>\n<div>\n<div style=\"text-align: center;\">\u00a0<\/div>\n<\/div>\n<\/div>\n<div class=\"rvps0\" style=\"text-align: center;\"><b>8\/09\/2008<\/b><\/div>\n<div class=\"rvps0\" style=\"text-align: center;\">Segnalazione e recensione della collaborazione sul sito di Italo Cillo\u00a0<a class=\"rvts4\" href=\"https:\/\/www.meditazioneguidata.it\/\" target=\"_blank\" rel=\"noopener\"><b>Meditazioneguidata.it<\/b><\/a><\/div>\n<\/div>\n<div>\u00a0<\/div>\n<div><\/p>\n<div class=\"rvps1\"><a href=\"https:\/\/www.meditazioneguidata.it\/\" target=\"_blank\" rel=\"noopener\"><img decoding=\"async\" class=\"aligncenter\" title=\"Meditazione guidata Italo Cillo Sublimen\" src=\"https:\/\/www.amadeux.net\/sublimen\/informazioni\/Meditazioneguidata_1.jpg\" alt=\"Meditazione guidata Italo Cillo Sublimen\" \/><\/a><\/div>\n<\/div>\n<\/div>\n<div>\u00a0<\/div>\n<div>\n<div>\n<div>\u00a0<\/div>\n<div class=\"rvps1\" style=\"text-align: center;\"><span class=\"rvts16\">Collaborazione con Italo Cillo per sonorit\u00e0 CD meditazione<\/span><\/div>\n<div>\u00a0<\/div>\n<p><\/p>\n<div class=\"rvps1\"><img decoding=\"async\" class=\"aligncenter\" title=\"Collaborazione con Italo Cillo per sonorit\u00e0 CD meditazione\" src=\"https:\/\/www.amadeux.net\/sublimen\/informazioni\/Meditazioneguidata2.jpg\" alt=\"Collaborazione con Italo Cillo per sonorit\u00e0 CD meditazione\" \/><\/div>\n<div>\u00a0<\/div>\n<\/div>\n<div><\/p>\n<div class=\"rvps0\">&#8220;<b>La Registrazione Audio della Meditazione Guidata<\/b>, con cui potrai svolgere la tua pratica quotidiana, contiene un brano registrato con uno\u00a0<b>speciale<\/b>\u00a0<b>sottofondo<\/b>\u00a0di Risonanza Armonica Modulata (H.R.M.) e Brainwave Entrainment (induzione delle frequenze cerebrali tipiche dello stato meditativo attraverso i suoni). Per realizzare questo prezioso sottofondo (che potremmo quasi definire \u201c<b>entrare in meditazione senza sforzo<\/b>\u201d) ci siamo avvalsi dell\u2019attiva collaborazione del massimo esperto italiano nella programmazione Brainwaves e H.R.M.:\u00a0<b>Marco Stefanelli\u00a0<\/b>(puoi leggere tantissima documentazione interessante sul suo sito www.Sublimen.com) che ha modulato autentici suoni della natura \u2013 come lo scorrere dell\u2019acqua e il canto degli uccelli \u2013 per produrre le frequenze sonore che troverai in un brano della registrazione audio. In modo del tutto naturale, queste benefiche frequenze entrano in risonanza con i principali centri energetici (chakra) del corpo umano, armonizzano il flusso delle energie e \u2013 immettendo sonorit\u00e0 leggermente diverse nelle due orecchie dell\u2019ascoltatore \u2013 inducono naturalmente uno stato di consapevolezza e meditazione attraverso una delicata stimolazione delle onde cerebrali. Per godere dei benefici di questo accorgimento \u201ctecnologico-spritiuale\u201d, dovrai ascoltare la Registrazione Audio della Meditazione Guidata con una cuffia.&#8221;<\/div>\n<p><\/p>\n<div class=\"rvps1\" style=\"text-align: center;\">\u00a0<\/div>\n<div style=\"text-align: center;\">\u00a0<\/div>\n<div class=\"rvps0\" style=\"text-align: center;\"><b>8\/11\/2004<\/b><\/div>\n<div class=\"rvps0\" style=\"text-align: center;\">Intervista su HRM rilasciata da Marco Stefanelli al\u00a0<a class=\"rvts4\" href=\"http:\/\/www.quotidianosociale.it\/\" target=\"_blank\" rel=\"noopener\"><b>Quotidiano Sociale<\/b><\/a>\u00a0(Terzo settore).<\/div>\n<div class=\"rvps1\" style=\"text-align: center;\"><a class=\"rvts4\" href=\"http:\/\/www.quotidianosociale.it\/\" target=\"_blank\" rel=\"noopener\"><b>Quotidiano Sociale<\/b><\/a>\u00a0&#8211; 8 Novembre 2004<\/div>\n<p><\/p>\n<div class=\"rvps1\" style=\"text-align: center;\"><a href=\"http:\/\/www.quotidianosociale.it\/\" target=\"_blank\" rel=\"noopener\"><img decoding=\"async\" src=\"https:\/\/www.amadeux.net\/sublimen\/informazioni\/quotidianosociale.jpg\" alt=\"\" title=\"\"><\/a><\/div>\n<p><\/p>\n<div class=\"rvps1\" style=\"text-align: center;\"><span class=\"rvts24\"><b>Intervista su\u00a0<\/b><\/span><a class=\"rvts28\" href=\"https:\/\/www.amadeux.net\/sublimen\/dossier\/progetto_tecnica_hrm.html\" target=\"_top\" rel=\"noopener\">HRM<\/a><\/div>\n<div class=\"rvps1\" style=\"text-align: center;\"><span class=\"rvts72\">In cosa consiste il metodo HRM e come viene utilizzato.<\/span><\/div>\n<div class=\"rvps1\" style=\"text-align: center;\">Breve intervista su HRM rilasciata il 3\/11\/2004 da Marco Stefanelli alla giornalista Gabriella Virgillito del giornale &#8220;Quotidiano Sociale&#8221; (online\u00a0<a class=\"rvts4\" href=\"http:\/\/www.quotidianosociale.it\/\" target=\"_blank\" rel=\"noopener\">http:\/\/www.quotidianosociale.it<\/a>\u00a0e in edicola).<\/div>\n<p><\/p>\n<div class=\"rvps1\" style=\"text-align: center;\"><a class=\"rvts4\" href=\"http:\/\/www.quotidianosociale.it\/081104\/pagina5.htm\" target=\"_blank\" rel=\"noopener\"><b>http:\/\/www.quotidianosociale.it\/081104\/pagina5.htm<\/b><\/a><\/div>\n<p><\/p>\n<div class=\"rvps1\" style=\"text-align: center;\"><a class=\"rvts4\" href=\"https:\/\/www.amadeux.net\/sublimen\/dossier\/intervista_hrm.html\" target=\"_top\" rel=\"noopener\"><b>Leggi l&#8217;intervista completa<\/b><\/a><\/div>\n<div class=\"rvps1\">\u00a0<\/div>\n<div class=\"rvps0\" style=\"text-align: center;\"><b>1\/04\/2003<\/b><\/div>\n<div class=\"rvps0\" style=\"text-align: center;\">Recensione e segnalazione di\u00a0<b>Virgilio.it<\/b>\u00a0(Salute e Benessere) della sezione Cromoterapia.<\/div>\n<div class=\"rvps1\" style=\"text-align: center;\"><a class=\"rvts4\" href=\"http:\/\/salute.virgilio.it\/\" target=\"_blank\" rel=\"noopener\"><b>Virgilio Salute e Benessere<\/b><\/a>\u00a0&#8211; 1 Aprile 2003<\/div>\n<p><\/p>\n<div class=\"rvps1\" style=\"text-align: center;\">(I piu&#8217; cliccati &gt; Cromoterapia &#8211; La terapia del colore)\u00a0<\/div>\n<p><\/p>\n<div class=\"rvps1\" style=\"text-align: center;\"><span class=\"rvts24\"><b>La terapia del colore<\/b><\/span><\/div>\n<div class=\"rvps1\" style=\"text-align: center;\"><span class=\"rvts72\">Mangiare, abitare e guarire servendosi di tinte calde e fredde.<\/span><\/div>\n<p><\/p>\n<div class=\"rvps0\">L&#8217;arancione positivizza i sentimenti, il giallo stimola l&#8217;allegria, il blu favorisce il rilassamento e l&#8217;indaco l&#8217;intuito. L&#8217;esposizione alle diverse tonalit\u00e0 provoca reazioni sul corpo e sulla psiche, tali che possono essere indicati anche gli scopi terapeutici. Mangiare, dormire e curarsi alla luce dei colori porta un ulteriore giovamento se chi si affida alla cromoterapia non dimentica che il violetto intenso dei mirtilli pu\u00f2 migliorare la circolazione superficiale, il blu di una parete pu\u00f2 agire come analgesico e, si sa, il rosso scarlatto di un abito pu\u00f2 riscaldare il corpo e le passioni.<\/div>\n<p><\/p>\n<div class=\"rvps0\" style=\"text-align: center;\"><a class=\"rvts4\" href=\"http:\/\/www.marcostefanelli.com\/cromo\/colori.htm\" target=\"_blank\" rel=\"noopener\"><b>Applicazioni terapeutiche<\/b><\/a><\/div>\n<div class=\"rvps0\" style=\"text-align: center;\">Curarsi con il rosa, l&#8217;indaco, il marrone, il grigio, il blu, il rosso e il verde.<\/div>\n<div class=\"rvps0\" style=\"text-align: center;\">[<a class=\"rvts12\" href=\"http:\/\/www.marcostefanelli.com\/cromo\/index.htm\" target=\"_blank\" rel=\"noopener\">Amadeux<\/a><span class=\"rvts8\">]<\/span><\/div>\n<div class=\"rvps0\" style=\"text-align: center;\">\u00a0<\/div>\n<div class=\"rvps1\" style=\"text-align: center;\"><span class=\"rvts8\">per visualizzare questa notizia:\u00a0<\/span><a class=\"rvts12\" href=\"http:\/\/salute.virgilio.it\/itinerari\/452\/index.html\" target=\"_blank\" rel=\"noopener\">http:\/\/salute.virgilio.it\/itinerari\/452\/index.html<\/a><\/div>\n<\/div>\n<\/div>\n<div>\u00a0<\/div>\n<div>\n<div>\n<div>\u00a0<\/div>\n<div class=\"rvps0\" style=\"text-align: center;\"><b>9\/05\/2002<\/b><\/div>\n<div class=\"rvps0\" style=\"text-align: center;\">Editoriale di\u00a0<\/div>\n<div class=\"rvps0\" style=\"text-align: center;\"><b>Libero News<\/b>\u00a0sul sito &#8220;Sublimen.com&#8221;.<\/div>\n<div class=\"rvps0\" style=\"text-align: center;\">Editoriale di Michel Paganini inserito nella sezione &#8220;speciali&#8221;.<\/div>\n<div class=\"rvps1\" style=\"text-align: center;\"><a class=\"rvts4\" href=\"http:\/\/news2000.iol.it\/\" target=\"_blank\" rel=\"noopener\"><b>Libero News<\/b><\/a>\u00a0&#8211; 9 Maggio 2002<\/div>\n<p><\/p>\n<div class=\"rvps1\" style=\"text-align: center;\"><span class=\"rvts24\"><b>La rete si rilassa<\/b><\/span><\/div>\n<div>\u00a0<\/div>\n<div class=\"rvps1\"><span class=\"rvts24\"><b>Ritrovare l&#8217;equilibrio perduto a suon di musica<\/b><\/span><\/div>\n<p><\/p>\n<div class=\"rvps0\">Dopo le tecniche di yoga, il feng shui e le filosofie orientali \u00e8 il turno della musica. Meglio ancora se subliminale. Ormai a rilassare corpi e menti ci pensa la rete. Con una tecnica dolce promette e permette ai nevrotici di mezzo mondo di ritrovare l&#8217;equilibrio perduto. Rilassatevi dunque&#8230;<\/div>\n<div class=\"rvps0\">Qualche navigatore potrebbe manifestare il suo scetticismo nei confronti della musica subliminale, un termine che suona &#8211; \u00e8 il caso di dirlo &#8211; esoterico e misterioso. Eppure \u00e8 tutta scienza, dimostrata e sperimentata da anni, almeno cos\u00ec sostiene la pagina\u00a0<b>Sublimen<\/b>. Pi\u00f9 che un sito si potrebbe parlare di portale del relax, in cui decine di sezioni accompagnano i navigatori stressati nel regno ovattato e rassicurante della musica subliminale.<\/div>\n<div class=\"rvps0\">Il principio del fenomeno \u00e8 semplice. Se a un brano musicale si aggiungono degli infrasuoni, suoni con frequenza inferiore ai 30 Hertz e di intensit\u00e0 minore a quella emessa originariamente, questi raggiungono il livello sensoriale senza toccare la sfera cosciente dell&#8217;individuo e agiscono a livello subliminale, cio\u00e8 sotto la coscienza. I risultati di questi miscugli acustici possono essere straordinari. Il metodo si rivela efficace per produrre rilassamento, sviluppare l&#8217;immaginazione e la creativit\u00e0, aiutare la meditazione e l&#8217;ipnosi. Insomma un vero toccasana per ritrovare armonia e serenit\u00e0.<\/div>\n<div class=\"rvps0\">Sublimen non si limita a raccontare vita, morte e miracoli del fenomeno subliminale ma dispensa anche perle di saggezza su tematiche che spaziano dalla fisica del suono alla programmazione neurolinguistica passando per il significato dei sogni nella teoria psicoanalitica. Il tutto con un sottofondo musicale rilassante da non ascoltare per pi\u00f9 di cinque minuti perch\u00e9 potrebbe sortire l&#8217;effetto contrario. Ma questa \u00e8 un&#8217;altra musica.<\/div>\n<p><\/p>\n<div class=\"rvps0\"><span class=\"rvts8\">Michel Paganini<\/span><\/div>\n<div class=\"rvps0\">\u00a0<\/div>\n<div class=\"rvps0\"><span class=\"rvts8\">per visualizzare questa notizia:\u00a0<\/span><a class=\"rvts12\" href=\"http:\/\/news2000.iol.it\/editoriali\/13035.jhtml\" target=\"_blank\" rel=\"noopener\">http:\/\/news2000.iol.it\/editoriali\/13035.jhtml<\/a><\/div>\n<\/div>\n<\/div>\n<div>\u00a0<\/div>\n<div>\u00a0<\/div>\n<div>\n<div>\n<div class=\"rvps0\" style=\"text-align: center;\"><b>19\/04\/2002<\/b><\/div>\n<div class=\"rvps0\" style=\"text-align: center;\">Recensione del sito sulla rivista\u00a0<b>PC Pratico\u00a0<\/b>n.4 di Aprile 2002 alla pagina 18.<\/div>\n<div class=\"rvps0\" style=\"text-align: center;\">Il sito e&#8217; stato recensito dalla rivista che tratta di computer e informatica nella sezione &#8220;UPDATE Internet&#8221; Musica &amp; Web.<\/div>\n<div>\u00a0<\/div>\n<div class=\"rvps1\"><a href=\"http:\/\/www.futura-ge.com\/\" target=\"_blank\" rel=\"noopener\"><img decoding=\"async\" class=\"aligncenter\" src=\"https:\/\/www.amadeux.net\/sublimen\/informazioni\/recens2.gif\" alt=\"\" title=\"\"><\/a><\/div>\n<\/div>\n<\/div>\n<div>\u00a0<\/div>\n<div>\u00a0<\/div>\n<div>\n<div>\n<div class=\"rvps0\" style=\"text-align: center;\"><b>20\/02\/2002<\/b><\/div>\n<div class=\"rvps0\" style=\"text-align: center;\">Recensioni varie sull&#8217;<a class=\"rvts4\" href=\"https:\/\/www.amadeux.net\/sublimen\/dossier\/effetto_mozart_e_sub_mozart.html\" target=\"_top\" rel=\"noopener\">Effetto Mozart<\/a>.<\/div>\n<div class=\"rvps0\" style=\"text-align: center;\"><a class=\"rvts4\" href=\"https:\/\/www.amadeux.net\/sublimen\/dossier\/recensioni-effetto-mozart.html\" target=\"_top\" rel=\"noopener\"><b>Vedi recensioni<\/b><\/a><\/div>\n<\/div>\n<\/div>\n<div>\u00a0<\/div>\n<div>\u00a0<\/div>\n<div>\n<div>\n<div class=\"rvps0\" style=\"text-align: center;\"><b>13\/11\/2001<\/b><\/div>\n<div class=\"rvps0\" style=\"text-align: center;\">Recensione del sito sulla rivista\u00a0<b>PC Pratico\u00a0<\/b>n.11 di Novembre 2001 alla pagina 22.<\/div>\n<div class=\"rvps0\" style=\"text-align: center;\">Il sito e&#8217; stato recensito dalla rivista che tratta di computer e informatica nella sezione &#8220;UPDATE Internet&#8221; Musica &amp; Web.<\/div>\n<div>\u00a0<\/div>\n<div class=\"rvps1\"><a href=\"http:\/\/www.futura-ge.com\/\" target=\"_blank\" rel=\"noopener\"><img decoding=\"async\" class=\"aligncenter\" src=\"https:\/\/www.amadeux.net\/sublimen\/informazioni\/recens1.gif\" alt=\"\" title=\"\"><\/a><\/div>\n<\/div>\n<\/div>\n<div>\u00a0<\/div>\n<div>\u00a0<\/div>\n<div>\n<div>\n<div class=\"rvps0\" style=\"text-align: center;\"><b>07\/11\/2001<\/b><\/div>\n<div class=\"rvps0\" style=\"text-align: center;\">Recensione del sito su\u00a0<b>Yahoo!<\/b>\u00a0Italia con inserimento nella pagina delle Novita&#8217; e nei migliori siti della settimana.<\/div>\n<div class=\"rvps1\" style=\"text-align: center;\"><span class=\"rvts24\"><b>Miglior sito della settimana.<\/b><\/span><\/div>\n<p><\/p>\n<div class=\"rvps1\" style=\"text-align: center;\"><a href=\"http:\/\/www.yahoo.it\/\" target=\"_blank\" rel=\"noopener\"><img decoding=\"async\" src=\"https:\/\/www.amadeux.net\/sublimen\/informazioni\/segnalato2.gif\" alt=\"\" title=\"\"><\/a><\/div>\n<\/div>\n<\/div>\n<div>\u00a0<\/div>\n<div>\u00a0<\/div>\n<div>\n<div>\n<div class=\"rvps0\" style=\"text-align: center;\"><b>03\/10\/2001<\/b><\/div>\n<div class=\"rvps0\" style=\"text-align: center;\">Recensione del sito su\u00a0<b>Virgilio<\/b><\/div>\n<div class=\"rvps1\" style=\"text-align: center;\"><span class=\"rvts24\"><b>Recensione su Virgilio<\/b><\/span><\/div>\n<p><\/p>\n<div class=\"rvps1\"><a href=\"http:\/\/www.virgilio.it\/\" target=\"_blank\" rel=\"noopener\"><img decoding=\"async\" class=\"aligncenter\" src=\"https:\/\/www.amadeux.net\/sublimen\/informazioni\/scud_o1.gif\" alt=\"\" title=\"\"><\/a><\/div>\n<div>\n<div id=\"table_3\">\u00a0<\/div>\n<p><\/p>\n<div class=\"rvps1\">E&#8217; possibile scaricare ed utilizzare, ai fini informativi e di recensione, qualsiasi elemento di questo sito e dei siti del\u00a0<a class=\"rvts4\" href=\"http:\/\/www.amadeux.it\/\" target=\"_blank\" rel=\"noopener\">network Amadeux Multimedia<\/a>.<\/div>\n<div class=\"rvps1\">L&#8217;unica cosa che chiediamo e&#8217; l&#8217;invio di una email di avviso all&#8217;indirizzo:\u00a0<a class=\"rvts4\" href=\"mailto:info@amadeux.net\">info@amadeux.net<\/a> \u00a0<\/div>\n<div>\u00a0<\/div>\n<\/div>\n<div>\n<div class=\"rvps1\" style=\"text-align: center;\"><b>Articoli e materiale sul subliminale scaricabili nei diversi formati:<\/b><\/div>\n<div>\u00a0<\/div>\n<div>\n<div id=\"table_4\">\n<div class=\"rvps0\">Articolo sul subliminale<\/div>\n<div class=\"rvps0\">(Alan Perz 31\/08\/2001)<\/div>\n<div class=\"rvps0\"><img decoding=\"async\" src=\"https:\/\/www.amadeux.net\/sublimen\/informazioni\/sve.gif\" alt=\"\" title=\"\"><\/div>\n<div class=\"rvps0\"><a class=\"rvts4\" href=\"http:\/\/www.sublimen.com\/subliminale\/subarticolo.pdf\" target=\"_blank\" rel=\"noopener\">subarticolo.pdf<\/a><\/div>\n<div class=\"rvps0\">(75 KBytes)<\/div>\n<div class=\"rvps0\"><img decoding=\"async\" src=\"https:\/\/www.amadeux.net\/sublimen\/informazioni\/sve.gif\" alt=\"\" title=\"\"><\/div>\n<div class=\"rvps0\"><a class=\"rvts4\" href=\"http:\/\/www.sublimen.com\/subliminale\/subarticolo.zip\" target=\"_blank\" rel=\"noopener\">subarticolo.zip<\/a><\/div>\n<div class=\"rvps0\">(17 KBytes)<\/div>\n<div class=\"rvps0\"><img decoding=\"async\" src=\"https:\/\/www.amadeux.net\/sublimen\/informazioni\/sve.gif\" alt=\"\" title=\"\"><\/div>\n<div class=\"rvps0\"><a class=\"rvts4\" href=\"http:\/\/www.sublimen.com\/subliminale\/subarticolo.doc\" target=\"_blank\" rel=\"noopener\">subarticolo.doc<\/a><\/div>\n<div class=\"rvps0\">(47 KBytes)<\/div>\n<div>\u00a0<\/div>\n<\/div>\n<\/div>\n<p>&nbsp;<\/p>\n<\/div>\n<\/div>\n<\/div>\n","protected":false},"excerpt":{"rendered":"<p>Segnalazioni, Pubblicazioni &amp; Recensioni Informazioni disponibili su recensioni e segnalazioni relative al sito \u00a0 \u00a0 8\/09\/2008 Segnalazione e recensione della collaborazione sul sito di Italo Cillo\u00a0Meditazioneguidata.it \u00a0 \u00a0 \u00a0 Collaborazione con Italo Cillo per sonorit\u00e0 CD &hellip; <a class=\"kt-excerpt-readmore\" href=\"https:\/\/www.audioterapia.net\/sublimen\/info\/recensioni-segnalazioni-e-pubblicazioni\/\" aria-label=\"Recensioni, Segnalazioni e Pubblicazioni\">Continua a leggere<\/a><\/p>\n","protected":false},"author":1,"featured_media":0,"parent":19,"menu_order":0,"comment_status":"closed","ping_status":"closed","template":"","meta":{"_lmt_disableupdate":"","_lmt_disable":"","footnotes":""},"categories":[118],"tags":[],"class_list":["post-4260","page","type-page","status-publish","hentry","category-info"],"_links":{"self":[{"href":"https:\/\/www.audioterapia.net\/sublimen\/wp-json\/wp\/v2\/pages\/4260","targetHints":{"allow":["GET"]}}],"collection":[{"href":"https:\/\/www.audioterapia.net\/sublimen\/wp-json\/wp\/v2\/pages"}],"about":[{"href":"https:\/\/www.audioterapia.net\/sublimen\/wp-json\/wp\/v2\/types\/page"}],"author":[{"embeddable":true,"href":"https:\/\/www.audioterapia.net\/sublimen\/wp-json\/wp\/v2\/users\/1"}],"replies":[{"embeddable":true,"href":"https:\/\/www.audioterapia.net\/sublimen\/wp-json\/wp\/v2\/comments?post=4260"}],"version-history":[{"count":0,"href":"https:\/\/www.audioterapia.net\/sublimen\/wp-json\/wp\/v2\/pages\/4260\/revisions"}],"up":[{"embeddable":true,"href":"https:\/\/www.audioterapia.net\/sublimen\/wp-json\/wp\/v2\/pages\/19"}],"wp:attachment":[{"href":"https:\/\/www.audioterapia.net\/sublimen\/wp-json\/wp\/v2\/media?parent=4260"}],"wp:term":[{"taxonomy":"category","embeddable":true,"href":"https:\/\/www.audioterapia.net\/sublimen\/wp-json\/wp\/v2\/categories?post=4260"},{"taxonomy":"post_tag","embeddable":true,"href":"https:\/\/www.audioterapia.net\/sublimen\/wp-json\/wp\/v2\/tags?post=4260"}],"curies":[{"name":"wp","href":"https:\/\/api.w.org\/{rel}","templated":true}]}}