{"id":5089,"date":"2025-04-20T11:18:33","date_gmt":"2025-04-20T09:18:33","guid":{"rendered":"https:\/\/www.audioterapia.net\/sublimen\/?page_id=5089"},"modified":"2025-04-20T11:20:40","modified_gmt":"2025-04-20T09:20:40","slug":"legge-naturale-dellottava-cosmica","status":"publish","type":"page","link":"https:\/\/www.audioterapia.net\/sublimen\/dossier\/legge-naturale-dellottava-cosmica\/","title":{"rendered":"Legge naturale dell\u2019Ottava Cosmica"},"content":{"rendered":"<div class=\"rvps1\">\n<p style=\"text-align: center;\"><img loading=\"lazy\" decoding=\"async\" class=\"aligncenter size-full wp-image-5092\" src=\"https:\/\/www.audioterapia.net\/sublimen\/wp-content\/uploads\/legge-ottava-cosmica.jpg\" alt=\"Legge naturale dell\u2019Ottava Cosmica\" width=\"1279\" height=\"482\" title=\"\" srcset=\"https:\/\/www.audioterapia.net\/sublimen\/wp-content\/uploads\/legge-ottava-cosmica.jpg 1279w, https:\/\/www.audioterapia.net\/sublimen\/wp-content\/uploads\/legge-ottava-cosmica-300x113.jpg 300w, https:\/\/www.audioterapia.net\/sublimen\/wp-content\/uploads\/legge-ottava-cosmica-1024x386.jpg 1024w, https:\/\/www.audioterapia.net\/sublimen\/wp-content\/uploads\/legge-ottava-cosmica-768x289.jpg 768w\" sizes=\"auto, (max-width: 1279px) 100vw, 1279px\" \/><\/p>\n<p>&nbsp;<\/p>\n<h2 style=\"text-align: center;\">La legge naturale dell\u2019<b>Ottava<\/b> Cosmica<\/h2>\n<\/div>\n<div>\n<div id=\"table_2\">\n<div>\u00a0<\/div>\n<div>compilato da Alan Perz<\/div>\n<\/div>\n<\/div>\n<div>\n<div class=\"rvps1\">\n<div>\u00a0<\/div>\n<div class=\"rvps0\">Nel 1978 il matematico svizzero e ricercatore musicale\u00a0<b>Hans Cousto<\/b>\u00a0ha scoperto la legge naturale<\/div>\n<div class=\"rvps0\">dell\u2019ottava cosmica per il collegamento dei diversi tipi di fenomeni naturali che si manifestano<\/div>\n<div class=\"rvps0\">periodicamente, come i cicli dei pianeti, il tempo, la luce colorata o i ritmi musicali e i suoni.<\/div>\n<div>\u00a0<\/div>\n<div class=\"rvps0\">Con la formula dell\u2019ottava cosmica<strong> f2n<\/strong> (raddoppiamento o dimezzamento multiplo di una frequenza) Hans Cousto ha trasportato i periodi astronomici e dei fenomeni naturali nel settore dei suoni percettibili.<\/div>\n<div>\u00a0<\/div>\n<div class=\"rvps0\">per esempio:<\/div>\n<div>\u00a0<\/div>\n<div class=\"rvps0\">La frequenza della rotazione della terra:<\/div>\n<div>\u00a0<\/div>\n<div class=\"rvps0\">Periodo: 1 giorno (24 ore \/ 60 minuti \/ 60 secondi = 86 400 secondi)<\/div>\n<div class=\"rvps0\">La frequenza della rotazione della terra attorno al proprio asse:<\/div>\n<div class=\"rvps0\">1 : 86 400 seconds = 0,000011574 Hz (Vibrazioni al secondo)<\/div>\n<div class=\"rvps0\">Questa frequenza raddoppiata a pi\u00f9 riprese fino alla gamma media:<\/div>\n<div class=\"rvps0\">0.000011574 Hz x 2^24= 194.18 Hz (2^24 significa raddoppiamento di 24 volte).<\/div>\n<div>\u00a0<\/div>\n<div class=\"rvps0\">Difficilmente pu\u00f2 esservi una societ\u00e0 in cui non esista cenno del suono universale e dell\u2019armonia delle sfere. Nell\u2019india occidentale l\u2019inizio di tutte le cose \u00e8\u00a0<b>\u201cNada\u201d<\/b>, il tono originale. Essi parlano di \u201cBrahma Nada\u201d, che significa: la parola \u00e8 suono. In India e in Tibet il suono eterno \u00e8 l\u2019<b>OM<\/b>. La sillaba OM \u00e8 il mantra pi\u00f9 sacro che ci sia, ed anche il simbolo della frequenza originale dell\u2019Universo e dell\u2019esistenza.<\/div>\n<div>\u00a0<\/div>\n<div class=\"rvps0\">Nell\u2019antica Grecia c\u2019erano molte testimonianze sul suono delle sfere. Cos\u00ec scrive\u00a0<b>Platone<\/b>\u00a0alla fine del 13\u00b0 libro della legge: Ogni figura, ogni fila di numeri e ogni combinazione armonica di suoni, come l\u2019 armonia dei cicli dei corpi celesti con l\u2019Uno e tutto quel che si manifesta, tutto ci\u00f2 deve diventare estremamente chiaro a colui che cerca nel giusto modo. Quello di cui parliamo apparir\u00e0 chiaro a chi si sforza di riconoscerlo purch\u00e9 non perda di vista l\u2019Uno. E\u2019 allora che apparir\u00e0 evidente il collegamento con gli Uni nominati.<\/div>\n<div>\u00a0<\/div>\n<div class=\"rvps0\">Tale collegamento \u00e8 la legge naturale dell\u2019ottava. Applicando sistematicamente questa legge a tutti i fenomeni periodici \u00e8 possibile ascoltare la relazione di vibrazione dei pianeti e anche le strutture dei differenti atomi e molecole.<\/div>\n<div>\u00a0<\/div>\n<div class=\"rvps0\">Nel 1946\u00a0<b>Hermann Hesse<\/b>\u00a0ricevette il Nobel per la letteratura per il suo libro: \u201cIl Gioco Delle Perle Di Vetro\u201d. I principi del gioco delle perle di vetro erano: \u201c\u2026un nuovo linguaggio, un segno e una formula in cui matematica e musica partecipino equamente, rendendo possibile combinare formule matematiche e musicali, un denominatore comune tra matematica e musica.\u201d<\/div>\n<div>\u00a0<\/div>\n<div class=\"rvps0\">E\u2019 la legge naturale delle ottave questo principio in cui matematica e musica partecipano equamente. Questa legge rende possibile la combinazione delle formule astronomiche e musicali. Essa \u00e8 il denominatore comune tra astronomia, matematica, musica e colore. Tramite la legge delle ottave \u00e8 possibile convertire l\u2019intero sistema solare in suono. Il numero di ottave fornisce la \u201cscala\u201d di riferimento. Allo stesso modo in cui una mappa in scala ti permette di visualizzare una vasta area geografica. La legge delle ottave dimostra i rapporti e le relazioni.<\/div>\n<div>\u00a0<\/div>\n<div class=\"rvps0\">Ogni frequenza entra in\u00a0<b>risonanza<\/b>\u00a0(e quindi si accorda ed \u00e8 in armonia) con ogni altra frequenza il cui valore sia multiplo o sottomultiplo della frequenza di partenza. Perci\u00f2 tutte le frequenze multiple o sottomultiple rendono la stessa nota nelle diverse ottave. Ad es. raddoppiando i 261 Hz che rendono il DO centrale temperato della tastiera di un pianoforte si hanno 522 Hz, frequenza che corrisponde al DO dell\u2019ottava immediatamente superiore. Il suono (tono) \u00e8 lo stesso ma pi\u00f9 acuto e le due note risuonano assieme. Esse sono definite perci\u00f2 \u201carmoniche\u201d tra loro.<\/div>\n<div>\u00a0<\/div>\n<div class=\"rvps0\">L\u2019ottava \u00e8 l\u2019intervallo musicale fondamentale nella concezione generale dell\u2019armonia. Le sequenze di note come i nomi delle note stesse si ripetono di ottava in ottava. La differenza di un ottava \u00e8 quella che causa la risonanza maggiore a parit\u00e0 di energia. Questa particolare propriet\u00e0 dell\u2019ottava \u00e8 la ragione per cui le sue leggi si applicano non solo alla banda delle frequenze udibili ma anche a tutti i fenomeni periodici come la rotazione terrestre o le orbite dei pianeti.<\/div>\n<div>\u00a0<\/div>\n<div class=\"rvps0\">La conoscenza del magico effetto dell\u2019ottava \u00e8 molto antica. Una delle misteriose iscrizioni sul capitello della chiesa dell\u2019abbazia di\u00a0<b>Cluny<\/b>\u00a0in Francia recita: \u201cOctavus Sanctus Omnes Decet Esse Beatos\u201d \u2013 \u201cL\u2019ottava insegna la santa beatitudine\u201d.<\/div>\n<div>\u00a0<\/div>\n<div class=\"rvps0\">Anche la\u00a0<b>Natura<\/b>\u00a0rispetta la legge dell\u2019ottava. Tant\u2019\u00e8 che gli impulsi elettromagnetici nell\u2019atmosfera terrestre per lo pi\u00f9 hanno frequenze che sono ottave esatte della rotazione terrestre. Le cosiddette atmosfere sono impulsi elettromagnetici molto attenuati e passeggeri che influenzano il tempo meteorologico.<\/div>\n<\/div>\n<div>\u00a0<\/div>\n<\/div>\n","protected":false},"excerpt":{"rendered":"<p>&nbsp; La legge naturale dell\u2019Ottava Cosmica \u00a0 compilato da Alan Perz \u00a0 Nel 1978 il matematico svizzero e ricercatore musicale\u00a0Hans Cousto\u00a0ha scoperto la legge naturale dell\u2019ottava cosmica per il collegamento dei diversi tipi di fenomeni naturali &hellip; <a class=\"kt-excerpt-readmore\" href=\"https:\/\/www.audioterapia.net\/sublimen\/dossier\/legge-naturale-dellottava-cosmica\/\" aria-label=\"Legge naturale dell\u2019Ottava Cosmica\">Continua a leggere<\/a><\/p>\n","protected":false},"author":1,"featured_media":0,"parent":2935,"menu_order":0,"comment_status":"closed","ping_status":"closed","template":"","meta":{"_lmt_disableupdate":"","_lmt_disable":"","footnotes":""},"categories":[112],"tags":[],"class_list":["post-5089","page","type-page","status-publish","hentry","category-dossier"],"_links":{"self":[{"href":"https:\/\/www.audioterapia.net\/sublimen\/wp-json\/wp\/v2\/pages\/5089","targetHints":{"allow":["GET"]}}],"collection":[{"href":"https:\/\/www.audioterapia.net\/sublimen\/wp-json\/wp\/v2\/pages"}],"about":[{"href":"https:\/\/www.audioterapia.net\/sublimen\/wp-json\/wp\/v2\/types\/page"}],"author":[{"embeddable":true,"href":"https:\/\/www.audioterapia.net\/sublimen\/wp-json\/wp\/v2\/users\/1"}],"replies":[{"embeddable":true,"href":"https:\/\/www.audioterapia.net\/sublimen\/wp-json\/wp\/v2\/comments?post=5089"}],"version-history":[{"count":5,"href":"https:\/\/www.audioterapia.net\/sublimen\/wp-json\/wp\/v2\/pages\/5089\/revisions"}],"predecessor-version":[{"id":5095,"href":"https:\/\/www.audioterapia.net\/sublimen\/wp-json\/wp\/v2\/pages\/5089\/revisions\/5095"}],"up":[{"embeddable":true,"href":"https:\/\/www.audioterapia.net\/sublimen\/wp-json\/wp\/v2\/pages\/2935"}],"wp:attachment":[{"href":"https:\/\/www.audioterapia.net\/sublimen\/wp-json\/wp\/v2\/media?parent=5089"}],"wp:term":[{"taxonomy":"category","embeddable":true,"href":"https:\/\/www.audioterapia.net\/sublimen\/wp-json\/wp\/v2\/categories?post=5089"},{"taxonomy":"post_tag","embeddable":true,"href":"https:\/\/www.audioterapia.net\/sublimen\/wp-json\/wp\/v2\/tags?post=5089"}],"curies":[{"name":"wp","href":"https:\/\/api.w.org\/{rel}","templated":true}]}}